{"id":8,"date":"2015-10-08T19:22:36","date_gmt":"2015-10-08T17:22:36","guid":{"rendered":"https:\/\/www.basketclubs.es\/newyork\/?page_id=8"},"modified":"2016-12-12T11:45:35","modified_gmt":"2016-12-12T09:45:35","slug":"sport-centers","status":"publish","type":"page","link":"https:\/\/www.basketclubs.es\/newyork\/sport-centers\/","title":{"rendered":"Instalaciones"},"content":{"rendered":"<p>Todas las pr\u00e1cticas y los partidos en casa se llevan a cabo en el pabell\u00f3n deportivo del Madison Square Garden que se encuentra en el barrio de Manhattan en Nueva York.<\/p>\n<p>Hist\u00f3ricamente son cuatro lo edificios que constituyen el Madison Square Garden . Los dos primeros se encuentran al norte de Madison Square ( en la avenida Madison y la calle 26 ) es donde obtenemos el nombre de la sala . M\u00e1s tarde, un nuevo Jard\u00edn de 15.000 asientos ( abiertas 15 de diciembre 1925 ) fue constru\u00edda en la calle 50 y la avenida octava , y la corriente de jard\u00edn (abierto 11 de febrero 1968 ) fue construido en la avenida 7 entre 31 y 33 calles , cerca de la estaci\u00f3n de Pennsylvania . El ambiente actual es conocido extraoficialmente como \u00a0\u00abArena\u00bb en todo el mundo. \u00a0El jard\u00edn es actualmente el \u00e1mbito funcional m\u00e1s antiguo de la Liga Nacional de Hockey.<\/p>\n","protected":false},"excerpt":{"rendered":"<p>Todas las pr\u00e1cticas y los partidos en casa se llevan a cabo en el pabell\u00f3n deportivo del Madison Square Garden que se encuentra en el barrio de Manhattan en Nueva York. Hist\u00f3ricamente son cuatro lo edificios que constituyen el Madison Square Garden . Los dos primeros se encuentran al norte de Madison Square ( en [&hellip;]<\/p>\n","protected":false},"author":3,"featured_media":0,"parent":0,"menu_order":0,"comment_status":"closed","ping_status":"closed","template":"page-templates\/page-sport-centers.php","meta":{"footnotes":""},"class_list":["post-8","page","type-page","status-publish","hentry"],"_links":{"self":[{"href":"https:\/\/www.basketclubs.es\/newyork\/wp-json\/wp\/v2\/pages\/8","targetHints":{"allow":["GET"]}}],"collection":[{"href":"https:\/\/www.basketclubs.es\/newyork\/wp-json\/wp\/v2\/pages"}],"about":[{"href":"https:\/\/www.basketclubs.es\/newyork\/wp-json\/wp\/v2\/types\/page"}],"author":[{"embeddable":true,"href":"https:\/\/www.basketclubs.es\/newyork\/wp-json\/wp\/v2\/users\/3"}],"replies":[{"embeddable":true,"href":"https:\/\/www.basketclubs.es\/newyork\/wp-json\/wp\/v2\/comments?post=8"}],"version-history":[{"count":4,"href":"https:\/\/www.basketclubs.es\/newyork\/wp-json\/wp\/v2\/pages\/8\/revisions"}],"predecessor-version":[{"id":583,"href":"https:\/\/www.basketclubs.es\/newyork\/wp-json\/wp\/v2\/pages\/8\/revisions\/583"}],"wp:attachment":[{"href":"https:\/\/www.basketclubs.es\/newyork\/wp-json\/wp\/v2\/media?parent=8"}],"curies":[{"name":"wp","href":"https:\/\/api.w.org\/{rel}","templated":true}]}}