{"id":617,"date":"2017-01-20T15:44:29","date_gmt":"2017-01-20T13:44:29","guid":{"rendered":"https:\/\/www.basketclubs.es\/newyork\/?page_id=617"},"modified":"2020-07-03T09:20:32","modified_gmt":"2020-07-03T07:20:32","slug":"store","status":"publish","type":"page","link":"https:\/\/www.basketclubs.es\/newyork\/store\/","title":{"rendered":"Tienda"},"content":{"rendered":"<p>\u00a1Bienvenid@ a nuestra tienda online!\u00a0(*)<\/p>\n<p>Equ\u00edpate con los productos de nuestro club usando una tienda online sencilla e intuitiva.<\/p>\n<p>Selecciona los art\u00edculos que desees, \u00e9stos se a\u00f1adir\u00e1n a la cesta y, por \u00faltimo, rellena el formulario de contacto. Recibir\u00e1s un email de confirmaci\u00f3n del pedido.<\/p>\n<p>\u00a1Gracias!<\/p>\n<p>(*) Esta tienda online es ficticia y es usada para la demostraci\u00f3n de la funcionalidad de \u00abTienda online\u00bb de la plataforma BasketClubs.es<\/p>\n","protected":false},"excerpt":{"rendered":"<p>\u00a1Bienvenid@ a nuestra tienda online!\u00a0(*) Equ\u00edpate con los productos de nuestro club usando una tienda online sencilla e intuitiva. Selecciona los art\u00edculos que desees, \u00e9stos se a\u00f1adir\u00e1n a la cesta y, por \u00faltimo, rellena el formulario de contacto. Recibir\u00e1s un email de confirmaci\u00f3n del pedido. \u00a1Gracias! (*) Esta tienda online es ficticia y es usada [&hellip;]<\/p>\n","protected":false},"author":4,"featured_media":0,"parent":0,"menu_order":0,"comment_status":"closed","ping_status":"closed","template":"","meta":{"footnotes":""},"class_list":["post-617","page","type-page","status-publish","hentry"],"_links":{"self":[{"href":"https:\/\/www.basketclubs.es\/newyork\/wp-json\/wp\/v2\/pages\/617","targetHints":{"allow":["GET"]}}],"collection":[{"href":"https:\/\/www.basketclubs.es\/newyork\/wp-json\/wp\/v2\/pages"}],"about":[{"href":"https:\/\/www.basketclubs.es\/newyork\/wp-json\/wp\/v2\/types\/page"}],"author":[{"embeddable":true,"href":"https:\/\/www.basketclubs.es\/newyork\/wp-json\/wp\/v2\/users\/4"}],"replies":[{"embeddable":true,"href":"https:\/\/www.basketclubs.es\/newyork\/wp-json\/wp\/v2\/comments?post=617"}],"version-history":[{"count":11,"href":"https:\/\/www.basketclubs.es\/newyork\/wp-json\/wp\/v2\/pages\/617\/revisions"}],"predecessor-version":[{"id":781,"href":"https:\/\/www.basketclubs.es\/newyork\/wp-json\/wp\/v2\/pages\/617\/revisions\/781"}],"wp:attachment":[{"href":"https:\/\/www.basketclubs.es\/newyork\/wp-json\/wp\/v2\/media?parent=617"}],"curies":[{"name":"wp","href":"https:\/\/api.w.org\/{rel}","templated":true}]}}