{"id":46,"date":"2014-12-04T17:12:24","date_gmt":"2014-12-04T16:12:24","guid":{"rendered":"http:\/\/tst.basketclubs.be\/?page_id=162"},"modified":"2014-12-04T17:12:24","modified_gmt":"2014-12-04T16:12:24","slug":"condiciones-generales-de-uso-del-sitio-del-club","status":"publish","type":"page","link":"https:\/\/www.basketclubs.es\/ligamayorbaloncestorey\/condiciones-generales-de-uso-del-sitio-del-club\/","title":{"rendered":"Condiciones Generales de Uso del Sitio del Club"},"content":{"rendered":"<div style=\"text-align: left\">El sitio web que est\u00e1 visitando es un sitio realizado gracias al servicio <a href=\"https:\/\/www.basketclubs.es\/\"><i>BasketClubs.es<\/i><\/a> ofrecido por<a href=\"http:\/\/www.alleyoop.be\/\"> Alley Oop<\/a> (abreviado y en adelante <i>Alley Oop<\/i>), inscrita en el Banco Belga de Empresas con el n\u00famero BE \u2013 05544.776.645 y cuya sede social se halla en la Rue du Travail 109, B-5000 Namur, B\u00e9lgica. <i>Alley Oop<\/i> es una oficina de desarrollo inform\u00e1tico y de comunicaci\u00f3n dedicada al deporte y que suministra servicios y productos profesionales a atletas, clubes, federaciones deportivas y cualquier otra organizaci\u00f3n ligada al deporte.<\/p>\n<p>Este sitio es utilizado por el club o el equipo de baloncesto LIGA MAYOR DE BASQUETBOL DE REYNOSA  (en adelante <i>el Club<\/i>), que es responsable de la edici\u00f3n de su contenido y que se ha adherido previamente a las <a href=\"https:\/\/www.basketclubs.es\/condiciones-generales-de-uso-del-sitio-del-club\" target=\"_blank\">Condiciones Generales de Uso del Servicio<\/a>, las cuales prev\u00e9n de manera detallada las condiciones de acceso y de utilizaci\u00f3n del servicio <a href=\"https:\/\/www.basketclubs.es\/\"><i>BasketClubs.es<\/i><\/a>.<\/p>\n<p><i>Alley Oop<\/i> proporciona el acceso a y la utilizaci\u00f3n de dicho servicio. Dicho acceso y utilizaci\u00f3n est\u00e1n sujetos a las siguientes condiciones: al utilizar el sitio, acepta estar sujeto\/a a las presentes modalidades, as\u00ed como a la pol\u00edtica de protecci\u00f3n de la vida privada detallada m\u00e1s adelante, modalidades que entrar\u00e1n en vigor inmediatamente en el momento de su primera utilizaci\u00f3n. Si no acepta estar sujeto\/a por las modalidades siguientes, le rogamos no acceda a y\/o utilice este sitio.<\/p>\n<h2><b>Art\u00edculo 1 &#8211; Descripci\u00f3n del sitio<\/b><\/h2>\n<p><i>El Club<\/i> ofrece en este sitio un conjunto de informaciones sobre s\u00ed mismo con el objetivo de presentar y promocionar la asociaci\u00f3n, sus actividades y sus patrocinadores\/as.<\/p>\n<h2><b>Art\u00edculo 2 &#8211; Limitaci\u00f3n de responsabilidad<\/b><\/h2>\n<p><i>El Club<\/i> se esfuerza en ofrecer a sus visitantes, en este sitio, la informaci\u00f3n lo m\u00e1s fiable y de mayor calidad posible. Sin embargo, dicha informaci\u00f3n se ofrece a t\u00edtulo informativo, sin garant\u00eda alguna m\u00e1s all\u00e1 de aquellas previstas taxativamente por la ley.<\/p>\n<p>Ni <i>el Club<\/i> ni <i>Alley Oop<\/i> pueden garantizar tampoco que el acceso a las funciones y al contenido del presente sitio no ser\u00e1n interrumpidos o estar\u00e1n exentos de errores, que todos los defectos ser\u00e1n corregidos o que el sitio o el servidor que lo hacen accesible estar\u00e1n exentos de virus o de fallos.<\/p>\n<p>En consecuencia, el\/la visitante reconoce utilizar estas informaciones bajo su responsabilidad exclusiva.<\/p>\n<p>Ni <i>el Club <\/i>ni <i>Alley Oop<\/i> podr\u00e1n pues ser considerados responsables de los da\u00f1os directos o indirectos, sufridos por aquellos\/as visitantes o terceros a causa de la informaci\u00f3n difundida en el sitio y, de manera m\u00e1s general, de la consulta o utilizaci\u00f3n del sitio.<\/p>\n<h2><b>Art\u00edculo 3 &#8211; V\u00ednculos hacia otros sitios<\/b><\/h2>\n<p>Si este sitio ofrece v\u00ednculos hacia otros sitios, incluidos sitios de clubes que utilizan el servicio <i>BasketClubs.es<\/i>, dichos v\u00ednculos se le ofrecen a t\u00edtulo puramente informativo. Le aconsejamos, cuando entre en dichos sitios, que lea atentamente su pol\u00edtica de privacidad y de responsabilidad respecto a su contenido. Ni <i>el Club <\/i>ni <i>Alley Oop<\/i> podr\u00e1n en ning\u00fan caso ser considerados responsables del contenido del sitio o de las pr\u00e1cticas del\/de la propietario\/a o del\/de la operador\/a de dichos sitios.<\/p>\n<h2><b>Art\u00edculo 4 &#8211; Propiedad intelectual<\/b><\/h2>\n<p>El sitio y su contenido est\u00e1n protegidos por el derecho belga y europeo sobre la propiedad intelectual, en particular los Reglamentos europeos sobre patentes, sobre la marca Comunitaria, sobre los dise\u00f1os y modelos comunitarios, as\u00ed como por la ley belga sobre patentes, la Convenci\u00f3n Benelux en materia de propiedad intelectual (marcas y dise\u00f1os o modelos), la ley belga sobre los derechos de autor\/a y derechos afines, la ley de protecci\u00f3n de bases de datos y la ley de protecci\u00f3n de programas de ordenador.<\/p>\n<p>Todos los textos, dibujos, fotos, pel\u00edculas, gr\u00e1ficos, dise\u00f1os o cualquier otro elemento gr\u00e1fico del presente sitio est\u00e1n pues protegidos por derechos de propiedad intelectual, incluidos los derechos de autor\/a. Dichos derechos no se otorgan en ning\u00fan caso en licencia ni son cedidos a terceros. Est\u00e1 estrictamente prohibida cualquier copia, adaptaci\u00f3n, traducci\u00f3n, arreglo, comunicaci\u00f3n al p\u00fablico o cualquier otra explotaci\u00f3n o modificaci\u00f3n de todo o parte de este sitio en cualquier forma y por cualquier medio, electr\u00f3nico, mec\u00e1nico u otro, salvo acuerdo previo y escrito del\/de la titular del derecho.<\/p>\n<p>Cualquier infracci\u00f3n de dichos derechos podr\u00e1 conllevar persecuciones civiles e incluso penales conforme al derecho belga y europeo.<\/p>\n<p><i>Alley Oop<\/i> es una marca registrada, sobra la cual detenta todos los derechos exclusivos de explotaci\u00f3n. El\/la visitante se compromete pues a no menoscabar en modo alguno la marca y a no hacer uso alguno de ella sin la autorizaci\u00f3n formal y previa de <i>Alley Oop<\/i>.<\/p>\n<h2><b>Art\u00edculo 5 &#8211; Pol\u00edtica de protecci\u00f3n de la vida privada<\/b><\/h2>\n<p>El tratamiento de datos de car\u00e1cter personal relativos a este sitio est\u00e1 sujeto a la ley belga (Ley del 8 de diciembre de 1992 relativa a la protecci\u00f3n de la vida privada referente al trato de datos de car\u00e1cter personal, modificada por la Ley del 11 de diciembre de 1998 que aplica la directiva 95\/46\/CE del 24 de octubre de 1995 del Parlamento europeo y del Consejo relativo a la protecci\u00f3n de las personas f\u00edsicas en relaci\u00f3n al tratamiento de datos de car\u00e1cter personal y a la libre circulaci\u00f3n de dichos datos).<\/p>\n<p>Puede usted visitar este sitio sin revelar sus datos personales. <i>Alley Oop<\/i> utiliza una herramienta de estad\u00edsticas que encuentra el rastro de las direcciones de Internet de los dominios desde los cuales los\/as internautas visitan sus sitios y que analiza esos datos con fines de evaluaci\u00f3n, lo que constituye una utilizaci\u00f3n conforme a la ley. Cada usuario\/a individual permanece sin embargo an\u00f3nimo\/a.<\/p>\n<p>Ninguna informaci\u00f3n personal transmitida al <i>Club<\/i> y recogida mediante el formulario de contacto ser\u00e1 conservada en los ficheros de aqu\u00e9l o de <i>Alley Oop. <\/i><\/p>\n<p>Dicha informaci\u00f3n ser\u00e1 utilizada exclusivamente por el <i>Club <\/i>con el fin de suministrarle a usted el servicio solicitado.<\/p>\n<p><i>El Club <\/i>y <i>Alley Oop<\/i> no divulgar\u00e1n ninguna informaci\u00f3n personal o individual identificable a ning\u00fan tercero sin su acuerdo expreso previo. Estos datos no ser\u00e1n tampoco utilizados con fines de m\u00e1rketing directo.<\/p>\n<p>En todos los casos, al utilizar el presente sitio, usted acepta la pol\u00edtica de protecci\u00f3n de la vida privada.<\/p>\n<h2><b>Art\u00edculo 6 &#8211; Cookies<\/b><\/h2>\n<p>Las cookies son peque\u00f1os ficheros que quedan registrados en el disco duro de su ordenador cuando usted visita un sitio de Internet. \u00c9stos permiten en particular el registro de preferencias ling\u00fc\u00edsticas del\/de la internauta, una presentaci\u00f3n gr\u00e1fica \u00f3ptima o el buen funcionamiento de una aplicaci\u00f3n de Internet.<\/p>\n<p>Este sitio s\u00f3lo utiliza cookies que presentan un riesgo d\u00e9bil para el\/la internauta, lo cual, seg\u00fan la ley belga relativa a las comunicaciones electr\u00f3nicas del 13 de junio de 2005, no requiere consentimiento alguno por su parte.<\/p>\n<p>No obstante, conforme al art\u00edculo 129, 1\u00ba de la ley, <i>Alley Oop<\/i> quisiera informarle de la utilizaci\u00f3n de dichas cookies. Si usted no desea que el sitio de Internet instale cookies en su ordenador, puede usted cambiar los par\u00e1metros y ajustes de su navegador a tal fin.<\/p>\n<h2><b>Art\u00edculo 7 &#8211; Disposiciones finales<\/b><\/h2>\n<p>Si cualquiera de las cl\u00e1usulas de las presentes Condiciones de utilizaci\u00f3n fuese declarada ilegal, nula o inaplicable en virtud del derecho del pa\u00eds en el cual debieran entrar en vigor, dicha cl\u00e1usula ser\u00e1 suprimida sin afectar por ello la validez y la aplicabilidad del resto de las cl\u00e1usulas.<\/p>\n<p>Las presentes condiciones de utilizaci\u00f3n estar\u00e1n regidas y ser\u00e1n interpretadas por el derecho belga o, llegado el caso, por el derecho comunitario europeo.<\/p>\n<p>La tecnolog\u00eda y la legislaci\u00f3n evolucionan. Esta nota legal podr\u00eda por consiguiente, llegado el caso, ser adaptada por <i>Alley Oop<\/i> sin notificaci\u00f3n previa otra que una notificaci\u00f3n en el presente sitio.\n<\/div>\n","protected":false},"excerpt":{"rendered":"<p>El sitio web que est\u00e1 visitando es un sitio realizado gracias al servicio BasketClubs.es ofrecido por Alley Oop (abreviado y en adelante Alley Oop), inscrita en el Banco Belga de Empresas con el n\u00famero BE \u2013 05544.776.645 y cuya sede social se halla en la Rue du Travail 109, B-5000 Namur, B\u00e9lgica. Alley Oop es [&hellip;]<\/p>\n","protected":false},"author":1,"featured_media":0,"parent":0,"menu_order":0,"comment_status":"closed","ping_status":"closed","template":"","meta":{"footnotes":""},"class_list":["post-46","page","type-page","status-publish","hentry"],"_links":{"self":[{"href":"https:\/\/www.basketclubs.es\/ligamayorbaloncestorey\/wp-json\/wp\/v2\/pages\/46","targetHints":{"allow":["GET"]}}],"collection":[{"href":"https:\/\/www.basketclubs.es\/ligamayorbaloncestorey\/wp-json\/wp\/v2\/pages"}],"about":[{"href":"https:\/\/www.basketclubs.es\/ligamayorbaloncestorey\/wp-json\/wp\/v2\/types\/page"}],"author":[{"embeddable":true,"href":"https:\/\/www.basketclubs.es\/ligamayorbaloncestorey\/wp-json\/wp\/v2\/users\/1"}],"replies":[{"embeddable":true,"href":"https:\/\/www.basketclubs.es\/ligamayorbaloncestorey\/wp-json\/wp\/v2\/comments?post=46"}],"version-history":[{"count":0,"href":"https:\/\/www.basketclubs.es\/ligamayorbaloncestorey\/wp-json\/wp\/v2\/pages\/46\/revisions"}],"wp:attachment":[{"href":"https:\/\/www.basketclubs.es\/ligamayorbaloncestorey\/wp-json\/wp\/v2\/media?parent=46"}],"curies":[{"name":"wp","href":"https:\/\/api.w.org\/{rel}","templated":true}]}}