{"id":45,"date":"2014-12-04T17:12:24","date_gmt":"2014-12-04T16:12:24","guid":{"rendered":"http:\/\/tst.basketclubs.be\/?page_id=162"},"modified":"2019-10-18T22:55:38","modified_gmt":"2019-10-18T20:55:38","slug":"condiciones-generales-de-uso-del-sitio-del-club-2","status":"publish","type":"page","link":"https:\/\/www.basketclubs.es\/ligamayorbaloncestorey\/condiciones-generales-de-uso-del-sitio-del-club-2\/","title":{"rendered":"Condiciones Generales de Uso del Sitio del Club"},"content":{"rendered":"<div style=\"text-align: left\">\n<p>El sitio web que est\u00e1 visitando es un sitio realizado gracias al servicio <a href=\"https:\/\/www.basketclubs.es\/\"><i>BasketClubs.es<\/i><\/a> ofrecido por<a href=\"http:\/\/www.alleyoop.be\/\"> Alley Oop<\/a> (abreviado y en adelante <i>Alley Oop<\/i>), inscrita en el Banco Belga de Empresas con el n\u00famero BE \u2013 05544.776.645 y cuya sede social se halla en la Rue du Travail 109, B-5000 Namur, B\u00e9lgica. <i>Alley Oop<\/i> es una oficina de desarrollo inform\u00e1tico y de comunicaci\u00f3n dedicada al deporte y que suministra servicios y productos profesionales a atletas, clubes, federaciones deportivas y cualquier otra organizaci\u00f3n ligada al deporte.<\/p>\n<p>Este sitio es utilizado por el club o el equipo de baloncesto LIGA MAYOR DE BASQUETBOL DE REYNOSA  (en adelante <i>el Club<\/i>), que es responsable de la edici\u00f3n de su contenido y que se ha adherido previamente a las <a href=\"https:\/\/www.basketclubs.es\/condiciones-generales-de-uso-del-sitio-del-club\" target=\"_blank\" rel=\"noopener\">Condiciones Generales de Uso del Servicio<\/a>, las cuales prev\u00e9n de manera detallada las condiciones de acceso y de utilizaci\u00f3n del servicio <a href=\"https:\/\/www.basketclubs.es\/\"><i>BasketClubs.es<\/i><\/a>.<\/p>\n<p><i>Alley Oop<\/i> proporciona el acceso a y la utilizaci\u00f3n de dicho servicio. Dicho acceso y utilizaci\u00f3n est\u00e1n sujetos a las siguientes condiciones: al utilizar el sitio, acepta estar sujeto\/a a las presentes modalidades, as\u00ed como a la pol\u00edtica de protecci\u00f3n de la vida privada detallada m\u00e1s adelante, modalidades que entrar\u00e1n en vigor inmediatamente en el momento de su primera utilizaci\u00f3n. Si no acepta estar sujeto\/a por las modalidades siguientes, le rogamos no acceda a y\/o utilice este sitio.<\/p>\n<h2><b>Art\u00edculo 1 &#8211; Descripci\u00f3n del sitio<\/b><\/h2>\n<p><i>El Club<\/i> ofrece en este sitio un conjunto de informaciones sobre s\u00ed mismo con el objetivo de presentar y promocionar la asociaci\u00f3n, sus actividades y sus patrocinadores\/as.<\/p>\n<h2><b>Art\u00edculo 2 &#8211; Limitaci\u00f3n de responsabilidad<\/b><\/h2>\n<p><i>El Club<\/i> se esfuerza en ofrecer a sus visitantes, en este sitio, la informaci\u00f3n lo m\u00e1s fiable y de mayor calidad posible. Sin embargo, dicha informaci\u00f3n se ofrece a t\u00edtulo informativo, sin garant\u00eda alguna m\u00e1s all\u00e1 de aquellas previstas taxativamente por la ley.<\/p>\n<p>Ni <i>el Club<\/i> ni <i>Alley Oop<\/i> pueden garantizar tampoco que el acceso a las funciones y al contenido del presente sitio no ser\u00e1n interrumpidos o estar\u00e1n exentos de errores, que todos los defectos ser\u00e1n corregidos o que el sitio o el servidor que lo hacen accesible estar\u00e1n exentos de virus o de fallos.<\/p>\n<p>En consecuencia, el\/la visitante reconoce utilizar estas informaciones bajo su responsabilidad exclusiva.<\/p>\n<p>Ni <i>el Club <\/i>ni <i>Alley Oop<\/i> podr\u00e1n pues ser considerados responsables de los da\u00f1os directos o indirectos, sufridos por aquellos\/as visitantes o terceros a causa de la informaci\u00f3n difundida en el sitio y, de manera m\u00e1s general, de la consulta o utilizaci\u00f3n del sitio.<\/p>\n<h2><b>Art\u00edculo 3 &#8211; V\u00ednculos hacia otros sitios<\/b><\/h2>\n<p>Si este sitio ofrece v\u00ednculos hacia otros sitios, incluidos sitios de clubes que utilizan el servicio <i>BasketClubs.es<\/i>, dichos v\u00ednculos se le ofrecen a t\u00edtulo puramente informativo. Le aconsejamos, cuando entre en dichos sitios, que lea atentamente su pol\u00edtica de privacidad y de responsabilidad respecto a su contenido. Ni <i>el Club <\/i>ni <i>Alley Oop<\/i> podr\u00e1n en ning\u00fan caso ser considerados responsables del contenido del sitio o de las pr\u00e1cticas del\/de la propietario\/a o del\/de la operador\/a de dichos sitios.<\/p>\n<h2><b>Art\u00edculo 4 &#8211; Propiedad intelectual<\/b><\/h2>\n<p>El sitio y su contenido est\u00e1n protegidos por el derecho belga y europeo sobre la propiedad intelectual, en particular los Reglamentos europeos sobre patentes, sobre la marca Comunitaria, sobre los dise\u00f1os y modelos comunitarios, as\u00ed como por la ley belga sobre patentes, la Convenci\u00f3n Benelux en materia de propiedad intelectual (marcas y dise\u00f1os o modelos), la ley belga sobre los derechos de autor\/a y derechos afines, la ley de protecci\u00f3n de bases de datos y la ley de protecci\u00f3n de programas de ordenador.<\/p>\n<p>Todos los textos, dibujos, fotos, pel\u00edculas, gr\u00e1ficos, dise\u00f1os o cualquier otro elemento gr\u00e1fico del presente sitio est\u00e1n pues protegidos por derechos de propiedad intelectual, incluidos los derechos de autor\/a. Dichos derechos no se otorgan en ning\u00fan caso en licencia ni son cedidos a terceros. Est\u00e1 estrictamente prohibida cualquier copia, adaptaci\u00f3n, traducci\u00f3n, arreglo, comunicaci\u00f3n al p\u00fablico o cualquier otra explotaci\u00f3n o modificaci\u00f3n de todo o parte de este sitio en cualquier forma y por cualquier medio, electr\u00f3nico, mec\u00e1nico u otro, salvo acuerdo previo y escrito del\/de la titular del derecho.<\/p>\n<p>Cualquier infracci\u00f3n de dichos derechos podr\u00e1 conllevar persecuciones civiles e incluso penales conforme al derecho belga y europeo.<\/p>\n<p><i>Alley Oop<\/i> es una marca registrada, sobra la cual detenta todos los derechos exclusivos de explotaci\u00f3n. El\/la visitante se compromete pues a no menoscabar en modo alguno la marca y a no hacer uso alguno de ella sin la autorizaci\u00f3n formal y previa de <i>Alley Oop<\/i>.<\/p>\n<h2><b>Art\u00edculo 5 &#8211; Pol\u00edtica de protecci\u00f3n de la vida privada<\/b><\/h2>\n<p>Tenga en cuenta que esta pol\u00edtica de privacidad puede ser modificada o complementada en cualquier momento por <em>el Club<\/em>, con la finalidad de cumplir con cualquier desarrollo legislativo, normativo, jurisprudencial o tecnol\u00f3gico. En tal caso, la fecha de su actualizaci\u00f3n se identificar\u00e1 claramente al comienzo de esta pol\u00edtica. Estas modificaciones comprometen al usuario tan pronto como se publican en l\u00ednea. Por lo tanto, es apropiado que el usuario consulte regularmente esta pol\u00edtica de confidencialidad y uso de cookies para obtener informaci\u00f3n sobre cualquier cambio.<\/p>\n<p>El objetivo de nuestra pol\u00edtica de privacidad es proteger la calidad y la integridad de sus datos personales as\u00ed como informarle de sus derechos en relaci\u00f3n a la compartici\u00f3n de sus datos personales en nuestro sitio.<\/p>\n<h4>Datos personales<\/h4>\n<p>En general, puede visitar el sitio sin revelar ninguna informaci\u00f3n personal sobre usted.<\/p>\n<p>Sin embargo, si desea realizar alguna tarea dentro del sitio que implique la aportaci\u00f3n de sus datos personales, se le pedir\u00e1 que proporcione informaci\u00f3n b\u00e1sica sobre su persona, as\u00ed como su nombre, apellidos, direcci\u00f3n de correo electr\u00f3nico, direcci\u00f3n postal y n\u00famero de tel\u00e9fono (en adelante, su <em>Informaci\u00f3n personal<\/em>). Al proporcionar esta informaci\u00f3n, acepta expresamente que el Club la procesar\u00e1 para los fines que se indican en el apartado \u00abFinalidad del tratamiento de los datos\u00bb.<\/p>\n<p>De conformidad con la <a href=\"https:\/\/www.boe.es\/buscar\/doc.php?id=BOE-A-2018-16673\">Ley Org\u00e1nica 3\/2018, de 5 de diciembre, de Protecci\u00f3n de Datos Personales<\/a> y garant\u00eda de los derechos digitales, el Club le informa de lo siguiente:<\/p>\n<h4>Identidad del propietario del sitio<\/h4>\n<p>El controlador es LIGA MAYOR DE BASQUETBOL DE REYNOSA .\u00a0<em>El Club<\/em> utiliza el servicio\u00a0<a href=\"https:\/\/www.basketclubs.es\/\"><i>basketclubs.es<\/i><\/a> ofrecido por<a href=\"http:\/\/www.alleyoop.be\/\"> Alley Oop<\/a>, inscrita en el Banco Belga de Empresas con el n\u00famero BE \u2013 05544.776.645 y cuya sede social se halla en la Rue du Travail 109, B-5000 Namur, B\u00e9lgica.<\/p>\n<p><em>El Club<\/em> es responsable de la edici\u00f3n del contenido del sitio, y se ha adherido previamente a las <a href=\"https:\/\/www.basketclubs.es\/condiciones-generales-de-uso-del-servicio\/\">Condiciones Generales de Uso del Servicio<\/a> as\u00ed como a la <a href=\"https:\/\/www.basketclubs.es\/politica-de-privacidad\/\">Pol\u00edtica de Privacidad<\/a> de BasketClubs.es, que proporcionan en detalles las condiciones de acceso y uso del servicio BasketClubs.es<\/p>\n<h4>Finalidad del tratamiento de los datos<\/h4>\n<p>El Club puede procesar su informaci\u00f3n personal cuando requiera que rellene alguno de los siguientes formularios de contacto:<\/p>\n<ul>\n<li>Un formulario de contacto que le permita enviar un mensaje a las personas responsables de <em>el Club<\/em>. La \u00fanica informaci\u00f3n obligatoria es su nombre completo, direcci\u00f3n de correo electr\u00f3nico y el mensaje que desee transmitir a <em>el Club<\/em>.<\/li>\n<li>Un formulario de preinscripci\u00f3n que puede ser mediante el widget de \u00abPreinscripci\u00f3n\u00bb o mediante cualquier otra plataforma de tramitaci\u00f3n de formularios online como por ejemplo los Formularios de Google, en los que se solicite la informaci\u00f3n b\u00e1sica sobre un jugador\/a y sus familiares directos con el objeto de realizar la inscripci\u00f3n de <em>el Club<\/em>.<\/li>\n<li>Un formulario de pedidos de nuestra tienda online en el que la \u00fanica informaci\u00f3n obligatoria ser\u00eda su nombre, su direcci\u00f3n de correo electr\u00f3nico y un resumen de su pedido.<\/li>\n<\/ul>\n<h4>Destinatarios<\/h4>\n<p>Solo <em>el Club<\/em> es el destinatario de su informaci\u00f3n personal. Estos datos personales, ya sea de forma individual o agregada, nunca se transmiten a un tercero.<\/p>\n<h4>Duraci\u00f3n de la conservaci\u00f3n de los datos<\/h4>\n<p><em>El Club<\/em> guarda su informaci\u00f3n personal solo durante el tiempo correspondiente al prop\u00f3sito de la recopilaci\u00f3n, tal como se indica en el anterior apartado \u00abFinalidad del tratamiento de los datos\u00bb.<\/p>\n<p>Si su informaci\u00f3n personal no se utiliza durante un per\u00edodo de 24 meses, ser\u00e1 eliminada.<\/p>\n<h4>Derechos de las personas afectadas<\/h4>\n<p>Con respecto a su informaci\u00f3n personal, usted tiene los siguientes derechos:<\/p>\n<p><span style=\"text-decoration: underline\">Derecho de acceso y comunicaci\u00f3n de los datos<\/span>: usted tiene la facultad de acceder a la informaci\u00f3n personal que le concierne.<\/p>\n<p>Sin embargo, debido a la obligaci\u00f3n de seguridad y confidencialidad en el procesamiento de datos personales que corresponde a <em>el Club<\/em>, se le informa de que su solicitud se procesar\u00e1 siempre que proporcione evidencia de que usted es la persona que se ha suscrito al servicio. En particular, se le pedir\u00e1 que proporcione su apellido, nombre y direcci\u00f3n de correo electr\u00f3nico, as\u00ed como la realizaci\u00f3n de una operaci\u00f3n desde el \u00e1rea de administraci\u00f3n de su sitio.<\/p>\n<p><em>El Club<\/em> le informa que tendr\u00e1 derecho, si es necesario, a oponerse a las solicitudes claramente abusivas (por su n\u00famero, su naturaleza repetitiva o sistem\u00e1tica).<\/p>\n<p><span style=\"text-decoration: underline\">Derecho a rectificar los datos<\/span>: bajo este derecho, la ley le permite solicitar la rectificaci\u00f3n, actualizaci\u00f3n, bloqueo o eliminaci\u00f3n de los datos que le conciernen que pueden ser inexactos, incorrectos, incompletos u obsoletos. Adem\u00e1s, puede establecer pautas generales y espec\u00edficas sobre el destino de los datos personales en caso de defunci\u00f3n. En esta situaci\u00f3n, los herederos de una persona fallecida pueden exigir considerar la muerte de su familiar y\/o realizar las actualizaciones necesarias.<\/p>\n<p><span style=\"text-decoration: underline\">Derecho de oposici\u00f3n<\/span>: el ejercicio de este derecho solo ser\u00e1 posible en una de las siguientes situaciones:<\/p>\n<p>Cuando el ejercicio de este derecho tenga una base leg\u00edtima; o<br \/>\nCuando el ejercicio de este derecho est\u00e9 destinado a evitar que los datos recopilados se utilicen con fines de prospecci\u00f3n comercial.<\/p>\n<p>Usted puede ejercer sus derechos escribi\u00e9ndonos a la direcci\u00f3n postal mencionada anteriormente o por correo electr\u00f3nico a <a href=\"mailto:info@basketclubs.es\">info@basketclubs.es<\/a>.<\/p>\n<h4>Retraso en las respuestas<\/h4>\n<p><em>El Club<\/em> se compromete a responder a su solicitud de acceso, rectificaci\u00f3n, oposici\u00f3n o cualquier otra solicitud de informaci\u00f3n adicional dentro de un per\u00edodo de tiempo razonable, que no puede exceder un mes desde la recepci\u00f3n de su solicitud.<\/p>\n<h4>Proveedores de servicios autorizados y traslado a otro pa\u00eds de la UE<\/h4>\n<p><em>El Club<\/em> le informa sobre los proveedores de servicios autorizados que utiliza. Estos proveedores pueden estar ubicados fuera de la Uni\u00f3n Europea y tener los datos recopilados por los formularios en el sitio.<\/p>\n<p><em>El Club<\/em> ha asegurado previamente la implementaci\u00f3n por parte de sus proveedores de garant\u00edas adecuadas y el cumplimiento de estrictas condiciones de confidencialidad, uso y protecci\u00f3n de datos. En particular, la vigilancia se centr\u00f3 en la existencia de una base legal para cualquier transferencia de datos a un tercer pa\u00eds.<\/p>\n<p>En particular, estos proveedores habilitados son:<\/p>\n<ul>\n<li>Alley Oop SPRL, y el particular su servicio <a href=\"https:\/\/www.basketclubs.es\/\"><i>basketclubs.es<\/i><\/a> cuya pol\u00edtica de privacidad puede encontrar <a href=\"https:\/\/www.basketclubs.es\/politica-de-privacidad\/\">aqu\u00ed<\/a>.\u00a0<a href=\"https:\/\/www.basketclubs.es\/\"><i>basketclubs.es<\/i><\/a> adem\u00e1s tiene los siguientes proveedores:\n<ul>\n<li>Infomaniak, el proveedor de la infraestructura que aloja los sitios de\u00a0<a href=\"https:\/\/www.basketclubs.es\/\"><i>basketclubs.es<\/i><\/a> y los datos almacenados en ellos, cuya pol\u00edtica de protecci\u00f3n de datos personales se puede encontrar <a href=\"https:\/\/www.infomaniak.com\/es\/ccgg\/politica-de-confidencialidad\">aqu\u00ed<\/a>.<\/li>\n<li>MailChimp, la herramienta utilizada para editar y enviar el \u00abBolet\u00edn para el usuario\u00bb, cuya pol\u00edtica de privacidad se puede encontrar <a href=\"https:\/\/mailchimp.com\/legal\/privacy\/\">aqu\u00ed<\/a>.<\/li>\n<\/ul>\n<\/li>\n<\/ul>\n<h4>Denuncia ante la autoridad competente<\/h4>\n<p>Si considera que <em>el Club<\/em> no cumple con sus obligaciones con respecto a su Informaci\u00f3n personal, puede dirigir una queja o una solicitud a la autoridad competente, como la <a href=\"https:\/\/www.aepd.es\/agencia\/en-que-podemos-ayudarte.html\">Autoridad de Protecci\u00f3n de Datos (Art\u00edculo 77 RGPD)<\/a>.<\/p>\n<h2><b>Art\u00edculo 6 &#8211; Cookies<\/b><\/h2>\n<p>Nuestra pol\u00edtica de cookies le permite comprender mejor las disposiciones que implementamos en t\u00e9rminos de navegaci\u00f3n en nuestro sitio web. Le informa en particular sobre todas las cookies en nuestro sitio web, su prop\u00f3sito y le brinda el procedimiento a seguir para configurarlas.<\/p>\n<h4>Informaci\u00f3n general sobre las cookies en el sitio web\u00a0<a href=\"https:\/\/www.basketclubs.es\/\"><i>basketclubs.es<\/i><\/a><\/h4>\n<p>Las \u00abcookies\u00bb son peque\u00f1os archivos de texto de tama\u00f1o limitado que nos permiten reconocer su computadora, tablet o dispositivo m\u00f3vil para personalizar los servicios que ofrecemos.<\/p>\n<p>La informaci\u00f3n recopilada a trav\u00e9s de cookies no le identifica de ninguna manera por su nombre. Se utilizan exclusivamente para nuestras propias necesidades con el fin de mejorar la interactividad y el rendimiento de nuestro sitio web y para enviarle contenidos adaptados a sus centros de inter\u00e9s. Esta informaci\u00f3n nunca es comunicada a terceros, excepto cuando <em>el Club<\/em> haya obtenido su consentimiento previo o cuando la ley requiera la divulgaci\u00f3n de esta informaci\u00f3n, por orden de un tribunal o cualquier autoridad.<\/p>\n<p>Para informarle mejor sobre las cookies, a continuaci\u00f3n encontrar\u00e1 los diferentes tipos de cookies que se pueden usar en el sitio, su nombre, prop\u00f3sito y per\u00edodo de retenci\u00f3n.<\/p>\n<h4>Tipos de cookies utilizadas<\/h4>\n<p>Las cookies se pueden dividir en diferentes categor\u00edas seg\u00fan su origen, su vida \u00fatil y su uso.<\/p>\n<p><strong>A. Seg\u00fan su origen:<\/strong><\/p>\n<p><span style=\"text-decoration: underline\">Cookies de BasketClubs.es<\/span>: estas cookies son depositadas por nuestros sitios en su dispositivo para satisfacer las necesidades de navegaci\u00f3n, optimizaci\u00f3n y personalizaci\u00f3n de los servicios en el sitio\u00a0<a href=\"https:\/\/www.basketclubs.es\/\"><i>basketclubs.es<\/i><\/a>\u00a0y los sitios de clubes creados con el servicio BasketClubs.es.<\/p>\n<p><span style=\"text-decoration: underline\">Cookies de terceros<\/span>: estas son cookies archivadas por terceros, socios o comerciales, para identificar sus intereses y posiblemente personalizar los anuncios que se le env\u00edan dentro y fuera de nuestros sitios. Se pueden eliminar cuando navega por nuestros sitios o cuando hace clic en los anuncios de nuestros sitios.<\/p>\n<p><strong>B. Seg\u00fan su vida \u00fatil:<\/strong><\/p>\n<p><span style=\"text-decoration: underline\">Cookies de sesi\u00f3n<\/span>: las cookies de sesi\u00f3n son cookies temporales cuya duraci\u00f3n est\u00e1 limitada a una sesi\u00f3n de navegaci\u00f3n. Su objetivo es simplificar sus interacciones con nuestros sitios durante la duraci\u00f3n de su sesi\u00f3n de navegaci\u00f3n y se eliminan cuando cierra su navegador.<\/p>\n<p><span style=\"text-decoration: underline\">Cookies permanentes<\/span>: las cookies permanentes son cookies que permanecen en su computadora, dispositivo m\u00f3vil o tableta incluso despu\u00e9s de que se cierre su navegador. Permanecen en su dispositivo durante un per\u00edodo de tiempo fijo o hasta que decida eliminarlos. Estas cookies nos permiten reconocerle y conservar sus preferencias de navegaci\u00f3n de una sesi\u00f3n a otra.<\/p>\n<p><strong>C. Seg\u00fan su uso:<\/strong><\/p>\n<p><span style=\"text-decoration: underline\">Cookies de operaci\u00f3n<\/span>: las cookies de operaci\u00f3n se utilizan para el correcto funcionamiento de los sitios. Cumplen con los requisitos t\u00e9cnicos y son necesarios para una conexi\u00f3n f\u00e1cil y segura a los sitios.<\/p>\n<p>En esta categor\u00eda, encontramos cookies para el an\u00e1lisis de audiencia y rendimiento. Nos proporcionan informaci\u00f3n sobre c\u00f3mo los visitantes usan nuestros sitios y c\u00f3mo se desempe\u00f1an. Nos permiten identificar posibles fallos de funcionamiento de nuestros sitios. Gracias a ellos, tenemos la posibilidad de mantener nuestros sitios y ofrecer una experiencia de navegaci\u00f3n cada vez m\u00e1s agradable a nuestros usuarios.<\/p>\n<p>Las cookies de operaci\u00f3n son esenciales y no pueden ser desactivadas.<\/p>\n<p><span style=\"text-decoration: underline\">Cookies de conducta<\/span>: Las cookies incluidas en esta categor\u00eda nos permiten proporcionar anuncios relevantes relacionados con los intereses de nuestros usuarios. Su objetivo es mejorar y personalizar su experiencia de navegaci\u00f3n.<\/p>\n<p>Para saber m\u00e1s sobre la pol\u00edtica de cookies de nuestros socios que usan este tipo de cookies, lo invitamos a hacer clic en los siguientes enlaces:<\/p>\n<ul>\n<li><a href=\"https:\/\/policies.google.com\/technologies\/cookies?hl=fr\">Google (Uso de cookies)<\/a><\/li>\n<li><a href=\"https:\/\/support.google.com\/adsense\/answer\/7549925?hl=fr\">AdSense (Uso de cookies)<\/a><\/li>\n<li><a href=\"https:\/\/policies.google.com\/privacy?hl=fr#infocollect\">Google (Pol\u00edtica de privacidad)<\/a><\/li>\n<\/ul>\n<p><span style=\"text-decoration: underline\">Cookies sociales<\/span>: esta categor\u00eda incluye cookies que nos permiten ofrecer a nuestros usuarios la posibilidad de compartir y comentar el contenido de nuestros sitios a trav\u00e9s de las redes sociales.<\/p>\n<p>Las cookies de redes sociales compartidas son emitidas y gestionadas por el editor de la red social correspondiente. Estas cookies le permiten compartir f\u00e1cilmente parte del contenido publicado en el sitio, incluso a trav\u00e9s de un \u00abbot\u00f3n\u00bb para compartir aplicaciones de acuerdo con la red social correspondiente.<\/p>\n<p>Hay varios tipos de cookies para compartir en las redes sociales disponibles en el sitio:<\/p>\n<ul>\n<li>Facebook:\u00a0<a href=\"https:\/\/www.facebook.com\/policies\/cookies\/\">informaci\u00f3n sobre la pol\u00edtica de cookies<\/a>.<\/li>\n<li>Instagram:\u00a0<a href=\"https:\/\/help.instagram.com\/1896641480634370\">informaci\u00f3n sobre la pol\u00edtica de cookies<\/a>.<\/li>\n<li>Twitter:\u00a0<a href=\"https:\/\/help.twitter.com\/es\/rules-and-policies\/twitter-cookies\">informaci\u00f3n sobre la pol\u00edtica de cookies<\/a>.<\/li>\n<li>YouTube:\u00a0<a href=\"https:\/\/support.google.com\/youtube\/answer\/32050?co=GENIE.Platform%3DDesktop&amp;hl=es\">informaci\u00f3n sobre la pol\u00edtica de cookies<\/a>.<\/li>\n<\/ul>\n<h4>C\u00f3mo modificar la configuraci\u00f3n de las cookies en su navegador<\/h4>\n<p>Los usuarios pueden configurar su navegador seg\u00fan sus preferencias, de manera que se deshabilite o bloquee la recepci\u00f3n de todas o algunas de las cookies.<\/p>\n<p>La forma de configurar los diferentes navegadores las puede consultar en:<\/p>\n<ul>\n<li>Mozilla Firefox:\u00a0<a href=\"https:\/\/support.mozilla.org\/es\/kb\/cookies-informacion-que-los-sitios-web-guardan-en-?redirectlocale=en-US&amp;redirectslug=Cookies\">Informaci\u00f3n sobre cookies en Firefox<\/a>.<\/li>\n<li>Google Chrome:\u00a0<a href=\"https:\/\/support.google.com\/chrome\/answer\/95647?hl=es\">Informaci\u00f3n sobre cookies en Chrome<\/a>.<\/li>\n<li>Microsoft Edge:\u00a0<a href=\"https:\/\/support.microsoft.com\/es-es\/hub\/4338813\/windows-help?os=windows-10\">Informaci\u00f3n sobre cookies en Microsoft Edge<\/a>.<\/li>\n<li>Safari:\u00a0<a href=\"https:\/\/support.apple.com\/es-es\/guide\/safari\/sfri11471\/mac\">Informaci\u00f3n sobre cookies en Safari<\/a>.<\/li>\n<\/ul>\n<p>ATENCI\u00d3N: Llamamos su atenci\u00f3n sobre el hecho de que el rechazo del dep\u00f3sito de cookies en su terminal puede alterar su experiencia de usuario, as\u00ed como su acceso a ciertos servicios o funcionalidades de este sitio web. Si corresponde, <em>el Club<\/em> declina cualquier responsabilidad relacionada con las consecuencias de la degradaci\u00f3n de las condiciones de navegaci\u00f3n que se producen debido a su elecci\u00f3n de rechazar, eliminar o bloquear las cookies necesarias para el funcionamiento del sitio. Estas consecuencias no pueden constituir un da\u00f1o y usted no puede reclamar ninguna compensaci\u00f3n por este hecho.<\/p>\n<p>Para cualquier consulta o solicitud adicional de informaci\u00f3n sobre las cookies de esta pol\u00edtica, cont\u00e1ctenos a trav\u00e9s de nuestro formulario de contacto o por correo electr\u00f3nico a <a href=\"mailto:info@basketclubs.es\">info@basketclubs.es<\/a>.<\/p>\n<h2><b>Art\u00edculo 7 &#8211; Disposiciones finales<\/b><\/h2>\n<p>Si cualquiera de las cl\u00e1usulas de las presentes Condiciones de utilizaci\u00f3n fuese declarada ilegal, nula o inaplicable en virtud del derecho del pa\u00eds en el cual debieran entrar en vigor, dicha cl\u00e1usula ser\u00e1 suprimida sin afectar por ello la validez y la aplicabilidad del resto de las cl\u00e1usulas.<\/p>\n<p>Las presentes condiciones de utilizaci\u00f3n estar\u00e1n regidas y ser\u00e1n interpretadas por el derecho belga o, llegado el caso, por el derecho comunitario europeo.<\/p>\n<p>La tecnolog\u00eda y la legislaci\u00f3n evolucionan. Esta nota legal podr\u00eda por consiguiente, llegado el caso, ser adaptada por <i>Alley Oop<\/i> sin notificaci\u00f3n previa otra que una notificaci\u00f3n en el presente sitio.<\/p>\n<\/div>\n","protected":false},"excerpt":{"rendered":"<p>El sitio web que est\u00e1 visitando es un sitio realizado gracias al servicio BasketClubs.es ofrecido por Alley Oop (abreviado y en adelante Alley Oop), inscrita en el Banco Belga de Empresas con el n\u00famero BE \u2013 05544.776.645 y cuya sede social se halla en la Rue du Travail 109, B-5000 Namur, B\u00e9lgica. Alley Oop es [&hellip;]<\/p>\n","protected":false},"author":1,"featured_media":0,"parent":0,"menu_order":0,"comment_status":"closed","ping_status":"closed","template":"","meta":{"footnotes":""},"class_list":["post-45","page","type-page","status-publish","hentry"],"_links":{"self":[{"href":"https:\/\/www.basketclubs.es\/ligamayorbaloncestorey\/wp-json\/wp\/v2\/pages\/45","targetHints":{"allow":["GET"]}}],"collection":[{"href":"https:\/\/www.basketclubs.es\/ligamayorbaloncestorey\/wp-json\/wp\/v2\/pages"}],"about":[{"href":"https:\/\/www.basketclubs.es\/ligamayorbaloncestorey\/wp-json\/wp\/v2\/types\/page"}],"author":[{"embeddable":true,"href":"https:\/\/www.basketclubs.es\/ligamayorbaloncestorey\/wp-json\/wp\/v2\/users\/1"}],"replies":[{"embeddable":true,"href":"https:\/\/www.basketclubs.es\/ligamayorbaloncestorey\/wp-json\/wp\/v2\/comments?post=45"}],"version-history":[{"count":1,"href":"https:\/\/www.basketclubs.es\/ligamayorbaloncestorey\/wp-json\/wp\/v2\/pages\/45\/revisions"}],"predecessor-version":[{"id":111,"href":"https:\/\/www.basketclubs.es\/ligamayorbaloncestorey\/wp-json\/wp\/v2\/pages\/45\/revisions\/111"}],"wp:attachment":[{"href":"https:\/\/www.basketclubs.es\/ligamayorbaloncestorey\/wp-json\/wp\/v2\/media?parent=45"}],"curies":[{"name":"wp","href":"https:\/\/api.w.org\/{rel}","templated":true}]}}