{"id":21,"date":"2017-06-12T20:22:20","date_gmt":"2017-06-12T18:22:20","guid":{"rendered":"https:\/\/www.basketclubs.es\/fuentedecantoscb\/?page_id=21"},"modified":"2018-10-06T22:20:10","modified_gmt":"2018-10-06T20:20:10","slug":"coaches","status":"publish","type":"page","link":"https:\/\/www.basketclubs.es\/fuentedecantoscb\/coaches\/","title":{"rendered":"Entrenadores\/as"},"content":{"rendered":"<h3>LUIS D. S\u00c1NCHEZ BARBERO:<\/h3>\n<p><img loading=\"lazy\" decoding=\"async\" class=\"aligncenter wp-image-200 size-medium\" src=\"https:\/\/www.basketclubs.es\/fuentedecantoscb\/wp-content\/uploads\/sites\/46\/2017\/06\/20170613090348_00001-300x200.jpg\" alt=\"20170613090348_00001\" width=\"300\" height=\"200\" srcset=\"https:\/\/www.basketclubs.es\/fuentedecantoscb\/wp-content\/uploads\/sites\/46\/2017\/06\/20170613090348_00001-300x200.jpg 300w, https:\/\/www.basketclubs.es\/fuentedecantoscb\/wp-content\/uploads\/sites\/46\/2017\/06\/20170613090348_00001-768x513.jpg 768w, https:\/\/www.basketclubs.es\/fuentedecantoscb\/wp-content\/uploads\/sites\/46\/2017\/06\/20170613090348_00001.jpg 1024w\" sizes=\"auto, (max-width: 300px) 100vw, 300px\" \/><\/p>\n<ul>\n<li>DATOS PERSONALES: 50 a\u00f1os y arquitecto de profesi\u00f3n. Reside en Fuente de Cantos.<\/li>\n<li>FORMACI\u00d3N DEPORTIVA: Entrenador Nivel I en Badajoz 2014, de Nivel II en C\u00e1ceres 2015 y Superior en Zaragoza 2018.<\/li>\n<li>PALMAR\u00c9S DEPORTIVO\n<ol>\n<li>TEMPORADA 2011-12.\n<ol>\n<li>EQUIPO INFANTIL FEMENINO: <strong>Final A-4 Plata<\/strong> en Plasencia: <strong>Semifinalista. S\u00e9ptimo <\/strong>clasificado absoluto de Extremadura.<\/li>\n<li>EQUIPO CADETE FEMENINO: <strong>Final Plata<\/strong> en C\u00e1ceres:<strong> Subcampe\u00f3n. Sexto <\/strong>clasificado absoluto de Extremadura<\/li>\n<\/ol>\n<\/li>\n<li>TEMPORADA 2012-13.\n<ol>\n<li>EQUIPO INFANTIL FEMENINO: <strong>Final A-4 Plata<\/strong> en Don Benito: <strong>Semifinalista. Octavo <\/strong>clasificado absoluto de Extremadura.<\/li>\n<li>EQUIPO CADETE FEMENINO: <strong>Final A-4 Plata<\/strong> en Don Benito:\u00a0<strong>Campe\u00f3n. Quinto <\/strong>clasificado absoluto de Extremadura.<\/li>\n<li>EQUIPO JUNIOR FEMENINO: <strong>Final A-4 Plata<\/strong> en C\u00e1ceres: <strong>Campe\u00f3n. Quinto<\/strong> clasificado absoluto de Extremadura.<\/li>\n<\/ol>\n<\/li>\n<li>TEMPORADA 2013-14.\n<ol>\n<li>EQUIPO INFANTIL FEMENINO: <strong>Liga Plata<\/strong>. Cuartos de final. <strong>Noveno<\/strong> clasificado absoluto de Extremadura.<\/li>\n<li>EQUIPO CADETE FEMENINO: <strong>Liga Oro<\/strong>. <strong>Cuarto <\/strong>clasificado absoluto de Extremadura.<\/li>\n<li>EQUIPO JUNIOR FEMENINO: <strong>Final A-4 Plata<\/strong> en Burguillos del Cerro: <strong>Semifinalista. S\u00e9ptimo <\/strong>clasificado absoluto de Extremadura.<\/li>\n<\/ol>\n<\/li>\n<li>TEMPORADA 2014-15.\n<ol>\n<li>EQUIPO CADETE FEMENINO: <strong>Liga Oro.<\/strong> <strong>Octav<\/strong><b>o <\/b>clasificado absoluto de Extremadura.<\/li>\n<li>EQUIPO JUNIOR FEMENINO: <strong>Liga Oro.<\/strong> <strong>Sexto <\/strong>clasificado absoluto de Extremadura.<\/li>\n<\/ol>\n<\/li>\n<li>TEMPORADA 2016-17.\n<ol>\n<li>EQUIPO INFANTIL FEMENINO: <b>Final Plata<\/b> en Villafranca de los Barros: <strong>Campe\u00f3n.<\/strong> <strong>Liga Oro B<\/strong>. <strong>Sexto <\/strong>clasificado absoluto de Extremadura.<\/li>\n<li>EQUIPO CADETE FEMENINO: <strong>Liga Oro B.<\/strong> <strong>S\u00e9ptimo <\/strong>clasificado absoluto de Extremadura.<\/li>\n<\/ol>\n<\/li>\n<li>TEMPORADA 2017-18.\n<ol>\n<li>EQUIPOS ALEVINES MIXTO A y B: <strong>Liga Local. Primeros<\/strong> clasificados<\/li>\n<li>EQUIPO INFANTIL FEMENINO: <strong>Liga Regional.\u00a0Quinto\u00a0<\/strong>clasificado absoluto de Extremadura. <strong>Liga Plata. Semifinalista.<\/strong><\/li>\n<li>EQUIPO CADETE FEMENINO: <strong>Liga Regional.<\/strong> <strong>S\u00e9ptimo <\/strong>clasificado absoluto de Extremadura. <strong>Liga Plata. Semifinalista.<\/strong><\/li>\n<li>EQUIPO JUNIOR FEMENINO: <strong>Liga Regional. Octavo<\/strong> clasificado absoluto de Extremadura. <strong>Liga Plata. Semifinalista<\/strong>.<\/li>\n<\/ol>\n<\/li>\n<\/ol>\n<\/li>\n<\/ul>\n<h3>CARLOS A. MO\u00d1INO D\u00cdAZ:<\/h3>\n<p><img loading=\"lazy\" decoding=\"async\" class=\"aligncenter wp-image-201 size-medium\" src=\"https:\/\/www.basketclubs.es\/fuentedecantoscb\/wp-content\/uploads\/sites\/46\/2017\/06\/20170613090348_00002-300x198.jpg\" alt=\"20170613090348_00002\" width=\"300\" height=\"198\" srcset=\"https:\/\/www.basketclubs.es\/fuentedecantoscb\/wp-content\/uploads\/sites\/46\/2017\/06\/20170613090348_00002-300x198.jpg 300w, https:\/\/www.basketclubs.es\/fuentedecantoscb\/wp-content\/uploads\/sites\/46\/2017\/06\/20170613090348_00002-768x507.jpg 768w, https:\/\/www.basketclubs.es\/fuentedecantoscb\/wp-content\/uploads\/sites\/46\/2017\/06\/20170613090348_00002-1024x676.jpg 1024w, https:\/\/www.basketclubs.es\/fuentedecantoscb\/wp-content\/uploads\/sites\/46\/2017\/06\/20170613090348_00002.jpg 1029w\" sizes=\"auto, (max-width: 300px) 100vw, 300px\" \/><\/p>\n<ol>\n<li>DATOS PERSONALES:\u00a051 a\u00f1os y oficial de notar\u00eda de profesi\u00f3n. Reside en Fuente de Cantos.<\/li>\n<li>FORMACI\u00d3N DEPORTIVA: Entrenador Nivel Iniciaci\u00f3n en Almendralejo.<\/li>\n<li>PALMAR\u00c9S DEPORTIVO:\n<ol>\n<li>TEMPORADA 2014-15.\n<ol>\n<li>EQUIPO ALEV\u00cdN MIXTO: <strong>Liga de Concentraciones<\/strong> Grupo Sur: <strong>Campe\u00f3n. Octavo <\/strong>clasificado absoluto de Extremadura<\/li>\n<\/ol>\n<\/li>\n<li>TEMPORADA 2015-16.\n<ol>\n<li>EQUIPO ALEV\u00cdN MIXTO: <strong>Liga de Concentraciones<\/strong> Grupo Sur: <strong>Campe\u00f3n. Primer<b> <\/b><\/strong>clasificado absoluto de Extremadura<\/li>\n<\/ol>\n<\/li>\n<\/ol>\n<\/li>\n<\/ol>\n<h3>MANUEL BORREGO BORREGO:<\/h3>\n<p><img loading=\"lazy\" decoding=\"async\" class=\"aligncenter wp-image-202 size-medium\" src=\"https:\/\/www.basketclubs.es\/fuentedecantoscb\/wp-content\/uploads\/sites\/46\/2017\/06\/20170613090348_00003-300x192.jpg\" alt=\"20170613090348_00003\" width=\"300\" height=\"192\" srcset=\"https:\/\/www.basketclubs.es\/fuentedecantoscb\/wp-content\/uploads\/sites\/46\/2017\/06\/20170613090348_00003-300x192.jpg 300w, https:\/\/www.basketclubs.es\/fuentedecantoscb\/wp-content\/uploads\/sites\/46\/2017\/06\/20170613090348_00003-768x492.jpg 768w, https:\/\/www.basketclubs.es\/fuentedecantoscb\/wp-content\/uploads\/sites\/46\/2017\/06\/20170613090348_00003-1024x656.jpg 1024w, https:\/\/www.basketclubs.es\/fuentedecantoscb\/wp-content\/uploads\/sites\/46\/2017\/06\/20170613090348_00003.jpg 1034w\" sizes=\"auto, (max-width: 300px) 100vw, 300px\" \/><\/p>\n<ol>\n<li>DATOS PERSONALES:\u00a048 a\u00f1os y constructor de profesi\u00f3n. Reside en Fuente de Cantos.<\/li>\n<li>FORMACI\u00d3N DEPORTIVA: Entrenador Nivel Iniciaci\u00f3n en Almendralejo.<\/li>\n<li>PALMAR\u00c9S DEPORTIVO:\n<ol>\n<li>TEMPORADA 2014-15.\n<ol>\n<li>EQUIPO ALEV\u00cdN MIXTO: <strong>Liga de Concentraciones<\/strong> Grupo Sur: <strong>Campe\u00f3n. Octavo <\/strong>clasificado absoluto de Extremadura<\/li>\n<\/ol>\n<\/li>\n<li>TEMPORADA 2015-16.\n<ol>\n<li>EQUIPO ALEV\u00cdN MIXTO: <strong>Liga de Concentraciones<\/strong> Grupo Sur: <strong>Campe\u00f3n. Primer<b> <\/b><\/strong>clasificado absoluto de Extremadura<\/li>\n<\/ol>\n<\/li>\n<\/ol>\n<\/li>\n<\/ol>\n","protected":false},"excerpt":{"rendered":"<p>LUIS D. S\u00c1NCHEZ BARBERO: DATOS PERSONALES: 50 a\u00f1os y arquitecto de profesi\u00f3n. Reside en Fuente de Cantos. FORMACI\u00d3N DEPORTIVA: Entrenador Nivel I en Badajoz 2014, de Nivel II en C\u00e1ceres 2015 y Superior en Zaragoza 2018. PALMAR\u00c9S DEPORTIVO TEMPORADA 2011-12. EQUIPO INFANTIL FEMENINO: Final A-4 Plata en Plasencia: Semifinalista. S\u00e9ptimo clasificado absoluto de Extremadura. EQUIPO [&hellip;]<\/p>\n","protected":false},"author":47,"featured_media":0,"parent":0,"menu_order":0,"comment_status":"closed","ping_status":"closed","template":"","meta":{"footnotes":""},"class_list":["post-21","page","type-page","status-publish","hentry"],"_links":{"self":[{"href":"https:\/\/www.basketclubs.es\/fuentedecantoscb\/wp-json\/wp\/v2\/pages\/21","targetHints":{"allow":["GET"]}}],"collection":[{"href":"https:\/\/www.basketclubs.es\/fuentedecantoscb\/wp-json\/wp\/v2\/pages"}],"about":[{"href":"https:\/\/www.basketclubs.es\/fuentedecantoscb\/wp-json\/wp\/v2\/types\/page"}],"author":[{"embeddable":true,"href":"https:\/\/www.basketclubs.es\/fuentedecantoscb\/wp-json\/wp\/v2\/users\/47"}],"replies":[{"embeddable":true,"href":"https:\/\/www.basketclubs.es\/fuentedecantoscb\/wp-json\/wp\/v2\/comments?post=21"}],"version-history":[{"count":21,"href":"https:\/\/www.basketclubs.es\/fuentedecantoscb\/wp-json\/wp\/v2\/pages\/21\/revisions"}],"predecessor-version":[{"id":556,"href":"https:\/\/www.basketclubs.es\/fuentedecantoscb\/wp-json\/wp\/v2\/pages\/21\/revisions\/556"}],"wp:attachment":[{"href":"https:\/\/www.basketclubs.es\/fuentedecantoscb\/wp-json\/wp\/v2\/media?parent=21"}],"curies":[{"name":"wp","href":"https:\/\/api.w.org\/{rel}","templated":true}]}}