{"id":19,"date":"2017-05-26T09:50:42","date_gmt":"2017-05-26T07:50:42","guid":{"rendered":"https:\/\/www.basketclubs.es\/fuentedecantoscb\/?page_id=19"},"modified":"2018-10-06T21:53:47","modified_gmt":"2018-10-06T19:53:47","slug":"records","status":"publish","type":"page","link":"https:\/\/www.basketclubs.es\/fuentedecantoscb\/records\/","title":{"rendered":"Palmar\u00e9s deportivo"},"content":{"rendered":"<p>En este palmar\u00e9s incluimos solo\u00a0aquellos de nuestros equipos que merecen ser citados por haber estado entre los diez mejores clasificados en el ranking absoluto que la Federaci\u00f3n Extreme\u00f1a de Baloncesto realiza cada a\u00f1o para cada categor\u00eda y publica en su web.<\/p>\n<p>Para ver todos los equipos que cada a\u00f1o han competido con nuestro Club, deber\u00e1s entrar en\u00a0el apartado de \u00abHistoria\u00bb. Y para ver sus componentes y sus fichas, deber\u00e1s entrar en \u00abHist\u00f3rico de jugadores\u00bb.<\/p>\n","protected":false},"excerpt":{"rendered":"<p>En este palmar\u00e9s incluimos solo\u00a0aquellos de nuestros equipos que merecen ser citados por haber estado entre los diez mejores clasificados en el ranking absoluto que la Federaci\u00f3n Extreme\u00f1a de Baloncesto realiza cada a\u00f1o para cada categor\u00eda y publica en su web. Para ver todos los equipos que cada a\u00f1o han competido con nuestro Club, deber\u00e1s [&hellip;]<\/p>\n","protected":false},"author":47,"featured_media":0,"parent":0,"menu_order":0,"comment_status":"closed","ping_status":"closed","template":"page-templates\/page-records.php","meta":{"footnotes":""},"class_list":["post-19","page","type-page","status-publish","hentry"],"_links":{"self":[{"href":"https:\/\/www.basketclubs.es\/fuentedecantoscb\/wp-json\/wp\/v2\/pages\/19","targetHints":{"allow":["GET"]}}],"collection":[{"href":"https:\/\/www.basketclubs.es\/fuentedecantoscb\/wp-json\/wp\/v2\/pages"}],"about":[{"href":"https:\/\/www.basketclubs.es\/fuentedecantoscb\/wp-json\/wp\/v2\/types\/page"}],"author":[{"embeddable":true,"href":"https:\/\/www.basketclubs.es\/fuentedecantoscb\/wp-json\/wp\/v2\/users\/47"}],"replies":[{"embeddable":true,"href":"https:\/\/www.basketclubs.es\/fuentedecantoscb\/wp-json\/wp\/v2\/comments?post=19"}],"version-history":[{"count":30,"href":"https:\/\/www.basketclubs.es\/fuentedecantoscb\/wp-json\/wp\/v2\/pages\/19\/revisions"}],"predecessor-version":[{"id":553,"href":"https:\/\/www.basketclubs.es\/fuentedecantoscb\/wp-json\/wp\/v2\/pages\/19\/revisions\/553"}],"wp:attachment":[{"href":"https:\/\/www.basketclubs.es\/fuentedecantoscb\/wp-json\/wp\/v2\/media?parent=19"}],"curies":[{"name":"wp","href":"https:\/\/api.w.org\/{rel}","templated":true}]}}