{"id":18,"date":"2017-05-15T11:19:41","date_gmt":"2017-05-15T09:19:41","guid":{"rendered":"https:\/\/www.basketclubs.es\/dominicaslapalma\/?page_id=18"},"modified":"2017-05-17T12:00:12","modified_gmt":"2017-05-17T10:00:12","slug":"history","status":"publish","type":"page","link":"https:\/\/www.basketclubs.es\/dominicaslapalma\/history\/","title":{"rendered":"Historia"},"content":{"rendered":"<p style=\"text-align: justify;\">El <strong>Club Baloncesto Dominicas La Palma<\/strong> nace en 1997, bajo el paraguas de la tradici\u00f3n baloncestista del Colegio Santo Domingo de Guzm\u00e1n, m\u00e1s conocido en la capital palmera como <strong>&#8216;La Palmita&#8217;<\/strong>, que regentado por las Madres Misioneras de la Sagrada Familia, apoyaron el Baloncesto como una actividad m\u00e1s de integraci\u00f3n social de sus alumnos\/as, siempre con la meta de la educaci\u00f3n en valores, el respeto y el compa\u00f1erismo. Pero mucho antes de ese 1997 ya encestaban las chicas y chicas de La Palmita, consiguiendo <strong>numeros\u00edsimos t\u00edtulos insulares<\/strong> y acertadas participaciones en Campeonatos de Canarias.<\/p>\n<p style=\"text-align: justify;\">Hoy el Dominicas La Palma, bajo la Presidencia del &#8216;eterno&#8217; <strong>F\u00e9lix Delgado<\/strong>, es un nido de m\u00e1s de 120 ni\u00f1os\/as con quince equipos participando en competiciones insulares y con \u00a0diez entrenadores que velan porque esos valores de anta\u00f1o sigan estando presentes en la actualidad.<\/p>\n<p style=\"text-align: justify;\">Su mayor logro deportivo es un <strong>ascenso a Liga EBA en el a\u00f1o 2010<\/strong> y mantenerse en esa categor\u00eda durante tres temporadas, pero, sin duda, el m\u00e1s importante, crecer y hacer crecer entre sus jugadores\/as la amistad, el esfuerzo, el compa\u00f1erismo, el sacrificio y la humildad, entre otros muchos valores.<\/p>\n","protected":false},"excerpt":{"rendered":"<p>El Club Baloncesto Dominicas La Palma nace en 1997, bajo el paraguas de la tradici\u00f3n baloncestista del Colegio Santo Domingo de Guzm\u00e1n, m\u00e1s conocido en la capital palmera como &#8216;La Palmita&#8217;, que regentado por las Madres Misioneras de la Sagrada Familia, apoyaron el Baloncesto como una actividad m\u00e1s de integraci\u00f3n social de sus alumnos\/as, siempre [&hellip;]<\/p>\n","protected":false},"author":39,"featured_media":0,"parent":0,"menu_order":0,"comment_status":"closed","ping_status":"closed","template":"page-templates\/page-history.php","meta":{"footnotes":""},"class_list":["post-18","page","type-page","status-publish","hentry"],"_links":{"self":[{"href":"https:\/\/www.basketclubs.es\/dominicaslapalma\/wp-json\/wp\/v2\/pages\/18","targetHints":{"allow":["GET"]}}],"collection":[{"href":"https:\/\/www.basketclubs.es\/dominicaslapalma\/wp-json\/wp\/v2\/pages"}],"about":[{"href":"https:\/\/www.basketclubs.es\/dominicaslapalma\/wp-json\/wp\/v2\/types\/page"}],"author":[{"embeddable":true,"href":"https:\/\/www.basketclubs.es\/dominicaslapalma\/wp-json\/wp\/v2\/users\/39"}],"replies":[{"embeddable":true,"href":"https:\/\/www.basketclubs.es\/dominicaslapalma\/wp-json\/wp\/v2\/comments?post=18"}],"version-history":[{"count":5,"href":"https:\/\/www.basketclubs.es\/dominicaslapalma\/wp-json\/wp\/v2\/pages\/18\/revisions"}],"predecessor-version":[{"id":221,"href":"https:\/\/www.basketclubs.es\/dominicaslapalma\/wp-json\/wp\/v2\/pages\/18\/revisions\/221"}],"wp:attachment":[{"href":"https:\/\/www.basketclubs.es\/dominicaslapalma\/wp-json\/wp\/v2\/media?parent=18"}],"curies":[{"name":"wp","href":"https:\/\/api.w.org\/{rel}","templated":true}]}}