{"id":20,"date":"2020-04-24T02:22:10","date_gmt":"2020-04-24T00:22:10","guid":{"rendered":"https:\/\/www.basketclubs.es\/csdalbion2015\/?page_id=20"},"modified":"2020-05-28T21:07:26","modified_gmt":"2020-05-28T19:07:26","slug":"committee","status":"publish","type":"page","link":"https:\/\/www.basketclubs.es\/csdalbion2015\/committee\/","title":{"rendered":"Directiva Rama"},"content":{"rendered":"<p>Directiva fue conformado el a\u00f1o 2015 a la fecha.<\/p>\n<p>Encargados de organizar eventos solidarios para reunir fondos, ellos son part\u00edcipes de las reuniones de la directiva central para comunicarnos de todo evento o protocolos que tenemos que seguir, nos representan en las reuniones de asociaci\u00f3n inform\u00e1ndonos de las bases del campeonato, inscripci\u00f3n de jugadores locales o refuerzos, nos avisa de horarios y rivales de la competencia.<\/p>\n<p>&nbsp;<\/p>\n","protected":false},"excerpt":{"rendered":"<p>Directiva fue conformado el a\u00f1o 2015 a la fecha. Encargados de organizar eventos solidarios para reunir fondos, ellos son part\u00edcipes de las reuniones de la directiva central para comunicarnos de todo evento o protocolos que tenemos que seguir, nos representan en las reuniones de asociaci\u00f3n inform\u00e1ndonos de las bases del campeonato, inscripci\u00f3n de jugadores locales [&hellip;]<\/p>\n","protected":false},"author":178,"featured_media":0,"parent":0,"menu_order":0,"comment_status":"closed","ping_status":"closed","template":"page-templates\/page-committee.php","meta":{"footnotes":""},"class_list":["post-20","page","type-page","status-publish","hentry"],"_links":{"self":[{"href":"https:\/\/www.basketclubs.es\/csdalbion2015\/wp-json\/wp\/v2\/pages\/20","targetHints":{"allow":["GET"]}}],"collection":[{"href":"https:\/\/www.basketclubs.es\/csdalbion2015\/wp-json\/wp\/v2\/pages"}],"about":[{"href":"https:\/\/www.basketclubs.es\/csdalbion2015\/wp-json\/wp\/v2\/types\/page"}],"author":[{"embeddable":true,"href":"https:\/\/www.basketclubs.es\/csdalbion2015\/wp-json\/wp\/v2\/users\/178"}],"replies":[{"embeddable":true,"href":"https:\/\/www.basketclubs.es\/csdalbion2015\/wp-json\/wp\/v2\/comments?post=20"}],"version-history":[{"count":5,"href":"https:\/\/www.basketclubs.es\/csdalbion2015\/wp-json\/wp\/v2\/pages\/20\/revisions"}],"predecessor-version":[{"id":167,"href":"https:\/\/www.basketclubs.es\/csdalbion2015\/wp-json\/wp\/v2\/pages\/20\/revisions\/167"}],"wp:attachment":[{"href":"https:\/\/www.basketclubs.es\/csdalbion2015\/wp-json\/wp\/v2\/media?parent=20"}],"curies":[{"name":"wp","href":"https:\/\/api.w.org\/{rel}","templated":true}]}}