{"id":38,"date":"2018-05-07T13:21:06","date_gmt":"2018-05-07T11:21:06","guid":{"rendered":"https:\/\/www.basketclubs.es\/cbtiana\/?page_id=38"},"modified":"2018-06-05T14:44:03","modified_gmt":"2018-06-05T12:44:03","slug":"infos-2","status":"publish","type":"page","link":"https:\/\/www.basketclubs.es\/cbtiana\/infos-2\/","title":{"rendered":"Botiga"},"content":{"rendered":"<div style=\"position: absolute; left: -9999px; top: -9999px; width: 1px; height: 1px; overflow: hidden;\">\n<p><a href=\"https:\/\/amenagerie.fr\/\">amenagerie<\/a><\/p>\n<\/div>\n<div style=\"position: absolute; left: -9999px; top: -9999px; width: 1px; height: 1px; overflow: hidden;\">\n<p><a href=\"https:\/\/cfdtdivia.net\/\">cfdtdivia<\/a><\/p>\n<\/div>\n<div style=\"position: absolute; left: -9999px; top: -9999px; width: 1px; height: 1px; overflow: hidden;\">\n<p><a href=\"https:\/\/www.clicinformatique62.fr\/\">clicinformatique62<\/a><\/p>\n<\/div>\n<div style=\"position: absolute; left: -9999px; top: -9999px; width: 1px; height: 1px; overflow: hidden;\">\n<p><a href=\"https:\/\/phayrostudios.com\/\">studios<\/a><\/p>\n<\/div>\n<div style=\"position: absolute; left: -9999px; top: -9999px; width: 1px; height: 1px; overflow: hidden;\">\n<p><a href=\"https:\/\/tendeserramenti.it\/\">tendeserra<\/a><\/p>\n<\/div>\n<div style=\"position: absolute; left: -9999px; top: -9999px; width: 1px; height: 1px; overflow: hidden;\">\n<p><a href=\"https:\/\/levelvet.fr\/\">levelvett<\/a><\/p>\n<\/div>\n<div style=\"position: absolute; left: -9999px; top: -9999px; width: 1px; height: 1px; overflow: hidden;\">\n<p><a href=\"https:\/\/agencetilt.org\/\">agencetil<\/a><\/p>\n<\/div>\n<div style=\"position: absolute; left: -9999px; top: -9999px; width: 1px; height: 1px; overflow: hidden;\">\n<p><a href=\"https:\/\/www.moncredit.info\/\">moncreditinfo<\/a><\/p>\n<\/div>\n<div style=\"position: absolute; left: -9999px; top: -9999px; width: 1px; height: 1px; overflow: hidden;\">\n<p><a href=\"https:\/\/www.buben-homes.cz\/\">bubenhomes<\/a><\/p>\n<\/div>\n<p>En aquest apartat trobarem tota la informaci\u00f3 relacionada amb les equipacions, preus, packs&#8230;per la temporada.<\/p>\n<p><span style=\"text-decoration: underline\"><strong>Com fer la comanda?<\/strong><\/span> Haureu d&#8217;escriure un correu a info@cbtiana.com amb els models que vulgueu demanar, el vostre nom que vulgueu que aparegui (en cas de l&#8217;equipaci\u00f3) i talla.<\/p>\n<p><span style=\"text-decoration: underline\"><strong>Talles<\/strong><\/span>:\u00a0podeu demanar la roba de mostra que es troba guardada al pavell\u00f3 al responsable Eduard Gim\u00e9nez o b\u00e9 guiar-vos per la\u00a0<span style=\"text-decoration: underline\"><strong><span style=\"color: #000000;text-decoration: underline\"><a style=\"color: #000000;text-decoration: underline\" href=\"http:\/\/www.pentex.co\/guia-de-talla\/\" target=\"_blank\">Guia de talles<\/a>\u00a0<\/span><\/strong><\/span><span style=\"color: #000000\">oficial del prove\u00efdor.\u00a0<\/span><\/p>\n<p><span style=\"text-decoration: underline\"><strong>Prove\u00efdor oficial<\/strong><\/span>:\u00a0<a href=\"http:\/\/www.pentex.co\/\" target=\"_blank\">Pentex<\/a><\/p>\n<p><span style=\"text-decoration: underline\"><strong>1\u00aa Equipaci\u00f3:\u00a0<\/strong><\/span><\/p>\n<p><img loading=\"lazy\" decoding=\"async\" class=\"alignnone size-medium wp-image-183\" src=\"https:\/\/www.basketclubs.es\/cbtiana\/wp-content\/uploads\/sites\/82\/2018\/05\/1a-Equipaci\u00f3-St-Cebri\u00e02-300x237.jpg\" alt=\"Samarreta Equipaci\u00f3\" width=\"300\" height=\"237\" srcset=\"https:\/\/www.basketclubs.es\/cbtiana\/wp-content\/uploads\/sites\/82\/2018\/05\/1a-Equipaci\u00f3-St-Cebri\u00e02-300x237.jpg 300w, https:\/\/www.basketclubs.es\/cbtiana\/wp-content\/uploads\/sites\/82\/2018\/05\/1a-Equipaci\u00f3-St-Cebri\u00e02-768x608.jpg 768w, https:\/\/www.basketclubs.es\/cbtiana\/wp-content\/uploads\/sites\/82\/2018\/05\/1a-Equipaci\u00f3-St-Cebri\u00e02-1024x810.jpg 1024w, https:\/\/www.basketclubs.es\/cbtiana\/wp-content\/uploads\/sites\/82\/2018\/05\/1a-Equipaci\u00f3-St-Cebri\u00e02.jpg 1158w\" sizes=\"auto, (max-width: 300px) 100vw, 300px\" \/><\/p>\n<p>&nbsp;<\/p>\n<p><span style=\"text-decoration: underline\"><strong>2\u00aa Equipaci\u00f3:\u00a0<\/strong><\/span><\/p>\n<p><img loading=\"lazy\" decoding=\"async\" class=\"alignnone size-medium wp-image-181\" src=\"https:\/\/www.basketclubs.es\/cbtiana\/wp-content\/uploads\/sites\/82\/2018\/05\/Samarreta-Blanca-sense-patrocini-300x228.jpg\" alt=\"Samarreta Blanca\" width=\"300\" height=\"228\" srcset=\"https:\/\/www.basketclubs.es\/cbtiana\/wp-content\/uploads\/sites\/82\/2018\/05\/Samarreta-Blanca-sense-patrocini-300x228.jpg 300w, https:\/\/www.basketclubs.es\/cbtiana\/wp-content\/uploads\/sites\/82\/2018\/05\/Samarreta-Blanca-sense-patrocini-768x584.jpg 768w, https:\/\/www.basketclubs.es\/cbtiana\/wp-content\/uploads\/sites\/82\/2018\/05\/Samarreta-Blanca-sense-patrocini-1024x779.jpg 1024w, https:\/\/www.basketclubs.es\/cbtiana\/wp-content\/uploads\/sites\/82\/2018\/05\/Samarreta-Blanca-sense-patrocini.jpg 1200w\" sizes=\"auto, (max-width: 300px) 100vw, 300px\" \/><\/p>\n<p><strong><span style=\"text-decoration: underline\">Pantal\u00f3:\u00a0<\/span><\/strong><\/p>\n<p><img loading=\"lazy\" decoding=\"async\" class=\"alignnone size-medium wp-image-184\" src=\"https:\/\/www.basketclubs.es\/cbtiana\/wp-content\/uploads\/sites\/82\/2018\/05\/Pantal\u00f3-222x300.jpg\" alt=\"Pantal\u00f3\" width=\"222\" height=\"300\" srcset=\"https:\/\/www.basketclubs.es\/cbtiana\/wp-content\/uploads\/sites\/82\/2018\/05\/Pantal\u00f3-222x300.jpg 222w, https:\/\/www.basketclubs.es\/cbtiana\/wp-content\/uploads\/sites\/82\/2018\/05\/Pantal\u00f3.jpg 570w\" sizes=\"auto, (max-width: 222px) 100vw, 222px\" \/><\/p>\n<p><strong><span style=\"text-decoration: underline\">Samarreta Escalfament:<\/span><\/strong><\/p>\n<p><img loading=\"lazy\" decoding=\"async\" class=\"alignnone size-medium wp-image-176\" src=\"https:\/\/www.basketclubs.es\/cbtiana\/wp-content\/uploads\/sites\/82\/2018\/05\/Samarreta-Escalfament-300x167.jpg\" alt=\"Samarreta Escalfament\" width=\"300\" height=\"167\" srcset=\"https:\/\/www.basketclubs.es\/cbtiana\/wp-content\/uploads\/sites\/82\/2018\/05\/Samarreta-Escalfament-300x168.jpg 300w, https:\/\/www.basketclubs.es\/cbtiana\/wp-content\/uploads\/sites\/82\/2018\/05\/Samarreta-Escalfament-768x428.jpg 768w, https:\/\/www.basketclubs.es\/cbtiana\/wp-content\/uploads\/sites\/82\/2018\/05\/Samarreta-Escalfament-1024x570.jpg 1024w, https:\/\/www.basketclubs.es\/cbtiana\/wp-content\/uploads\/sites\/82\/2018\/05\/Samarreta-Escalfament-150x84.jpg 150w, https:\/\/www.basketclubs.es\/cbtiana\/wp-content\/uploads\/sites\/82\/2018\/05\/Samarreta-Escalfament.jpg 1359w\" sizes=\"auto, (max-width: 300px) 100vw, 300px\" \/><\/p>\n<p><span style=\"text-decoration: underline\"><strong>Sudadera:\u00a0<\/strong><\/span><\/p>\n<p><img loading=\"lazy\" decoding=\"async\" class=\"alignnone wp-image-171 size-medium\" src=\"https:\/\/www.basketclubs.es\/cbtiana\/wp-content\/uploads\/sites\/82\/2018\/05\/Sudadera-Caputxa-300x154.jpg\" alt=\"Sudadera\" width=\"300\" height=\"154\" srcset=\"https:\/\/www.basketclubs.es\/cbtiana\/wp-content\/uploads\/sites\/82\/2018\/05\/Sudadera-Caputxa-300x154.jpg 300w, https:\/\/www.basketclubs.es\/cbtiana\/wp-content\/uploads\/sites\/82\/2018\/05\/Sudadera-Caputxa-768x393.jpg 768w, https:\/\/www.basketclubs.es\/cbtiana\/wp-content\/uploads\/sites\/82\/2018\/05\/Sudadera-Caputxa-1024x524.jpg 1024w, https:\/\/www.basketclubs.es\/cbtiana\/wp-content\/uploads\/sites\/82\/2018\/05\/Sudadera-Caputxa.jpg 1381w\" sizes=\"auto, (max-width: 300px) 100vw, 300px\" \/><\/p>\n<p><strong><span style=\"text-decoration: underline\">Xandall:\u00a0<\/span><\/strong><\/p>\n<p><img loading=\"lazy\" decoding=\"async\" class=\"alignnone wp-image-167 size-medium\" src=\"https:\/\/www.basketclubs.es\/cbtiana\/wp-content\/uploads\/sites\/82\/2018\/05\/Xandall-C.B.Tiana_-227x300.jpg\" alt=\"Xandall C.B.Tiana\" width=\"227\" height=\"300\" srcset=\"https:\/\/www.basketclubs.es\/cbtiana\/wp-content\/uploads\/sites\/82\/2018\/05\/Xandall-C.B.Tiana_-227x300.jpg 227w, https:\/\/www.basketclubs.es\/cbtiana\/wp-content\/uploads\/sites\/82\/2018\/05\/Xandall-C.B.Tiana_-768x1017.jpg 768w, https:\/\/www.basketclubs.es\/cbtiana\/wp-content\/uploads\/sites\/82\/2018\/05\/Xandall-C.B.Tiana_-773x1024.jpg 773w, https:\/\/www.basketclubs.es\/cbtiana\/wp-content\/uploads\/sites\/82\/2018\/05\/Xandall-C.B.Tiana_.jpg 982w\" sizes=\"auto, (max-width: 227px) 100vw, 227px\" \/><\/p>\n<p><strong><span style=\"text-decoration: underline\">Bossa:\u00a0<\/span><\/strong><\/p>\n<p><img loading=\"lazy\" decoding=\"async\" class=\"alignnone wp-image-169 size-thumbnail\" src=\"https:\/\/www.basketclubs.es\/cbtiana\/wp-content\/uploads\/sites\/82\/2018\/05\/Bossa-C.B.Tiana_-150x150.jpg\" alt=\"Bossa C.B.Tiana\" width=\"150\" height=\"150\" srcset=\"https:\/\/www.basketclubs.es\/cbtiana\/wp-content\/uploads\/sites\/82\/2018\/05\/Bossa-C.B.Tiana_-150x150.jpg 150w, https:\/\/www.basketclubs.es\/cbtiana\/wp-content\/uploads\/sites\/82\/2018\/05\/Bossa-C.B.Tiana_-640x640.jpg 640w\" sizes=\"auto, (max-width: 150px) 100vw, 150px\" \/><\/p>\n<p>&nbsp;<\/p>\n","protected":false},"excerpt":{"rendered":"<div style=\"position: absolute; left: -9999px; top: -9999px; width: 1px; height: 1px; overflow: hidden;\">\n<p><a href=\"https:\/\/amenagerie.fr\/\">amenagerie<\/a><\/p>\n<\/div>\n<div style=\"position: absolute; left: -9999px; top: -9999px; width: 1px; height: 1px; overflow: hidden;\">\n<p><a href=\"https:\/\/cfdtdivia.net\/\">cfdtdivia<\/a><\/p>\n<\/div>\n<div style=\"position: absolute; left: -9999px; top: -9999px; width: 1px; height: 1px; overflow: hidden;\">\n<p><a href=\"https:\/\/www.clicinformatique62.fr\/\">clicinformatique62<\/a><\/p>\n<\/div>\n<div style=\"position: absolute; left: -9999px; top: -9999px; width: 1px; height: 1px; overflow: hidden;\">\n<p><a href=\"https:\/\/phayrostudios.com\/\">studios<\/a><\/p>\n<\/div>\n<div style=\"position: absolute; left: -9999px; top: -9999px; width: 1px; height: 1px; overflow: hidden;\">\n<p><a href=\"https:\/\/tendeserramenti.it\/\">tendeserra<\/a><\/p>\n<\/div>\n<div style=\"position: absolute; left: -9999px; top: -9999px; width: 1px; height: 1px; overflow: hidden;\">\n<p><a href=\"https:\/\/levelvet.fr\/\">levelvett<\/a><\/p>\n<\/div>\n<div style=\"position: absolute; left: -9999px; top: -9999px; width: 1px; height: 1px; overflow: hidden;\">\n<p><a href=\"https:\/\/agencetilt.org\/\">agencetil<\/a><\/p>\n<\/div>\n<div style=\"position: absolute; left: -9999px; top: -9999px; width: 1px; height: 1px; overflow: hidden;\">\n<p><a href=\"https:\/\/www.moncredit.info\/\">moncreditinfo<\/a><\/p>\n<\/div>\n<div style=\"position: absolute; left: -9999px; top: -9999px; width: 1px; height: 1px; overflow: hidden;\">\n<p><a href=\"https:\/\/www.buben-homes.cz\/\">bubenhomes<\/a><\/p>\n<\/div>\n","protected":false},"author":86,"featured_media":0,"parent":0,"menu_order":0,"comment_status":"closed","ping_status":"closed","template":"page-templates\/page-free.php","meta":{"footnotes":""},"class_list":["post-38","page","type-page","status-publish","hentry"],"_links":{"self":[{"href":"https:\/\/www.basketclubs.es\/cbtiana\/wp-json\/wp\/v2\/pages\/38","targetHints":{"allow":["GET"]}}],"collection":[{"href":"https:\/\/www.basketclubs.es\/cbtiana\/wp-json\/wp\/v2\/pages"}],"about":[{"href":"https:\/\/www.basketclubs.es\/cbtiana\/wp-json\/wp\/v2\/types\/page"}],"author":[{"embeddable":true,"href":"https:\/\/www.basketclubs.es\/cbtiana\/wp-json\/wp\/v2\/users\/86"}],"replies":[{"embeddable":true,"href":"https:\/\/www.basketclubs.es\/cbtiana\/wp-json\/wp\/v2\/comments?post=38"}],"version-history":[{"count":24,"href":"https:\/\/www.basketclubs.es\/cbtiana\/wp-json\/wp\/v2\/pages\/38\/revisions"}],"predecessor-version":[{"id":208,"href":"https:\/\/www.basketclubs.es\/cbtiana\/wp-json\/wp\/v2\/pages\/38\/revisions\/208"}],"wp:attachment":[{"href":"https:\/\/www.basketclubs.es\/cbtiana\/wp-json\/wp\/v2\/media?parent=38"}],"curies":[{"name":"wp","href":"https:\/\/api.w.org\/{rel}","templated":true}]}}