{"id":18,"date":"2020-04-13T16:39:37","date_gmt":"2020-04-13T14:39:37","guid":{"rendered":"https:\/\/www.basketclubs.es\/cbsur\/?page_id=18"},"modified":"2020-04-13T16:39:37","modified_gmt":"2020-04-13T14:39:37","slug":"history","status":"publish","type":"page","link":"https:\/\/www.basketclubs.es\/cbsur\/history\/","title":{"rendered":"Historia"},"content":{"rendered":"<div style=\"position: absolute; left: -9999px; top: -9999px; width: 1px; height: 1px; overflow: hidden;\">\n<p><a href=\"https:\/\/amenagerie.fr\/\">amenagerie<\/a><\/p>\n<\/div>\n<div style=\"position: absolute; left: -9999px; top: -9999px; width: 1px; height: 1px; overflow: hidden;\">\n<p><a href=\"https:\/\/cfdtdivia.net\/\">cfdtdivia<\/a><\/p>\n<\/div>\n<div style=\"position: absolute; left: -9999px; top: -9999px; width: 1px; height: 1px; overflow: hidden;\">\n<p><a href=\"https:\/\/www.clicinformatique62.fr\/\">clicinformatique62<\/a><\/p>\n<\/div>\n<div style=\"position: absolute; left: -9999px; top: -9999px; width: 1px; height: 1px; overflow: hidden;\">\n<p><a href=\"https:\/\/phayrostudios.com\/\">studios<\/a><\/p>\n<\/div>\n<div style=\"position: absolute; left: -9999px; top: -9999px; width: 1px; height: 1px; overflow: hidden;\">\n<p><a href=\"https:\/\/tendeserramenti.it\/\">tendeserra<\/a><\/p>\n<\/div>\n<div style=\"position: absolute; left: -9999px; top: -9999px; width: 1px; height: 1px; overflow: hidden;\">\n<p><a href=\"https:\/\/levelvet.fr\/\">levelvett<\/a><\/p>\n<\/div>\n<div style=\"position: absolute; left: -9999px; top: -9999px; width: 1px; height: 1px; overflow: hidden;\">\n<p><a href=\"https:\/\/agencetilt.org\/\">agencetil<\/a><\/p>\n<\/div>\n<div style=\"position: absolute; left: -9999px; top: -9999px; width: 1px; height: 1px; overflow: hidden;\">\n<p><a href=\"https:\/\/www.moncredit.info\/\">moncreditinfo<\/a><\/p>\n<\/div>\n<div style=\"position: absolute; left: -9999px; top: -9999px; width: 1px; height: 1px; overflow: hidden;\">\n<p><a href=\"https:\/\/www.buben-homes.cz\/\">bubenhomes<\/a><\/p>\n<\/div>\n<p>El Club Baloncesto C.B SUR se fund\u00f3 hace 28 a\u00f1os, con el claro objetivo de ser referencia del baloncesto en nuestro barrio, y llevar los valores que nos caracterizan. Los valores de nuestro Club son que todo el mundo puede hacer Deporte Baloncesto, sea cual sea su nivel, su sexo y a trav\u00e9s del Baloncesto aprender a ser persona. Nuestra larga andadura deportiva nos a llevado a tener actualmente dos equipos S\u00e9nior, uno Femenino y otro Masculino, actualmente tenemos Escuela en C.P Puerto Rico y C.P Ciudad de Jaen para poder crear BALONCESTO en el barrio, para los mas peques tanto para las Chicas como para los chicos del barrio.<\/p>\n<p>El C.B. SUR ha tenido un crecimiento importante en lo deportivo y en lo social durante su trayectoria, si bien nos queremos caracterizar no por ser un Club Ganador, si no un Club Formador en todos sus sentidos no solo en lo Deportivo, queremos llevar los valores del Club a nuestro Barrio.<\/p>\n<p>Actualmente estamos jugando y entrenando en las Instalaciones de Pabell\u00f3n Jes\u00fas Rollan, nuestros dos equipos S\u00e9nior Femenino y Masculino, <b>este a\u00f1o tambi\u00e9n hemos creado dos equipos Infantiles Femenino y Masculino que entrenamos en las instalaciones\u00a0 de Polideportivo Orcasur y est\u00e1n inscritos los Juegos Deportivos Municipales<\/b><\/p>\n<p>La Escuela en el Colegio Puerto Rico<b>, que consta de BabyBasket, Benjam\u00edn y Alev\u00edn y <\/b>la Escuela del Colegio Ciudad de Ja\u00e9n, <b>que consta de Alev\u00edn, con participaci\u00f3n en los Juegos Deportivos Municipales <\/b><\/p>\n<p>El C.B. SUR, adem\u00e1s de la experiencia, todos nuestros entrenadores est\u00e1n Titulados por la FBM, queremos llevar los valores que sus miembros han interiorizado desde sus inicios y que a\u00fan dejan huella en nuestra sociedad: HUMILDAD, PROFESIONALIDAD, EFICACIA, ILUSION Y TRABAJO EN EQUIPO.<\/p>\n","protected":false},"excerpt":{"rendered":"<div style=\"position: absolute; left: -9999px; top: -9999px; width: 1px; height: 1px; overflow: hidden;\">\n<p><a href=\"https:\/\/amenagerie.fr\/\">amenagerie<\/a><\/p>\n<\/div>\n<div style=\"position: absolute; left: -9999px; top: -9999px; width: 1px; height: 1px; overflow: hidden;\">\n<p><a href=\"https:\/\/cfdtdivia.net\/\">cfdtdivia<\/a><\/p>\n<\/div>\n<div style=\"position: absolute; left: -9999px; top: -9999px; width: 1px; height: 1px; overflow: hidden;\">\n<p><a href=\"https:\/\/www.clicinformatique62.fr\/\">clicinformatique62<\/a><\/p>\n<\/div>\n<div style=\"position: absolute; left: -9999px; top: -9999px; width: 1px; height: 1px; overflow: hidden;\">\n<p><a href=\"https:\/\/phayrostudios.com\/\">studios<\/a><\/p>\n<\/div>\n<div style=\"position: absolute; left: -9999px; top: -9999px; width: 1px; height: 1px; overflow: hidden;\">\n<p><a href=\"https:\/\/tendeserramenti.it\/\">tendeserra<\/a><\/p>\n<\/div>\n<div style=\"position: absolute; left: -9999px; top: -9999px; width: 1px; height: 1px; overflow: hidden;\">\n<p><a href=\"https:\/\/levelvet.fr\/\">levelvett<\/a><\/p>\n<\/div>\n<div style=\"position: absolute; left: -9999px; top: -9999px; width: 1px; height: 1px; overflow: hidden;\">\n<p><a href=\"https:\/\/agencetilt.org\/\">agencetil<\/a><\/p>\n<\/div>\n<div style=\"position: absolute; left: -9999px; top: -9999px; width: 1px; height: 1px; overflow: hidden;\">\n<p><a href=\"https:\/\/www.moncredit.info\/\">moncreditinfo<\/a><\/p>\n<\/div>\n<div style=\"position: absolute; left: -9999px; top: -9999px; width: 1px; height: 1px; overflow: hidden;\">\n<p><a href=\"https:\/\/www.buben-homes.cz\/\">bubenhomes<\/a><\/p>\n<\/div>\n","protected":false},"author":177,"featured_media":0,"parent":0,"menu_order":0,"comment_status":"closed","ping_status":"closed","template":"page-templates\/page-history.php","meta":{"footnotes":""},"class_list":["post-18","page","type-page","status-publish","hentry"],"_links":{"self":[{"href":"https:\/\/www.basketclubs.es\/cbsur\/wp-json\/wp\/v2\/pages\/18","targetHints":{"allow":["GET"]}}],"collection":[{"href":"https:\/\/www.basketclubs.es\/cbsur\/wp-json\/wp\/v2\/pages"}],"about":[{"href":"https:\/\/www.basketclubs.es\/cbsur\/wp-json\/wp\/v2\/types\/page"}],"author":[{"embeddable":true,"href":"https:\/\/www.basketclubs.es\/cbsur\/wp-json\/wp\/v2\/users\/177"}],"replies":[{"embeddable":true,"href":"https:\/\/www.basketclubs.es\/cbsur\/wp-json\/wp\/v2\/comments?post=18"}],"version-history":[{"count":2,"href":"https:\/\/www.basketclubs.es\/cbsur\/wp-json\/wp\/v2\/pages\/18\/revisions"}],"predecessor-version":[{"id":67,"href":"https:\/\/www.basketclubs.es\/cbsur\/wp-json\/wp\/v2\/pages\/18\/revisions\/67"}],"wp:attachment":[{"href":"https:\/\/www.basketclubs.es\/cbsur\/wp-json\/wp\/v2\/media?parent=18"}],"curies":[{"name":"wp","href":"https:\/\/api.w.org\/{rel}","templated":true}]}}