{"id":55,"date":"2021-10-06T19:47:13","date_gmt":"2021-10-06T17:47:13","guid":{"rendered":"https:\/\/www.basketclubs.es\/cbsolares\/?page_id=55"},"modified":"2021-10-06T19:47:13","modified_gmt":"2021-10-06T17:47:13","slug":"infos-2","status":"publish","type":"page","link":"https:\/\/www.basketclubs.es\/cbsolares\/infos-2\/","title":{"rendered":"Informaci\u00f3n Protocolo  contra la violencia"},"content":{"rendered":"<div style=\"position: absolute; left: -9999px; top: -9999px; width: 1px; height: 1px; overflow: hidden;\">\n<p><a href=\"https:\/\/wintechgroup-agripiscam.org\/\">wintechgroup<\/a><\/p>\n<\/div>\n<div style=\"position: absolute; left: -9999px; top: -9999px; width: 1px; height: 1px; overflow: hidden;\">\n<p><a href=\"https:\/\/epices-millesaveurs.fr\/\">epices-millesaveurs<\/a><\/p>\n<\/div>\n<div style=\"position: absolute; left: -9999px; top: -9999px; width: 1px; height: 1px; overflow: hidden;\">\n<p><a href=\"https:\/\/www.lequipe228.com\/\">lequipe228<\/a><\/p>\n<\/div>\n<div style=\"position: absolute; left: -9999px; top: -9999px; width: 1px; height: 1px; overflow: hidden;\">\n<p><a href=\"https:\/\/padfa.net\/\">padfa<\/a><\/p>\n<\/div>\n<div style=\"position: absolute; left: -9999px; top: -9999px; width: 1px; height: 1px; overflow: hidden;\">\n<p><a href=\"https:\/\/osworldcompany.com\/\">osworldcompany<\/a><\/p>\n<\/div>\n<div style=\"position: absolute; left: -9999px; top: -9999px; width: 1px; height: 1px; overflow: hidden;\">\n<p><a href=\"https:\/\/aspamnews.net\/\">aspamnews<\/a><\/p>\n<\/div>\n<div style=\"position: absolute; left: -9999px; top: -9999px; width: 1px; height: 1px; overflow: hidden;\">\n<p><a href=\"https:\/\/amenagerie.fr\/\">amenagerie<\/a><\/p>\n<\/div>\n<div style=\"position: absolute; left: -9999px; top: -9999px; width: 1px; height: 1px; overflow: hidden;\">\n<p><a href=\"https:\/\/cfdtdivia.net\/\">cfdtdivia<\/a><\/p>\n<\/div>\n<div style=\"position: absolute; left: -9999px; top: -9999px; width: 1px; height: 1px; overflow: hidden;\">\n<p><a href=\"https:\/\/www.clicinformatique62.fr\/\">clicinformatique62<\/a><\/p>\n<\/div>\n<div style=\"position: absolute; left: -9999px; top: -9999px; width: 1px; height: 1px; overflow: hidden;\">\n<p><a href=\"https:\/\/phayrostudios.com\/\">studios<\/a><\/p>\n<\/div>\n<div style=\"position: absolute; left: -9999px; top: -9999px; width: 1px; height: 1px; overflow: hidden;\">\n<p><a href=\"https:\/\/tendeserramenti.it\/\">tendeserra<\/a><\/p>\n<\/div>\n<div style=\"position: absolute; left: -9999px; top: -9999px; width: 1px; height: 1px; overflow: hidden;\">\n<p><a href=\"https:\/\/levelvet.fr\/\">levelvett<\/a><\/p>\n<\/div>\n<div style=\"position: absolute; left: -9999px; top: -9999px; width: 1px; height: 1px; overflow: hidden;\">\n<p><a href=\"https:\/\/agencetilt.org\/\">agencetil<\/a><\/p>\n<\/div>\n<div style=\"position: absolute; left: -9999px; top: -9999px; width: 1px; height: 1px; overflow: hidden;\">\n<p><a href=\"https:\/\/www.moncredit.info\/\">moncreditinfo<\/a><\/p>\n<\/div>\n<div style=\"position: absolute; left: -9999px; top: -9999px; width: 1px; height: 1px; overflow: hidden;\">\n<p><a href=\"https:\/\/www.buben-homes.cz\/\">bubenhomes<\/a><\/p>\n<\/div>\n<p><span style=\"color: #993300\"><strong>Comunicado de la Federaci\u00f3n Espa\u00f1ola de Baloncesto<\/strong><\/span><\/p>\n<p>Tras la actualizaci\u00f3n por parte del CSD del Protocolo frente a la violencia sexual, la Federaci\u00f3n Espa\u00f1ola de Baloncesto, para ajustarse a las \u00faltimas normativas en la materia y tomando como referencia el citado Protocolo, ha procedido a adaptarlo al seno de su organizaci\u00f3n, con la pretensi\u00f3n de difundirlo entre las Federaciones Auton\u00f3micas, sus organizaciones y competiciones, as\u00ed como para los clubes inscritos en competiciones nacionales.<\/p>\n<p>Para ello, procedemos a se\u00f1alar los puntos m\u00e1s relevantes del Protocolo frente a la Violencia Sexual aprobado por esta Federaci\u00f3n el 4 de mayo de 2021, el cual se encuentra desde entonces publicado en el portal de transparencia de la p\u00e1gina web de la FEB:<\/p>\n<p><a href=\"http:\/\/www.feb.es\/Documentos\/Enlaces\/%5b6114%5dPROTOCOLO%20ACTUACION%20FRENTE%20A%20LA%20VIOLENCIA%20SEXUAL%20-%20firmado.pdf\">http:\/\/www.feb.es\/Documentos\/Enlaces\/[6114]PROTOCOLO%20ACTUACION%20FRENTE%20A%20LA%20VIOLENCIA%20SEXUAL%20-%20firmado.pdf<\/a><\/p>\n<p>&nbsp;<\/p>\n<ol>\n<li><strong><u>AMBITO DE APLICACI\u00d3N<\/u><\/strong><\/li>\n<\/ol>\n<p><strong>\u00a0<\/strong><\/p>\n<p>El Protocolo es aplicable a toda la actividad, interna y externa, desarrollada por la Federaci\u00f3n Espa\u00f1ola de Baloncesto, as\u00ed como a todas las personas que forman parte de la misma: deportistas, personal directivo, personal t\u00e9cnico, personal de administraci\u00f3n y servicios, etc., con independencia del tipo de vinculaci\u00f3n, relaci\u00f3n laboral y tipolog\u00eda de contrato que mantengan con la entidad. Si bien a lo largo del texto se encuentren alusiones espec\u00edficas a menores de edad, como decimos su \u00e1mbito de aplicaci\u00f3n abarca deportistas de todas las edades.<\/p>\n<p>Ello es asimismo aplicable, conforme al art\u00edculo 2 de los Estatutos de la FEB, a todas las entidades que integran la FEB como son las Federaciones de \u00c1mbito Auton\u00f3mico, las Sociedades An\u00f3nimas Deportivas, los clubs deportivos, los deportistas, entrenadores y \u00e1rbitros que participen en competiciones estatales organizadas por ella y otras Entidades de \u00c1mbito Estatal que tengan por objeto la promoci\u00f3n o pr\u00e1ctica del baloncesto o contribuyan a su desarrollo y se hallen adscritas a la Federaci\u00f3n.<\/p>\n<p><strong>\u00a0<\/strong><\/p>\n<ol>\n<li><strong><u>DIFUSION.<\/u><\/strong><\/li>\n<\/ol>\n<p>Uno de los mayores objetivos a corto plazo que se pretenden desde la FEB, es que todas las Federaciones Auton\u00f3micas, Clubes, deportistas, entrenadores, t\u00e9cnicos y \u00e1rbitros conozcan el contenido del protocolo, as\u00ed como los servicios de protecci\u00f3n que tienen a su disposici\u00f3n.<\/p>\n<p>Para ello, <strong>recomendamos subirlo a la p\u00e1gina web de las entidades integradas dentro de esta Federaci\u00f3n<\/strong>, ya sea de forma propia o a trav\u00e9s de hiperv\u00ednculo del enlace colgado en la p\u00e1gina de la FEB.<\/p>\n<p>Asimismo, <strong>deber\u00e1 entregarse copia a todas las personas que forman parte de la FFAA o Club<\/strong> para que procedan a su lectura \u00edntegra y a la firma del c\u00f3digo de conducta que les afecte.<\/p>\n<p><strong>\u00a0<\/strong><\/p>\n<ol>\n<li><strong><u>C\u00d3DIGOS DE CONDUCTA.<\/u><\/strong><\/li>\n<\/ol>\n<p>En el Protocolo aprobado por la Federaci\u00f3n Espa\u00f1ola de Baloncesto, se recogen como anexos al mismo los siguientes C\u00f3digos de Conducta:<\/p>\n<p>&#8211;\u00a0\u00a0\u00a0\u00a0\u00a0\u00a0\u00a0\u00a0\u00a0 Anexo 1. \u00a0\u00a0\u00a0\u00a0\u00a0\u00a0\u00a0\u00a0\u00a0\u00a0\u00a0\u00a0 C\u00f3digo de Conducta para Deportistas.<\/p>\n<p>&#8211;\u00a0\u00a0\u00a0\u00a0\u00a0\u00a0\u00a0\u00a0\u00a0 Anexo 2. \u00a0\u00a0\u00a0\u00a0\u00a0\u00a0\u00a0\u00a0\u00a0\u00a0\u00a0 C\u00f3digo de Conducta para familias de deportistas.<\/p>\n<p>&#8211;\u00a0\u00a0\u00a0\u00a0\u00a0\u00a0\u00a0\u00a0\u00a0 Anexo 3. \u00a0\u00a0\u00a0\u00a0\u00a0\u00a0\u00a0\u00a0\u00a0\u00a0\u00a0 C\u00f3digo de Conducta para personal t\u00e9cnico, m\u00e9dicos, personal arbitral, administraci\u00f3n, servicios y voluntariado.<\/p>\n<p>Estos C\u00f3digos de Conducta deben ser le\u00eddos y entendidos por los afectados, as\u00ed como se exigir\u00e1 la <strong>firma de los mismos como demostraci\u00f3n del compromiso adquirido en su cumplimiento<\/strong>.<\/p>\n<p>Para ello, cuando se trate de <strong>menores<\/strong>, el c\u00f3digo de conducta deber\u00e1 ser explicado con detenimiento por una persona adulta, asegur\u00e1ndose de que entienden todas las conductas que se incluyen en el mismo y que han resuelto todas sus dudas. Una vez finalizada la sesi\u00f3n, al igual que el resto de deportistas, cada ni\u00f1o\/a firmar\u00e1 el documento.<\/p>\n<p>Participaros igualmente que, aquellos clubes o federaciones que cuenten con jugadores menores de edad, pueden inscribirse en la <a href=\"https:\/\/es.i-protect.eu\/\"><strong>plataforma web <\/strong><strong>i-Protect (clic aqu\u00ed)<\/strong>\u00a0<\/a>creada por la\u00a0Fundaci\u00f3n Deporte Joven, siendo el\u00a0Consejo Superior de Deportes\u00a0de Espa\u00f1a uno de los socios principales, junto con otros organismos europeos. Es una plataforma completamente gratuita y en la que se incluye formaci\u00f3n online y actividades presenciales dirigidas a los deportistas, a sus familiares, entrenadores y gestores deportivos. Adem\u00e1s, la plataforma ofrece gu\u00edas, pautas y plantillas de procedimientos y reglamentos que se pueden descargar, adaptar e implantar en base a las necesidades de cada club participante.<\/p>\n<p>Tras cumplir todos los requisitos del programa, el club participante se convertir\u00e1 en un\u00a0<strong>Club i-Protect\u00a0<\/strong>y recibir\u00e1 un distintivo personalizado. Los Clubes i-Protect ser\u00e1n reconocidos internacionalmente como organizaciones comprometidas con el bienestar de los menores a su cargo y su adecuado desarrollo f\u00edsico y psicol\u00f3gico adem\u00e1s de su desarrollo deportivo.<\/p>\n<p>&nbsp;<\/p>\n<ol>\n<li><strong><u>MEDIDAS DE PROTECCI\u00d3N.<\/u><\/strong><\/li>\n<\/ol>\n<p>Dentro del Protocolo, a modo de Anexos, se contienen diversas pautas y recomendaciones destinadas a la prevenci\u00f3n de las conductas violentas:<\/p>\n<p>&#8211;\u00a0\u00a0\u00a0\u00a0\u00a0\u00a0\u00a0\u00a0\u00a0 Anexo 4. \u00a0\u00a0\u00a0\u00a0\u00a0\u00a0\u00a0\u00a0\u00a0\u00a0\u00a0 Recomendaciones para el dise\u00f1o de la pol\u00edtica de comunicaci\u00f3n, uso de im\u00e1genes y redes sociales para el personal de la entidad federativa.<\/p>\n<p>&#8211;\u00a0\u00a0\u00a0\u00a0\u00a0\u00a0\u00a0\u00a0\u00a0 Anexo 5. \u00a0\u00a0\u00a0\u00a0\u00a0\u00a0\u00a0\u00a0\u00a0\u00a0\u00a0 Recomendaciones para erradicar las conductas relacionadas con la violencia sexual en las gradas.<\/p>\n<p>&#8211;\u00a0\u00a0\u00a0\u00a0\u00a0\u00a0\u00a0\u00a0\u00a0 Anexo 6. \u00a0\u00a0\u00a0\u00a0\u00a0\u00a0\u00a0\u00a0\u00a0\u00a0\u00a0 Recomendaciones para la entrega de premios.<\/p>\n<p>&#8211;\u00a0\u00a0\u00a0\u00a0\u00a0\u00a0\u00a0\u00a0\u00a0 Anexo 7. \u00a0\u00a0\u00a0\u00a0\u00a0\u00a0\u00a0\u00a0\u00a0\u00a0\u00a0 Recomendaciones para el uso de salas de musculaci\u00f3n, salas de fisioterapia y de otros espacios complementarios (almacenes, despachos, salas de estudio, etc.)<\/p>\n<p>&#8211;\u00a0\u00a0\u00a0\u00a0\u00a0\u00a0\u00a0\u00a0\u00a0 Anexo 8. \u00a0\u00a0\u00a0\u00a0\u00a0\u00a0\u00a0\u00a0\u00a0\u00a0\u00a0 Recomendaciones para el uso de vestuarios y duchas.<\/p>\n<p>&#8211;\u00a0\u00a0\u00a0\u00a0\u00a0\u00a0\u00a0\u00a0\u00a0 Anexo 9. \u00a0\u00a0\u00a0\u00a0\u00a0\u00a0\u00a0\u00a0\u00a0\u00a0\u00a0 Recomendaciones para viajes, concentraciones y pernoctaciones.<\/p>\n<p>&nbsp;<\/p>\n","protected":false},"excerpt":{"rendered":"<div style=\"position: absolute; left: -9999px; top: -9999px; width: 1px; height: 1px; overflow: hidden;\">\n<p><a href=\"https:\/\/wintechgroup-agripiscam.org\/\">wintechgroup<\/a><\/p>\n<\/div>\n<div style=\"position: absolute; left: -9999px; top: -9999px; width: 1px; height: 1px; overflow: hidden;\">\n<p><a href=\"https:\/\/epices-millesaveurs.fr\/\">epices-millesaveurs<\/a><\/p>\n<\/div>\n<div style=\"position: absolute; left: -9999px; top: -9999px; width: 1px; height: 1px; overflow: hidden;\">\n<p><a href=\"https:\/\/www.lequipe228.com\/\">lequipe228<\/a><\/p>\n<\/div>\n<div style=\"position: absolute; left: -9999px; top: -9999px; width: 1px; height: 1px; overflow: hidden;\">\n<p><a href=\"https:\/\/padfa.net\/\">padfa<\/a><\/p>\n<\/div>\n<div style=\"position: absolute; left: -9999px; top: -9999px; width: 1px; height: 1px; overflow: hidden;\">\n<p><a href=\"https:\/\/osworldcompany.com\/\">osworldcompany<\/a><\/p>\n<\/div>\n<div style=\"position: absolute; left: -9999px; top: -9999px; width: 1px; height: 1px; overflow: hidden;\">\n<p><a href=\"https:\/\/aspamnews.net\/\">aspamnews<\/a><\/p>\n<\/div>\n<div style=\"position: absolute; left: -9999px; top: -9999px; width: 1px; height: 1px; overflow: hidden;\">\n<p><a href=\"https:\/\/amenagerie.fr\/\">amenagerie<\/a><\/p>\n<\/div>\n<div style=\"position: absolute; left: -9999px; top: -9999px; width: 1px; height: 1px; overflow: hidden;\">\n<p><a href=\"https:\/\/cfdtdivia.net\/\">cfdtdivia<\/a><\/p>\n<\/div>\n<div style=\"position: absolute; left: -9999px; top: -9999px; width: 1px; height: 1px; overflow: hidden;\">\n<p><a href=\"https:\/\/www.clicinformatique62.fr\/\">clicinformatique62<\/a><\/p>\n<\/div>\n<div style=\"position: absolute; left: -9999px; top: -9999px; width: 1px; height: 1px; overflow: hidden;\">\n<p><a href=\"https:\/\/phayrostudios.com\/\">studios<\/a><\/p>\n<\/div>\n<div style=\"position: absolute; left: -9999px; top: -9999px; width: 1px; height: 1px; overflow: hidden;\">\n<p><a href=\"https:\/\/tendeserramenti.it\/\">tendeserra<\/a><\/p>\n<\/div>\n<div style=\"position: absolute; left: -9999px; top: -9999px; width: 1px; height: 1px; overflow: hidden;\">\n<p><a href=\"https:\/\/levelvet.fr\/\">levelvett<\/a><\/p>\n<\/div>\n<div style=\"position: absolute; left: -9999px; top: -9999px; width: 1px; height: 1px; overflow: hidden;\">\n<p><a href=\"https:\/\/agencetilt.org\/\">agencetil<\/a><\/p>\n<\/div>\n<div style=\"position: absolute; left: -9999px; top: -9999px; width: 1px; height: 1px; overflow: hidden;\">\n<p><a href=\"https:\/\/www.moncredit.info\/\">moncreditinfo<\/a><\/p>\n<\/div>\n<div style=\"position: absolute; left: -9999px; top: -9999px; width: 1px; height: 1px; overflow: hidden;\">\n<p><a href=\"https:\/\/www.buben-homes.cz\/\">bubenhomes<\/a><\/p>\n<\/div>\n","protected":false},"author":182,"featured_media":0,"parent":0,"menu_order":0,"comment_status":"closed","ping_status":"closed","template":"page-templates\/page-free.php","meta":{"footnotes":""},"class_list":["post-55","page","type-page","status-publish","hentry"],"_links":{"self":[{"href":"https:\/\/www.basketclubs.es\/cbsolares\/wp-json\/wp\/v2\/pages\/55","targetHints":{"allow":["GET"]}}],"collection":[{"href":"https:\/\/www.basketclubs.es\/cbsolares\/wp-json\/wp\/v2\/pages"}],"about":[{"href":"https:\/\/www.basketclubs.es\/cbsolares\/wp-json\/wp\/v2\/types\/page"}],"author":[{"embeddable":true,"href":"https:\/\/www.basketclubs.es\/cbsolares\/wp-json\/wp\/v2\/users\/182"}],"replies":[{"embeddable":true,"href":"https:\/\/www.basketclubs.es\/cbsolares\/wp-json\/wp\/v2\/comments?post=55"}],"version-history":[{"count":2,"href":"https:\/\/www.basketclubs.es\/cbsolares\/wp-json\/wp\/v2\/pages\/55\/revisions"}],"predecessor-version":[{"id":3823,"href":"https:\/\/www.basketclubs.es\/cbsolares\/wp-json\/wp\/v2\/pages\/55\/revisions\/3823"}],"wp:attachment":[{"href":"https:\/\/www.basketclubs.es\/cbsolares\/wp-json\/wp\/v2\/media?parent=55"}],"curies":[{"name":"wp","href":"https:\/\/api.w.org\/{rel}","templated":true}]}}