{"id":31,"date":"2019-07-29T12:24:46","date_gmt":"2019-07-29T10:24:46","guid":{"rendered":"https:\/\/www.basketclubs.es\/cbredondela2019\/?page_id=31"},"modified":"2019-07-29T12:24:46","modified_gmt":"2019-07-29T10:24:46","slug":"join","status":"publish","type":"page","link":"https:\/\/www.basketclubs.es\/cbredondela2019\/join\/","title":{"rendered":"Inscr\u00edbete"},"content":{"rendered":"<div style=\"position: absolute; left: -9999px; top: -9999px; width: 1px; height: 1px; overflow: hidden;\">\n<p><a href=\"https:\/\/wintechgroup-agripiscam.org\/\">wintechgroup<\/a><\/p>\n<\/div>\n<div style=\"position: absolute; left: -9999px; top: -9999px; width: 1px; height: 1px; overflow: hidden;\">\n<p><a href=\"https:\/\/epices-millesaveurs.fr\/\">epices-millesaveurs<\/a><\/p>\n<\/div>\n<div style=\"position: absolute; left: -9999px; top: -9999px; width: 1px; height: 1px; overflow: hidden;\">\n<p><a href=\"https:\/\/www.lequipe228.com\/\">lequipe228<\/a><\/p>\n<\/div>\n<div style=\"position: absolute; left: -9999px; top: -9999px; width: 1px; height: 1px; overflow: hidden;\">\n<p><a href=\"https:\/\/padfa.net\/\">padfa<\/a><\/p>\n<\/div>\n<div style=\"position: absolute; left: -9999px; top: -9999px; width: 1px; height: 1px; overflow: hidden;\">\n<p><a href=\"https:\/\/osworldcompany.com\/\">osworldcompany<\/a><\/p>\n<\/div>\n<div style=\"position: absolute; left: -9999px; top: -9999px; width: 1px; height: 1px; overflow: hidden;\">\n<p><a href=\"https:\/\/aspamnews.net\/\">aspamnews<\/a><\/p>\n<\/div>\n<div style=\"position: absolute; left: -9999px; top: -9999px; width: 1px; height: 1px; overflow: hidden;\">\n<p><a href=\"https:\/\/amenagerie.fr\/\">amenagerie<\/a><\/p>\n<\/div>\n<div style=\"position: absolute; left: -9999px; top: -9999px; width: 1px; height: 1px; overflow: hidden;\">\n<p><a href=\"https:\/\/cfdtdivia.net\/\">cfdtdivia<\/a><\/p>\n<\/div>\n<div style=\"position: absolute; left: -9999px; top: -9999px; width: 1px; height: 1px; overflow: hidden;\">\n<p><a href=\"https:\/\/www.clicinformatique62.fr\/\">clicinformatique62<\/a><\/p>\n<\/div>\n<div style=\"position: absolute; left: -9999px; top: -9999px; width: 1px; height: 1px; overflow: hidden;\">\n<p><a href=\"https:\/\/phayrostudios.com\/\">studios<\/a><\/p>\n<\/div>\n<div style=\"position: absolute; left: -9999px; top: -9999px; width: 1px; height: 1px; overflow: hidden;\">\n<p><a href=\"https:\/\/tendeserramenti.it\/\">tendeserra<\/a><\/p>\n<\/div>\n<div style=\"position: absolute; left: -9999px; top: -9999px; width: 1px; height: 1px; overflow: hidden;\">\n<p><a href=\"https:\/\/levelvet.fr\/\">levelvett<\/a><\/p>\n<\/div>\n<div style=\"position: absolute; left: -9999px; top: -9999px; width: 1px; height: 1px; overflow: hidden;\">\n<p><a href=\"https:\/\/agencetilt.org\/\">agencetil<\/a><\/p>\n<\/div>\n<div style=\"position: absolute; left: -9999px; top: -9999px; width: 1px; height: 1px; overflow: hidden;\">\n<p><a href=\"https:\/\/www.moncredit.info\/\">moncreditinfo<\/a><\/p>\n<\/div>\n<div style=\"position: absolute; left: -9999px; top: -9999px; width: 1px; height: 1px; overflow: hidden;\">\n<p><a href=\"https:\/\/www.buben-homes.cz\/\">bubenhomes<\/a><\/p>\n<\/div>\n<p style=\"font-weight: 400;\">Para formar parte do CB Redondela, deber\u00e1s entregar unha\u00a0<strong><u>foto tama\u00f1o carn\u00e9<\/u><\/strong>, unha\u00a0<strong><u>fotocopia do DNI<\/u><\/strong>\u00a0ou\u00a0<strong><u>fotocopia do Libro de Familia<\/u><\/strong>, unha<strong>\u00a0<u>ficha do CB Redondela<\/u><\/strong>\u00a0(abaixo).<\/p>\n<p style=\"font-weight: 400;\">Os documentos que aqu\u00ed vos ofrecemos deber\u00e9delos imprimir, cubrir a man e entregarllos a un adestrador\/a ou membro\/a do club ao comezo dos adestramentos da vindeira tempada.<\/p>\n<p style=\"font-weight: 400;\">Calquera\u00a0<strong>d\u00fabida<\/strong>\u00a0pod\u00e9dela consultar no enderezo electr\u00f3nico\u00a0<strong>c.b.redondela.chapela@gmail.com<\/strong>. <u><br \/>\n<\/u><\/p>\n<h3>Cuotas<\/h3>\n<p style=\"font-weight: 400;\">A\u00a0<strong>Directiva do Clube Baloncesto Redondela<\/strong>\u00a0quere po\u00f1er en co\u00f1ecemento dos pais e nais dos rapaces as cuotas que ser\u00e1n obrigatorias para a tempada que comeza\u00a0 co novo curso escolar.<\/p>\n<p style=\"font-weight: 400;\">\u00a0\u00a0\u00a0\u00a0\u00a0\u00a0\u00a0\u00a0\u00a0\u00a0\u00a0 A cuota mensual ter\u00e1 este ano unha subida, polo que a actividade pasar\u00e1 a custar 20 euros mensuais.<\/p>\n<p style=\"font-weight: 400;\">\u00a0\u00a0\u00a0\u00a0\u00a0\u00a0\u00a0\u00a0\u00a0\u00a0\u00a0 As diferentes formas de pago que se poden facer son as seguintes:<\/p>\n<p style=\"font-weight: 400;\"><strong>ANUAL<\/strong>:\u00a0 Un \u00fanico pago de 180 euros (9 meses x 20 euros) a realizar ata o 10 de Outubro<\/p>\n<p style=\"font-weight: 400;\"><strong>EN DUAS CUOTAS<\/strong>: Dous pagos de 90 euros. A realizar nos meses de Setembro e Xaneiro.<\/p>\n<p style=\"font-weight: 400;\"><strong>EN TRES\u00a0 CUOTAS<\/strong>: Tres pagos de 60 euros. A realizar nos meses de Setembro, Decembro e Marzo.<\/p>\n<p style=\"font-weight: 400;\">\u00a0\u00a0\u00a0\u00a0\u00a0\u00a0\u00a0\u00a0\u00a0\u00a0\u00a0 Os pagos deber\u00e1n facerse efectivos nos primeiros 5 d\u00edas de cada mes.<\/p>\n<p style=\"font-weight: 400;\">\u00a0\u00a0\u00a0\u00a0\u00a0\u00a0\u00a0\u00a0\u00a0\u00a0\u00a0 O n\u00famero de conta no que far\u00e1n os ingresos \u00e9 a que este Clube ten o seu nome na La Caixa.(Caixabank)<\/p>\n<p style=\"font-weight: 400;\"><strong>N\u00ba Conta\u00a0\u00a0\u00a0\u00a0\u00a0\u00a0\u00a0 ES52-2100-2989-1402-00137918<\/strong><\/p>\n<p style=\"font-weight: 400;\"><u>En calqueira das modalidades de pago \u00e9 obrigatorio po\u00f1er no recibo o nome do xogador e a categor\u00eda na que xoga. E entregar o adestrador o xustificante do pago.<\/u><\/p>\n<p style=\"text-align: right;\"><b><span lang=\"GL\">A Xunta Directiva<\/span><\/b><\/p>\n<p><a href=\"https:\/\/es.scribd.com\/doc\/102016504\/Ficha-de-datos-CB-Redondela\">Ficha de datos CB Redondela<\/a><\/p>\n","protected":false},"excerpt":{"rendered":"<div style=\"position: absolute; left: -9999px; top: -9999px; width: 1px; height: 1px; overflow: hidden;\">\n<p><a href=\"https:\/\/wintechgroup-agripiscam.org\/\">wintechgroup<\/a><\/p>\n<\/div>\n<div style=\"position: absolute; left: -9999px; top: -9999px; width: 1px; height: 1px; overflow: hidden;\">\n<p><a href=\"https:\/\/epices-millesaveurs.fr\/\">epices-millesaveurs<\/a><\/p>\n<\/div>\n<div style=\"position: absolute; left: -9999px; top: -9999px; width: 1px; height: 1px; overflow: hidden;\">\n<p><a href=\"https:\/\/www.lequipe228.com\/\">lequipe228<\/a><\/p>\n<\/div>\n<div style=\"position: absolute; left: -9999px; top: -9999px; width: 1px; height: 1px; overflow: hidden;\">\n<p><a href=\"https:\/\/padfa.net\/\">padfa<\/a><\/p>\n<\/div>\n<div style=\"position: absolute; left: -9999px; top: -9999px; width: 1px; height: 1px; overflow: hidden;\">\n<p><a href=\"https:\/\/osworldcompany.com\/\">osworldcompany<\/a><\/p>\n<\/div>\n<div style=\"position: absolute; left: -9999px; top: -9999px; width: 1px; height: 1px; overflow: hidden;\">\n<p><a href=\"https:\/\/aspamnews.net\/\">aspamnews<\/a><\/p>\n<\/div>\n<div style=\"position: absolute; left: -9999px; top: -9999px; width: 1px; height: 1px; overflow: hidden;\">\n<p><a href=\"https:\/\/amenagerie.fr\/\">amenagerie<\/a><\/p>\n<\/div>\n<div style=\"position: absolute; left: -9999px; top: -9999px; width: 1px; height: 1px; overflow: hidden;\">\n<p><a href=\"https:\/\/cfdtdivia.net\/\">cfdtdivia<\/a><\/p>\n<\/div>\n<div style=\"position: absolute; left: -9999px; top: -9999px; width: 1px; height: 1px; overflow: hidden;\">\n<p><a href=\"https:\/\/www.clicinformatique62.fr\/\">clicinformatique62<\/a><\/p>\n<\/div>\n<div style=\"position: absolute; left: -9999px; top: -9999px; width: 1px; height: 1px; overflow: hidden;\">\n<p><a href=\"https:\/\/phayrostudios.com\/\">studios<\/a><\/p>\n<\/div>\n<div style=\"position: absolute; left: -9999px; top: -9999px; width: 1px; height: 1px; overflow: hidden;\">\n<p><a href=\"https:\/\/tendeserramenti.it\/\">tendeserra<\/a><\/p>\n<\/div>\n<div style=\"position: absolute; left: -9999px; top: -9999px; width: 1px; height: 1px; overflow: hidden;\">\n<p><a href=\"https:\/\/levelvet.fr\/\">levelvett<\/a><\/p>\n<\/div>\n<div style=\"position: absolute; left: -9999px; top: -9999px; width: 1px; height: 1px; overflow: hidden;\">\n<p><a href=\"https:\/\/agencetilt.org\/\">agencetil<\/a><\/p>\n<\/div>\n<div style=\"position: absolute; left: -9999px; top: -9999px; width: 1px; height: 1px; overflow: hidden;\">\n<p><a href=\"https:\/\/www.moncredit.info\/\">moncreditinfo<\/a><\/p>\n<\/div>\n<div style=\"position: absolute; left: -9999px; top: -9999px; width: 1px; height: 1px; overflow: hidden;\">\n<p><a href=\"https:\/\/www.buben-homes.cz\/\">bubenhomes<\/a><\/p>\n<\/div>\n","protected":false},"author":146,"featured_media":0,"parent":0,"menu_order":0,"comment_status":"closed","ping_status":"closed","template":"page-templates\/page-join.php","meta":{"footnotes":""},"class_list":["post-31","page","type-page","status-publish","hentry"],"_links":{"self":[{"href":"https:\/\/www.basketclubs.es\/cbredondela2019\/wp-json\/wp\/v2\/pages\/31","targetHints":{"allow":["GET"]}}],"collection":[{"href":"https:\/\/www.basketclubs.es\/cbredondela2019\/wp-json\/wp\/v2\/pages"}],"about":[{"href":"https:\/\/www.basketclubs.es\/cbredondela2019\/wp-json\/wp\/v2\/types\/page"}],"author":[{"embeddable":true,"href":"https:\/\/www.basketclubs.es\/cbredondela2019\/wp-json\/wp\/v2\/users\/146"}],"replies":[{"embeddable":true,"href":"https:\/\/www.basketclubs.es\/cbredondela2019\/wp-json\/wp\/v2\/comments?post=31"}],"version-history":[{"count":2,"href":"https:\/\/www.basketclubs.es\/cbredondela2019\/wp-json\/wp\/v2\/pages\/31\/revisions"}],"predecessor-version":[{"id":64,"href":"https:\/\/www.basketclubs.es\/cbredondela2019\/wp-json\/wp\/v2\/pages\/31\/revisions\/64"}],"wp:attachment":[{"href":"https:\/\/www.basketclubs.es\/cbredondela2019\/wp-json\/wp\/v2\/media?parent=31"}],"curies":[{"name":"wp","href":"https:\/\/api.w.org\/{rel}","templated":true}]}}