{"id":27,"date":"2019-10-22T16:16:09","date_gmt":"2019-10-22T14:16:09","guid":{"rendered":"https:\/\/www.basketclubs.es\/cbredondela2019\/?page_id=27"},"modified":"2019-10-22T16:16:09","modified_gmt":"2019-10-22T14:16:09","slug":"the-club-3","status":"publish","type":"page","link":"https:\/\/www.basketclubs.es\/cbredondela2019\/the-club-3\/","title":{"rendered":"BASES DE COMPETICI\u00d3N PARA CADA CATEGOR\u00cdA"},"content":{"rendered":"<p>Os adjuntamos los enlaces para que pod\u00e1is ver las bases de cada una de las competiciones.<\/p>\n<p><a href=\"https:\/\/www.basketclubs.es\/cbredondela2019\/wp-content\/uploads\/sites\/145\/2019\/10\/BASES-DE-COMPETICI\u00d3N-2\u00ba-DIVISION-CADETE-MASCULINO-G-E-VIGO-19-20.pdf\" target=\"\">BASES DE COMPETICI\u00d3N 2\u00ba DIVISION CADETE MASCULINO G E VIGO 19 20<\/a><\/p>\n<p><a href=\"https:\/\/www.basketclubs.es\/cbredondela2019\/wp-content\/uploads\/sites\/145\/2019\/10\/BASES-DE-COMPETICI\u00d3N-2\u00aa-DIVISION-INFANTIL-MASCULINO-G-E-2019-20.pdf\" target=\"\">BASES DE COMPETICI\u00d3N 2\u00aa DIVISION INFANTIL MASCULINO G E 2019 20<\/a><\/p>\n<p><a href=\"https:\/\/www.basketclubs.es\/cbredondela2019\/wp-content\/uploads\/sites\/145\/2019\/10\/BASES-DE-COMPETICI\u00d3N-2\u00aa-DIVISION-INFANTIL-FEMENINO-G-E-2019-20.pdf\" target=\"\">BASES DE COMPETICI\u00d3N 2\u00aa DIVISION INFANTIL FEMENINO G E 2019 20<\/a><\/p>\n<p><a href=\"https:\/\/www.basketclubs.es\/cbredondela2019\/wp-content\/uploads\/sites\/145\/2019\/10\/BASES-DE-COMPETICI\u00d3N-2\u00aa-DIVISION-ALEVIN-MASCULINO-DVB-19-20.pdf\" target=\"\">BASES DE COMPETICI\u00d3N 2\u00aa DIVISION ALEVIN MASCULINO DVB 19 20<\/a><\/p>\n<p><a href=\"https:\/\/www.basketclubs.es\/cbredondela2019\/wp-content\/uploads\/sites\/145\/2019\/10\/BASES-DE-COMPETICI\u00d3N-2\u00aa-DIVISION-ALEVIN-FEMENINO-DVB-19-20.pdf\" target=\"\">BASES DE COMPETICI\u00d3N 2\u00aa DIVISION ALEVIN FEMENINO DVB 19 20<\/a><\/p>\n<p><a href=\"https:\/\/www.basketclubs.es\/cbredondela2019\/wp-content\/uploads\/sites\/145\/2019\/10\/BASES-DE-COMPETICI\u00d3N-2\u00ba-DIVISION-JUNIOR-FEMENINO-G-B-19-20-1.pdf\" target=\"\">BASES DE COMPETICI\u00d3N 2\u00ba DIVISION JUNIOR FEMENINO G B 19 20 (1)<\/a><\/p>\n<p><a href=\"https:\/\/www.basketclubs.es\/cbredondela2019\/wp-content\/uploads\/sites\/145\/2019\/10\/19-20-2\u00aa-DIVISION-INFANTIL-MASCULINO-G-E.pdf\" target=\"\">19 20 2\u00aa DIVISION INFANTIL MASCULINO G E<\/a><\/p>\n<p><a href=\"https:\/\/www.basketclubs.es\/cbredondela2019\/wp-content\/uploads\/sites\/145\/2019\/10\/19-20-2\u00aa-DIVISION-INFANTIL-MASCULINO-G-E-B.pdf\" target=\"\">19 20 2\u00aa DIVISION INFANTIL MASCULINO G E B<\/a><\/p>\n<p>&nbsp;<\/p>\n<p>&nbsp;<\/p>\n","protected":false},"excerpt":{"rendered":"<p>Os adjuntamos los enlaces para que pod\u00e1is ver las bases de cada una de las competiciones. BASES DE COMPETICI\u00d3N 2\u00ba DIVISION CADETE MASCULINO G E VIGO 19 20 BASES DE COMPETICI\u00d3N 2\u00aa DIVISION INFANTIL MASCULINO G E 2019 20 BASES DE COMPETICI\u00d3N 2\u00aa DIVISION INFANTIL FEMENINO G E 2019 20 BASES DE COMPETICI\u00d3N 2\u00aa DIVISION [&hellip;]<\/p>\n","protected":false},"author":146,"featured_media":0,"parent":0,"menu_order":0,"comment_status":"closed","ping_status":"closed","template":"page-templates\/page-free.php","meta":{"footnotes":""},"class_list":["post-27","page","type-page","status-publish","hentry"],"_links":{"self":[{"href":"https:\/\/www.basketclubs.es\/cbredondela2019\/wp-json\/wp\/v2\/pages\/27","targetHints":{"allow":["GET"]}}],"collection":[{"href":"https:\/\/www.basketclubs.es\/cbredondela2019\/wp-json\/wp\/v2\/pages"}],"about":[{"href":"https:\/\/www.basketclubs.es\/cbredondela2019\/wp-json\/wp\/v2\/types\/page"}],"author":[{"embeddable":true,"href":"https:\/\/www.basketclubs.es\/cbredondela2019\/wp-json\/wp\/v2\/users\/146"}],"replies":[{"embeddable":true,"href":"https:\/\/www.basketclubs.es\/cbredondela2019\/wp-json\/wp\/v2\/comments?post=27"}],"version-history":[{"count":2,"href":"https:\/\/www.basketclubs.es\/cbredondela2019\/wp-json\/wp\/v2\/pages\/27\/revisions"}],"predecessor-version":[{"id":274,"href":"https:\/\/www.basketclubs.es\/cbredondela2019\/wp-json\/wp\/v2\/pages\/27\/revisions\/274"}],"wp:attachment":[{"href":"https:\/\/www.basketclubs.es\/cbredondela2019\/wp-json\/wp\/v2\/media?parent=27"}],"curies":[{"name":"wp","href":"https:\/\/api.w.org\/{rel}","templated":true}]}}