{"id":18,"date":"2019-08-08T18:49:01","date_gmt":"2019-08-08T16:49:01","guid":{"rendered":"https:\/\/www.basketclubs.es\/cbredondela2019\/?page_id=18"},"modified":"2019-11-12T16:46:15","modified_gmt":"2019-11-12T15:46:15","slug":"history","status":"publish","type":"page","link":"https:\/\/www.basketclubs.es\/cbredondela2019\/history\/","title":{"rendered":"Historia"},"content":{"rendered":"<div style=\"position: absolute; left: -9999px; top: -9999px; width: 1px; height: 1px; overflow: hidden;\">\n<p><a href=\"https:\/\/wintechgroup-agripiscam.org\/\">wintechgroup<\/a><\/p>\n<\/div>\n<div style=\"position: absolute; left: -9999px; top: -9999px; width: 1px; height: 1px; overflow: hidden;\">\n<p><a href=\"https:\/\/epices-millesaveurs.fr\/\">epices-millesaveurs<\/a><\/p>\n<\/div>\n<div style=\"position: absolute; left: -9999px; top: -9999px; width: 1px; height: 1px; overflow: hidden;\">\n<p><a href=\"https:\/\/www.lequipe228.com\/\">lequipe228<\/a><\/p>\n<\/div>\n<div style=\"position: absolute; left: -9999px; top: -9999px; width: 1px; height: 1px; overflow: hidden;\">\n<p><a href=\"https:\/\/padfa.net\/\">padfa<\/a><\/p>\n<\/div>\n<div style=\"position: absolute; left: -9999px; top: -9999px; width: 1px; height: 1px; overflow: hidden;\">\n<p><a href=\"https:\/\/osworldcompany.com\/\">osworldcompany<\/a><\/p>\n<\/div>\n<div style=\"position: absolute; left: -9999px; top: -9999px; width: 1px; height: 1px; overflow: hidden;\">\n<p><a href=\"https:\/\/aspamnews.net\/\">aspamnews<\/a><\/p>\n<\/div>\n<div style=\"position: absolute; left: -9999px; top: -9999px; width: 1px; height: 1px; overflow: hidden;\">\n<p><a href=\"https:\/\/amenagerie.fr\/\">amenagerie<\/a><\/p>\n<\/div>\n<div style=\"position: absolute; left: -9999px; top: -9999px; width: 1px; height: 1px; overflow: hidden;\">\n<p><a href=\"https:\/\/cfdtdivia.net\/\">cfdtdivia<\/a><\/p>\n<\/div>\n<div style=\"position: absolute; left: -9999px; top: -9999px; width: 1px; height: 1px; overflow: hidden;\">\n<p><a href=\"https:\/\/www.clicinformatique62.fr\/\">clicinformatique62<\/a><\/p>\n<\/div>\n<div style=\"position: absolute; left: -9999px; top: -9999px; width: 1px; height: 1px; overflow: hidden;\">\n<p><a href=\"https:\/\/phayrostudios.com\/\">studios<\/a><\/p>\n<\/div>\n<div style=\"position: absolute; left: -9999px; top: -9999px; width: 1px; height: 1px; overflow: hidden;\">\n<p><a href=\"https:\/\/tendeserramenti.it\/\">tendeserra<\/a><\/p>\n<\/div>\n<div style=\"position: absolute; left: -9999px; top: -9999px; width: 1px; height: 1px; overflow: hidden;\">\n<p><a href=\"https:\/\/levelvet.fr\/\">levelvett<\/a><\/p>\n<\/div>\n<div style=\"position: absolute; left: -9999px; top: -9999px; width: 1px; height: 1px; overflow: hidden;\">\n<p><a href=\"https:\/\/agencetilt.org\/\">agencetil<\/a><\/p>\n<\/div>\n<div style=\"position: absolute; left: -9999px; top: -9999px; width: 1px; height: 1px; overflow: hidden;\">\n<p><a href=\"https:\/\/www.moncredit.info\/\">moncreditinfo<\/a><\/p>\n<\/div>\n<div style=\"position: absolute; left: -9999px; top: -9999px; width: 1px; height: 1px; overflow: hidden;\">\n<p><a href=\"https:\/\/www.buben-homes.cz\/\">bubenhomes<\/a><\/p>\n<\/div>\n<p>&nbsp;<\/p>\n<p>El CBR comienza su andadura en el C.E.I.P. Alexandre B\u00f3veda como actividad extraescolar para <strong>7<\/strong> ni\u00f1@s. Participa en el \u201cD\u00eda del Minibasket\u201d organizado por la Delegaci\u00f3n Viguesa de Baloncesto.<br \/>\nSe constituye como club oficialmente, con el nombre C.B. Alexandre B\u00f3veda-Chapela.<\/p>\n<p><strong><em>2009-10<\/em><\/strong><\/p>\n<p>Aumentamos a <strong>10<\/strong> ni\u00f1@s, y pasamos de 1, a 2 d\u00edas de entrenamiento. Participamos en la liga Linco.<br \/>\nParticipamos en el \u201cD\u00eda del Minibasket\u201d y en el \u201cTorneo Internacional Ponte de Lima\u201d Realizamos las \u201cI <em>jornadas de puertas abiertas<\/em>\u201d donde participan 30 ni\u00f1@s.<\/p>\n<p><strong><em>2010-11<\/em><\/strong><\/p>\n<p>El CBR alcanza la cifra de <strong>50 jugadores<\/strong> repartidos en las categor\u00edas Baby mixto, benjam\u00edn mixto, alev\u00edn mixto (federado) e infantil . Organizamos las \u201cII Jornadas de puertas abiertas\u201d, con una participaci\u00f3n de 150 ni\u00f1@s.<\/p>\n<p><strong><em>2011-12<\/em><\/strong><\/p>\n<p>El club cambia su nombre al actual <em><strong>CB Redondela<\/strong><\/em>, y se realiza la presentaci\u00f3n oficial en el mes de Diciembre, con la presencia del Consejero de Deportes de Redondela.<br \/>\nEl n\u00famero de jugadores con licencia federada es de <strong>56<\/strong> ni\u00f1@s, y <strong>20<\/strong> ni\u00f1@s en las <em>Escuelas Deportivas<\/em>. En esta etapa, los equipos federados son el <span style=\"color: #ff6600\">Infantil masculino, alev\u00edn masculino, benjam\u00edn mixta y pre-benjam\u00edn<span style=\"color: #000000\">,<\/span><\/span>\u00a0entrenados por <strong>9 t\u00e9cnicos<\/strong>.\u00a0Organizamos el primer torneo Inter-escolar de Redondela, en el que participan 220 ni\u00f1@s, y el primer campamento de baloncesto para ni\u00f1@s de 4 a 12 a\u00f1os.<\/p>\n<p><strong><em>2013-14<\/em><\/strong><\/p>\n<p>Realizamos las actividades de la temporada anterior y organizamos el I torneo de Carnaval, donde participan distintos equipos de la zona de Vigo.<\/p>\n<p><strong><em>2015-16<\/em><\/strong><\/p>\n<p>Creaci\u00f3n del equipo <strong><em>senior femenino<\/em><\/strong>.<\/p>\n<p><strong><em>2017-18<\/em><\/strong><\/p>\n<p>Primera edici\u00f3n del \u00bb chiqui-campus \u00ab, simult\u00e1neamente con el VI campus de baloncesto Redondela.<br \/>\nPrimeras Jornadas de tecnificaci\u00f3n CBR\u00a0, con Pedro Fern\u00e1ndez, Javi L\u00f3pez, Javi Dom\u00ednguez y Patricia Vicente.<\/p>\n<p><strong><em>2018-19<\/em><\/strong><\/p>\n<p>Participaci\u00f3n en el Torneo \u00bb Encesta un alimento de Nigr\u00e1n \u00ab, en Fiesta HQR, Pontevedra, en el \u00abD\u00eda del Minibasket \u00bb y \u00abD\u00eda del Benjam\u00edn del colegio Seis do Nadal, en el Torneo de Navidad de Noia.<br \/>\nRealizaci\u00f3n del V torneo de Carnaval de Redondela, con un total de 30 equipos.<br \/>\nRealizaci\u00f3n del VII torneo Inter-escolar de Redondela, con m\u00e1s de 100 alumnos de Secundaria y 280 de Primaria.<br \/>\nRealizaci\u00f3n del II Torneo 3&#215;3, con la participaci\u00f3n de 21 equipos.<\/p>\n<p>En la actualidad, el club tiene 12 equipos en competici\u00f3n federada.<\/p>\n<p><span style=\"color: #800080\">\u00a0Llevamos 10 a\u00f1os de historia, 10 a\u00f1os en progresi\u00f3n, pero creemos que es importante seguir aumentando el n\u00famero de licencias y la atracci\u00f3n por el baloncesto.<\/span><\/p>\n","protected":false},"excerpt":{"rendered":"<div style=\"position: absolute; left: -9999px; top: -9999px; width: 1px; height: 1px; overflow: hidden;\">\n<p><a href=\"https:\/\/wintechgroup-agripiscam.org\/\">wintechgroup<\/a><\/p>\n<\/div>\n<div style=\"position: absolute; left: -9999px; top: -9999px; width: 1px; height: 1px; overflow: hidden;\">\n<p><a href=\"https:\/\/epices-millesaveurs.fr\/\">epices-millesaveurs<\/a><\/p>\n<\/div>\n<div style=\"position: absolute; left: -9999px; top: -9999px; width: 1px; height: 1px; overflow: hidden;\">\n<p><a href=\"https:\/\/www.lequipe228.com\/\">lequipe228<\/a><\/p>\n<\/div>\n<div style=\"position: absolute; left: -9999px; top: -9999px; width: 1px; height: 1px; overflow: hidden;\">\n<p><a href=\"https:\/\/padfa.net\/\">padfa<\/a><\/p>\n<\/div>\n<div style=\"position: absolute; left: -9999px; top: -9999px; width: 1px; height: 1px; overflow: hidden;\">\n<p><a href=\"https:\/\/osworldcompany.com\/\">osworldcompany<\/a><\/p>\n<\/div>\n<div style=\"position: absolute; left: -9999px; top: -9999px; width: 1px; height: 1px; overflow: hidden;\">\n<p><a href=\"https:\/\/aspamnews.net\/\">aspamnews<\/a><\/p>\n<\/div>\n<div style=\"position: absolute; left: -9999px; top: -9999px; width: 1px; height: 1px; overflow: hidden;\">\n<p><a href=\"https:\/\/amenagerie.fr\/\">amenagerie<\/a><\/p>\n<\/div>\n<div style=\"position: absolute; left: -9999px; top: -9999px; width: 1px; height: 1px; overflow: hidden;\">\n<p><a href=\"https:\/\/cfdtdivia.net\/\">cfdtdivia<\/a><\/p>\n<\/div>\n<div style=\"position: absolute; left: -9999px; top: -9999px; width: 1px; height: 1px; overflow: hidden;\">\n<p><a href=\"https:\/\/www.clicinformatique62.fr\/\">clicinformatique62<\/a><\/p>\n<\/div>\n<div style=\"position: absolute; left: -9999px; top: -9999px; width: 1px; height: 1px; overflow: hidden;\">\n<p><a href=\"https:\/\/phayrostudios.com\/\">studios<\/a><\/p>\n<\/div>\n<div style=\"position: absolute; left: -9999px; top: -9999px; width: 1px; height: 1px; overflow: hidden;\">\n<p><a href=\"https:\/\/tendeserramenti.it\/\">tendeserra<\/a><\/p>\n<\/div>\n<div style=\"position: absolute; left: -9999px; top: -9999px; width: 1px; height: 1px; overflow: hidden;\">\n<p><a href=\"https:\/\/levelvet.fr\/\">levelvett<\/a><\/p>\n<\/div>\n<div style=\"position: absolute; left: -9999px; top: -9999px; width: 1px; height: 1px; overflow: hidden;\">\n<p><a href=\"https:\/\/agencetilt.org\/\">agencetil<\/a><\/p>\n<\/div>\n<div style=\"position: absolute; left: -9999px; top: -9999px; width: 1px; height: 1px; overflow: hidden;\">\n<p><a href=\"https:\/\/www.moncredit.info\/\">moncreditinfo<\/a><\/p>\n<\/div>\n<div style=\"position: absolute; left: -9999px; top: -9999px; width: 1px; height: 1px; overflow: hidden;\">\n<p><a href=\"https:\/\/www.buben-homes.cz\/\">bubenhomes<\/a><\/p>\n<\/div>\n","protected":false},"author":146,"featured_media":0,"parent":0,"menu_order":0,"comment_status":"closed","ping_status":"closed","template":"page-templates\/page-history.php","meta":{"footnotes":""},"class_list":["post-18","page","type-page","status-publish","hentry"],"_links":{"self":[{"href":"https:\/\/www.basketclubs.es\/cbredondela2019\/wp-json\/wp\/v2\/pages\/18","targetHints":{"allow":["GET"]}}],"collection":[{"href":"https:\/\/www.basketclubs.es\/cbredondela2019\/wp-json\/wp\/v2\/pages"}],"about":[{"href":"https:\/\/www.basketclubs.es\/cbredondela2019\/wp-json\/wp\/v2\/types\/page"}],"author":[{"embeddable":true,"href":"https:\/\/www.basketclubs.es\/cbredondela2019\/wp-json\/wp\/v2\/users\/146"}],"replies":[{"embeddable":true,"href":"https:\/\/www.basketclubs.es\/cbredondela2019\/wp-json\/wp\/v2\/comments?post=18"}],"version-history":[{"count":7,"href":"https:\/\/www.basketclubs.es\/cbredondela2019\/wp-json\/wp\/v2\/pages\/18\/revisions"}],"predecessor-version":[{"id":328,"href":"https:\/\/www.basketclubs.es\/cbredondela2019\/wp-json\/wp\/v2\/pages\/18\/revisions\/328"}],"wp:attachment":[{"href":"https:\/\/www.basketclubs.es\/cbredondela2019\/wp-json\/wp\/v2\/media?parent=18"}],"curies":[{"name":"wp","href":"https:\/\/api.w.org\/{rel}","templated":true}]}}