{"id":18,"date":"2019-06-28T10:22:29","date_gmt":"2019-06-28T08:22:29","guid":{"rendered":"https:\/\/www.basketclubs.es\/cbraicesmostoles\/?page_id=18"},"modified":"2019-06-30T16:37:08","modified_gmt":"2019-06-30T14:37:08","slug":"history","status":"publish","type":"page","link":"https:\/\/www.basketclubs.es\/cbraicesmostoles\/history\/","title":{"rendered":"Historia"},"content":{"rendered":"<div><\/div>\n<p>El deporte ha sido considerado tradicionalmente un medio apropiado para conseguir valores de desarrollo personal y social; af\u00e1n de superaci\u00f3n, integraci\u00f3n, respeto a la persona, tolerancia, acataci\u00f3n de reglas, perseverancia, trabajo en equipo, superaci\u00f3n de los l\u00edmites, autodisciplina, responsabilidad, cooperaci\u00f3n, honestidad, lealtad, etc.<\/p>\n<p>Son cualidades deseables por todos y que se pueden conseguir a trav\u00e9s del deporte y de la orientaci\u00f3n que los entrenadores y familia le den, siempre con el apoyo de todos los agentes implicados en \u00e9l, de forma que estos valores se desarrollen y perduren en la persona y le ayuden a un completo desarrollo f\u00edsico, intelectual y social y por a\u00f1adidura a una mejor integraci\u00f3n en la sociedad en que vivimos.<\/p>\n<p>All\u00e1 por la d\u00e9cada de los a\u00f1os 80 del pasado siglo D. Victor Romero, profesor de Matem\u00e1ticas y Educaci\u00f3n F\u00edsica del Colegio Concertado San Jos\u00e9, una gran persona y visionario para su \u00e9poca fund\u00f3 en la poblaci\u00f3n de M\u00f3stoles, lo que se denomin\u00f3 Asociaci\u00f3n Deportiva Ra\u00edces. Inicialmente el \u00e1mbito de actuaci\u00f3n de esta Asociaci\u00f3n se circunscrib\u00eda exclusivamente al deporte municipal de localidad, dentro de la amplia oferta deportiva, y en concreto de la disciplina de baloncesto, que ofrec\u00eda en aquel momento el municipio de M\u00f3stoles.<\/p>\n<p>Fue esta persona la que gener\u00f3 en varios de sus jugadores de aquella \u00e9poca el gusanillo de la pr\u00e1ctica del deporte de la canasta fomentando una pr\u00e1ctica deportiva educativa adecuada a las necesidades de las y los escolares, pero a su vez y de una manera inconsciente y apenas palpable la inquietud de ser futuros entrenadores.<\/p>\n<p>No fue hasta comienzos de la d\u00e9cada de los 90, cuando varios de esos jugadores y ahora ya entrenadores se unieron para dar forma a un proyecto m\u00e1s ambicioso; transformar a la actual Asociaci\u00f3n hac\u00eda un Club de Baloncesto y en una competici\u00f3n m\u00e1s exigente, Federaci\u00f3n. Es por ello que en el Colegio P\u00fablico Antonio Hern\u00e1ndez, D. \u00d3scar Bravo Montero, D. Luis Miguel y D. Fernando Alcal\u00e1 generan los primeros equipos federados de la Asociaci\u00f3n, en concreto 3 equipos masculinos, que participaron ese primer a\u00f1o en la competici\u00f3n federada organizada por la Federaci\u00f3n Madrile\u00f1a de Baloncesto.<\/p>\n<p>Con el paso del tiempo y provocado por un necesario salto cualitativo y cuantitativo de jugadores y equipos, se toma la decisi\u00f3n de dejar muy a nuestro pesar el Colegio y trasladarlos a otra instalaci\u00f3n que permitiera esa necesaria evoluci\u00f3n y, que supuso para la localidad y para nosotros mismos, una \u201cexplosi\u00f3n demogr\u00e1fica baloncest\u00edstica impresionante y de calidad inesperada\u201d, pasando a generarse ese primer a\u00f1o la significativa y nada despreciable cifra para la \u00e9poca de 13 equipos, entre masculinos y femeninos.<\/p>\n<p>Con el paso del tiempo aquella iniciativa se consolido enormemente reconoci\u00e9ndose nuestro trabajo tanto por parte de las Instituciones P\u00fablicas, deportivas as\u00ed como dentro de la sociedad mostole\u00f1a, y que a d\u00eda que todav\u00eda perdura en la memoria y en los corazones de muchos de los mostole\u00f1os de aquella \u00e9poca, pero que debido a numerosos elementos sociales, econ\u00f3micos, laborales e institucionales, tuvo su fin a finales de la d\u00e9cada de los 90.<\/p>\n<p>Precisamente por este reconocimiento social junto con la inquietud inequ\u00edvoca por lo momentos que viv\u00eda el baloncesto en este Municipio, nos llev\u00f3 a unirnos a varios de los integrantes de ese Proyecto inicial en el a\u00f1o 2013 para relanzar nuevamente este Proyecto, en base a esa finalidad inicial con la que se gest\u00f3 este Proyecto en los a\u00f1os 80.<\/p>\n","protected":false},"excerpt":{"rendered":"<p>El deporte ha sido considerado tradicionalmente un medio apropiado para conseguir valores de desarrollo personal y social; af\u00e1n de superaci\u00f3n, integraci\u00f3n, respeto a la persona, tolerancia, acataci\u00f3n de reglas, perseverancia, trabajo en equipo, superaci\u00f3n de los l\u00edmites, autodisciplina, responsabilidad, cooperaci\u00f3n, honestidad, lealtad, etc. Son cualidades deseables por todos y que se pueden conseguir a trav\u00e9s [&hellip;]<\/p>\n","protected":false},"author":138,"featured_media":0,"parent":0,"menu_order":0,"comment_status":"closed","ping_status":"closed","template":"page-templates\/page-history.php","meta":{"footnotes":""},"class_list":["post-18","page","type-page","status-publish","hentry"],"_links":{"self":[{"href":"https:\/\/www.basketclubs.es\/cbraicesmostoles\/wp-json\/wp\/v2\/pages\/18","targetHints":{"allow":["GET"]}}],"collection":[{"href":"https:\/\/www.basketclubs.es\/cbraicesmostoles\/wp-json\/wp\/v2\/pages"}],"about":[{"href":"https:\/\/www.basketclubs.es\/cbraicesmostoles\/wp-json\/wp\/v2\/types\/page"}],"author":[{"embeddable":true,"href":"https:\/\/www.basketclubs.es\/cbraicesmostoles\/wp-json\/wp\/v2\/users\/138"}],"replies":[{"embeddable":true,"href":"https:\/\/www.basketclubs.es\/cbraicesmostoles\/wp-json\/wp\/v2\/comments?post=18"}],"version-history":[{"count":3,"href":"https:\/\/www.basketclubs.es\/cbraicesmostoles\/wp-json\/wp\/v2\/pages\/18\/revisions"}],"predecessor-version":[{"id":83,"href":"https:\/\/www.basketclubs.es\/cbraicesmostoles\/wp-json\/wp\/v2\/pages\/18\/revisions\/83"}],"wp:attachment":[{"href":"https:\/\/www.basketclubs.es\/cbraicesmostoles\/wp-json\/wp\/v2\/media?parent=18"}],"curies":[{"name":"wp","href":"https:\/\/api.w.org\/{rel}","templated":true}]}}