{"id":25,"date":"2020-02-08T14:26:45","date_gmt":"2020-02-08T12:26:45","guid":{"rendered":"https:\/\/www.basketclubs.es\/cbparadas\/?page_id=25"},"modified":"2026-03-27T12:19:44","modified_gmt":"2026-03-27T10:19:44","slug":"the-club-1","status":"publish","type":"page","link":"https:\/\/www.basketclubs.es\/cbparadas\/the-club-1\/","title":{"rendered":"Liga 3&#215;3 Cele Cort\u00e9s"},"content":{"rendered":"<p>La Liga 3&#215;3 del C.B. Paradas se ha convertido, sin duda, en un cl\u00e1sico de todos los veranos en la localidad de Paradas (Sevilla).\u00a0Esta liga la celebramos en las canchas de baloncesto del Polideportivo Municipal, varios d\u00edas en semana durante todo el mes de agosto.<\/p>\n<p>La idea de crear una liga surgi\u00f3 tras finalizar un torneo 3&#215;3, de una sola noche, que el club organizaba todos los a\u00f1os. Inicialmente solo exist\u00eda la categor\u00eda senior, pero en las \u00faltimas ediciones se fueron a\u00f1adiendo nuevas categor\u00edas como: alev\u00edn, infantil y femenina.\u00a0Adem\u00e1s, con esta liga conseguimos que m\u00e1s de 100 deportistas acudan regularmente al Polideportivo en periodo estival.<\/p>\n<p>En su VII edici\u00f3n, la liga pas\u00f3 a llamarse <strong><em>Liga 3&#215;3 Cele Cort\u00e9s<\/em><\/strong> en homenaje a Celestino Cort\u00e9s, fundador del club y \u00abentrenador de todos\u00bb, ya que lleva m\u00e1s de 30 a\u00f1os dedic\u00e1ndose al baloncesto de formaci\u00f3n en nuestra localidad.<\/p>\n<p>En 2020, debido a la situaci\u00f3n vivida por el COVID-19, organizamos una Liga Fantasy (tipo Supermanager, Basketmondo, etc.) bas\u00e1ndonos en las estad\u00edsticas recogidas en las 5 ediciones anteriores para la puntuaci\u00f3n de los jugadores.<\/p>\n<p>Ediciones celebradas:<\/p>\n<ul>\n<li>I Liga 3&#215;3 C.B. Paradas, en 2009.<\/li>\n<li>II Liga 3&#215;3 C.B. Paradas, en 2012.<\/li>\n<li><a href=\"http:\/\/iiiliga3x3cbparadas.blogspot.com\/\" target=\"_blank\" rel=\"noopener\">III Liga 3&#215;3 C.B. Paradas<\/a>, en 2013.<\/li>\n<li><a href=\"https:\/\/ivliga3x3cbparadas.blogspot.com\/\" target=\"_blank\" rel=\"noopener\">IV Liga 3&#215;3 C.B. Paradas<\/a>, en 2014.<\/li>\n<li><a href=\"https:\/\/www.facebook.com\/V-Liga-3x3-CB-Paradas-862865240466362\/\" target=\"_blank\" rel=\"noopener\">V Liga 3&#215;3 C.B. Paradas<\/a>, en 2015.<\/li>\n<li><a href=\"https:\/\/www.facebook.com\/viliga3x3cbparadas\/\" target=\"_blank\" rel=\"noopener\">VI Liga 3&#215;3 C.B. Paradas<\/a>, en 2016.<\/li>\n<li><a href=\"https:\/\/www.facebook.com\/viiliga3x3celecortes\/\" target=\"_blank\" rel=\"noopener\">VII Liga 3&#215;3 Cele Cort\u00e9s<\/a>, en 2017.<\/li>\n<li><a href=\"https:\/\/www.facebook.com\/VIII-Liga-3x3-Cele-Cort%C3%A9s-659847977718242\/\" target=\"_blank\" rel=\"noopener\">VIII Liga 3&#215;3 Cele Cort\u00e9s<\/a>, en 2018.<\/li>\n<li><a href=\"https:\/\/www.facebook.com\/IX-Liga-3x3-Cele-Cort%C3%A9s-104620997543127\/\" target=\"_blank\" rel=\"noopener\">IX Liga 3&#215;3 Cele Cort\u00e9s<\/a>, en 2019.<\/li>\n<li><a href=\"https:\/\/www.facebook.com\/Liga-Fantasy-3x3-Cele-Cortes-101096195013350\/?epa=SEARCH_BOX\">Liga Fantasy 3&#215;3 Cele Cort\u00e9s<\/a>, en 2020.<\/li>\n<li><a href=\"https:\/\/www.facebook.com\/X-Liga-3x3-Cele-Cort%C3%A9s-108249871513136\">X Liga 3&#215;3 Cele Cort\u00e9s y II Liga Fantasy<\/a>, en 2021.<\/li>\n<li><a href=\"https:\/\/www.facebook.com\/XI-Liga-3x3-Cele-Cort%C3%A9s-2022-100883596063355\">XI Liga 3&#215;3 Cele Cort\u00e9s<\/a>, en 2022.<\/li>\n<li>XII Liga 3&#215;3 Cele Cort\u00e9s, en 2023.<\/li>\n<li>XIII Liga 3&#215;3 Cele Cort\u00e9s, en 2024.<\/li>\n<li>XIV Liga 3&#215;3 Cele Cort\u00e9s, en 2025.<\/li>\n<\/ul>\n","protected":false},"excerpt":{"rendered":"<p>La Liga 3&#215;3 del C.B. Paradas se ha convertido, sin duda, en un cl\u00e1sico de todos los veranos en la localidad de Paradas (Sevilla).\u00a0Esta liga la celebramos en las canchas de baloncesto del Polideportivo Municipal, varios d\u00edas en semana durante todo el mes de agosto. La idea de crear una liga surgi\u00f3 tras finalizar un [&hellip;]<\/p>\n","protected":false},"author":172,"featured_media":0,"parent":0,"menu_order":0,"comment_status":"closed","ping_status":"closed","template":"page-templates\/page-free.php","meta":{"footnotes":""},"class_list":["post-25","page","type-page","status-publish","hentry"],"_links":{"self":[{"href":"https:\/\/www.basketclubs.es\/cbparadas\/wp-json\/wp\/v2\/pages\/25","targetHints":{"allow":["GET"]}}],"collection":[{"href":"https:\/\/www.basketclubs.es\/cbparadas\/wp-json\/wp\/v2\/pages"}],"about":[{"href":"https:\/\/www.basketclubs.es\/cbparadas\/wp-json\/wp\/v2\/types\/page"}],"author":[{"embeddable":true,"href":"https:\/\/www.basketclubs.es\/cbparadas\/wp-json\/wp\/v2\/users\/172"}],"replies":[{"embeddable":true,"href":"https:\/\/www.basketclubs.es\/cbparadas\/wp-json\/wp\/v2\/comments?post=25"}],"version-history":[{"count":36,"href":"https:\/\/www.basketclubs.es\/cbparadas\/wp-json\/wp\/v2\/pages\/25\/revisions"}],"predecessor-version":[{"id":507,"href":"https:\/\/www.basketclubs.es\/cbparadas\/wp-json\/wp\/v2\/pages\/25\/revisions\/507"}],"wp:attachment":[{"href":"https:\/\/www.basketclubs.es\/cbparadas\/wp-json\/wp\/v2\/media?parent=25"}],"curies":[{"name":"wp","href":"https:\/\/api.w.org\/{rel}","templated":true}]}}