{"id":35,"date":"2017-11-08T21:10:59","date_gmt":"2017-11-08T19:10:59","guid":{"rendered":"https:\/\/www.basketclubs.es\/cbjuventudlaguna\/?page_id=35"},"modified":"2017-11-08T21:10:59","modified_gmt":"2017-11-08T19:10:59","slug":"infos-1","status":"publish","type":"page","link":"https:\/\/www.basketclubs.es\/cbjuventudlaguna\/infos-1\/","title":{"rendered":"Seguro Federativo"},"content":{"rendered":"<p style=\"text-align: justify;\">Adjuntamos relaci\u00f3n de centros concertados y recomendados para el uso del servicio m\u00e9dico y gu\u00eda de buen uso del mismo:<\/p>\n<ul style=\"text-align: justify;\">\n<li><a href=\"https:\/\/www.basketclubs.es\/cbjuventudlaguna\/wp-content\/uploads\/sites\/58\/2017\/09\/Relaci\u00f3n-de-centros-recomendados-22_09_20151.pdf\">Relaci\u00f3n de centros concertados 1<\/a><\/li>\n<li><a href=\"https:\/\/www.basketclubs.es\/cbjuventudlaguna\/wp-content\/uploads\/sites\/58\/2017\/09\/Relaci\u00f3n-de-centros-concertados_18_09_2015.pdf\">Relaci\u00f3n de centros concertados 2<\/a><\/li>\n<li><a href=\"https:\/\/www.basketclubs.es\/cbjuventudlaguna\/wp-content\/uploads\/sites\/58\/2017\/09\/Gu\u00eda-buenas-pr\u00e1cticas-22_09.pdf\">Gu\u00eda de buenas pr\u00e1cticas<\/a><\/li>\n<\/ul>\n<p style=\"text-align: justify;\">Recordamos a padres,madres,tutores y jugadores que para hacer uso de este servicio deben acudir a los centros con un PARTE DE ACCIDENTE debidamente cumplimentado y proporcionado previamente por el Club.<\/p>\n","protected":false},"excerpt":{"rendered":"<p>Adjuntamos relaci\u00f3n de centros concertados y recomendados para el uso del servicio m\u00e9dico y gu\u00eda de buen uso del mismo: Relaci\u00f3n de centros concertados 1 Relaci\u00f3n de centros concertados 2 Gu\u00eda de buenas pr\u00e1cticas Recordamos a padres,madres,tutores y jugadores que para hacer uso de este servicio deben acudir a los centros con un PARTE DE [&hellip;]<\/p>\n","protected":false},"author":59,"featured_media":0,"parent":0,"menu_order":0,"comment_status":"closed","ping_status":"closed","template":"page-templates\/page-free.php","meta":{"footnotes":""},"class_list":["post-35","page","type-page","status-publish","hentry"],"_links":{"self":[{"href":"https:\/\/www.basketclubs.es\/cbjuventudlaguna\/wp-json\/wp\/v2\/pages\/35","targetHints":{"allow":["GET"]}}],"collection":[{"href":"https:\/\/www.basketclubs.es\/cbjuventudlaguna\/wp-json\/wp\/v2\/pages"}],"about":[{"href":"https:\/\/www.basketclubs.es\/cbjuventudlaguna\/wp-json\/wp\/v2\/types\/page"}],"author":[{"embeddable":true,"href":"https:\/\/www.basketclubs.es\/cbjuventudlaguna\/wp-json\/wp\/v2\/users\/59"}],"replies":[{"embeddable":true,"href":"https:\/\/www.basketclubs.es\/cbjuventudlaguna\/wp-json\/wp\/v2\/comments?post=35"}],"version-history":[{"count":2,"href":"https:\/\/www.basketclubs.es\/cbjuventudlaguna\/wp-json\/wp\/v2\/pages\/35\/revisions"}],"predecessor-version":[{"id":2020,"href":"https:\/\/www.basketclubs.es\/cbjuventudlaguna\/wp-json\/wp\/v2\/pages\/35\/revisions\/2020"}],"wp:attachment":[{"href":"https:\/\/www.basketclubs.es\/cbjuventudlaguna\/wp-json\/wp\/v2\/media?parent=35"}],"curies":[{"name":"wp","href":"https:\/\/api.w.org\/{rel}","templated":true}]}}