{"id":18,"date":"2017-11-08T20:44:35","date_gmt":"2017-11-08T18:44:35","guid":{"rendered":"https:\/\/www.basketclubs.es\/cbjuventudlaguna\/?page_id=18"},"modified":"2023-12-31T19:45:12","modified_gmt":"2023-12-31T18:45:12","slug":"history","status":"publish","type":"page","link":"https:\/\/www.basketclubs.es\/cbjuventudlaguna\/history\/","title":{"rendered":"Historia"},"content":{"rendered":"<div class=\"entry-content\">\n<p style=\"text-align: justify\">El CB Juventud Laguna es el decano del baloncesto canario. Nacido en 1932, no ha cesado nunca su actividad en pro del deporte lagunero, en particular, y tinerfe\u00f1o y de las Islas en general. A lo largo de d\u00e9cadas, el Juventud ha sido santo y se\u00f1a del deporte de la canasta en Tenerife, protagonizando importantes p\u00e1ginas hist\u00f3ricas tanto en su cancha de \u201ctoda la vida\u201d, Anchieta, como actualmente en diversos centros de entrenamiento p\u00fablicos y privados de La Laguna.<\/p>\n<p>&nbsp;<\/p>\n<p style=\"text-align: justify\">En la actualidad, la entidad cuenta con 21 equipos adscritos a las competiciones organizadas por las Federaciones Canaria e Insular, tanto en categor\u00edas masculina como femenina. Esos equipos van desde las ligas Senior Nacional Femenino y Masculino (categor\u00eda auton\u00f3mica) hasta los ni\u00f1os\/as reci\u00e9n iniciados, pasando por las competiciones regionales j\u00fanior, cadetes e infantiles; y las insulares junior, cadetes, precadetes, infantiles, preinfantiles, minibasket, preminibasket y benjamin.<\/p>\n<p>&nbsp;<\/p>\n<p style=\"text-align: justify\">Pero el Juventud tambi\u00e9n realiza una importante labor formativa, tanto de jugadores como de t\u00e9cnicos. Realiz\u00f3 campa\u00f1as sociales solidarias de recogidas de alimentos, fomento de relaci\u00f3n entre Clubs y del baloncesto adaptado, campus de formaci\u00f3n, fomento de las Normas de Convivencia Municipales, dinamizador del Proyecto DAR, posee un C\u00f3digo \u00c9tico, donde la mediaci\u00f3n es el proceso de resoluci\u00f3n de conflictos.<\/p>\n<p>&nbsp;<\/p>\n<p style=\"text-align: justify\">Nuestros equipos entrenan en los pabellones de \u201cEsteban Afonso Rodr\u00edguez\u201d, junto a la c\u00e9ntrica Plaza del Cristo y en el del CEIP Nava y Grim\u00f3n de Geneto.<\/p>\n<\/div>\n","protected":false},"excerpt":{"rendered":"<p>El CB Juventud Laguna es el decano del baloncesto canario. Nacido en 1932, no ha cesado nunca su actividad en pro del deporte lagunero, en particular, y tinerfe\u00f1o y de las Islas en general. A lo largo de d\u00e9cadas, el Juventud ha sido santo y se\u00f1a del deporte de la canasta en Tenerife, protagonizando importantes [&hellip;]<\/p>\n","protected":false},"author":59,"featured_media":0,"parent":0,"menu_order":0,"comment_status":"closed","ping_status":"closed","template":"page-templates\/page-history.php","meta":{"footnotes":""},"class_list":["post-18","page","type-page","status-publish","hentry"],"_links":{"self":[{"href":"https:\/\/www.basketclubs.es\/cbjuventudlaguna\/wp-json\/wp\/v2\/pages\/18","targetHints":{"allow":["GET"]}}],"collection":[{"href":"https:\/\/www.basketclubs.es\/cbjuventudlaguna\/wp-json\/wp\/v2\/pages"}],"about":[{"href":"https:\/\/www.basketclubs.es\/cbjuventudlaguna\/wp-json\/wp\/v2\/types\/page"}],"author":[{"embeddable":true,"href":"https:\/\/www.basketclubs.es\/cbjuventudlaguna\/wp-json\/wp\/v2\/users\/59"}],"replies":[{"embeddable":true,"href":"https:\/\/www.basketclubs.es\/cbjuventudlaguna\/wp-json\/wp\/v2\/comments?post=18"}],"version-history":[{"count":9,"href":"https:\/\/www.basketclubs.es\/cbjuventudlaguna\/wp-json\/wp\/v2\/pages\/18\/revisions"}],"predecessor-version":[{"id":3534,"href":"https:\/\/www.basketclubs.es\/cbjuventudlaguna\/wp-json\/wp\/v2\/pages\/18\/revisions\/3534"}],"wp:attachment":[{"href":"https:\/\/www.basketclubs.es\/cbjuventudlaguna\/wp-json\/wp\/v2\/media?parent=18"}],"curies":[{"name":"wp","href":"https:\/\/api.w.org\/{rel}","templated":true}]}}