{"id":30,"date":"2016-12-28T12:17:25","date_gmt":"2016-12-28T10:17:25","guid":{"rendered":"https:\/\/www.basketclubs.es\/cbciudaddecadiz\/?page_id=30"},"modified":"2019-06-14T16:15:13","modified_gmt":"2019-06-14T14:15:13","slug":"join","status":"publish","type":"page","link":"https:\/\/www.basketclubs.es\/cbciudaddecadiz\/join\/","title":{"rendered":"\u00a1\u00a1Ap\u00fantate!!"},"content":{"rendered":"<p><b>\u00a1\u00a1NO LO DUDES!! \u00a1\u00a1DATE PRISA Y AP\u00daNTATE!!<\/b><br \/>\n\u00danete a nuestro club, donde aprender\u00e1s y disfrutar\u00e1s de este bonito deporte en un ambiente familiar y muy agradable, donde prevalecen, entre otros valores como\u00a0<b>el compromiso, el trabajo en equipo y el respeto.<\/b><\/p>\n<p>NO NECESITAS SABER JUGAR \u00a1\u00a1\u00a1NOSOTROS TE ENSE\u00d1AMOS!!!<\/p>\n<div><\/div>\n<div>\n<div><b><u>Precios para la temporada 2019\/20:<\/u><\/b><br \/>\nEl precio del curso completo es de 312 euros a pagar durante los 12 meses del a\u00f1o en cuotas mensuales de 26 euros. En caso de pareja de hermanos, el precio es de 360 euros a pagar el cuotas mensuales de 30 euros. Tambi\u00e9n, las nuevas incorporaciones deber\u00e1n comprar el kit de ropa del club que cuesta 70 euros formado por Chandal, cubre y dos equipaciones. En el caso de pareja de hermanos al segundo hermano se le regalar\u00e1 el kit.<\/div>\n<div><\/div>\n<div>El primer mes ser\u00e1 gratis para las nuevas incorporaciones.<br \/>\n<b><br \/>\n<\/b>Todos los jugadores deber\u00e1n presentar un certificado m\u00e9dico federativo que certifique que el ni\u00f1o o ni\u00f1a es apto para realizar deporte de competici\u00f3n. El Club se encargar\u00e1 de facilitar el documento a rellenar por el m\u00e9dico y de conseguir un lugar donde los jugadores puedan pasar el pertinente reconocimiento m\u00e9dico a un precio asequible, en el caso de que su m\u00e9dico de cabecera no firme el certificado.<\/p>\n<div><\/div>\n<div>Los ingresos por cuotas ser\u00e1n destinados a realizar los pagos al seguro m\u00e9dico, la federaci\u00f3n, el ayuntamiento (alquiler de pistas para entrenar y partidos),\u00a0material deportivo (balones, petos, conos,&#8230;),&#8230;<\/div>\n<div><\/div>\n<div><b><u>Informaci\u00f3n sobre las competiciones:<\/u><\/b><\/div>\n<div>\n<p>Nuestros equipos\u00a0participar\u00e1n en las competiciones que organiza la Delegaci\u00f3n Gaditana de la Federaci\u00f3n Andaluza de baloncesto (competiciones de \u00e1mbito provincial), siempre y cuando los equipos completen un m\u00ednimo de 12 jugadores\/as. Si alguno de los equipos no llega al m\u00ednimo de 12 jugadores\/as no podr\u00e1 ser federado y se intentar\u00e1 que participe en los Juegos Deportivos Municipales.<\/p>\n<p>En las categor\u00eda Infantil, Minibasket y pre-minibasket es obligatorio presentar, al menos, 10 jugadores a cada partido, en caso de presentarse con menos jugadores\/as a un partido el club ser\u00e1 sancionado, por ello pedimos compromiso por parte de padres, madres y jugadoras a la hora de asistir a entrenamientos y partidos. En cadetes el m\u00ednimo a presentar en un partido son 5 jugadoras. Para poder dar de alta a un jugador en una competici\u00f3n federada, es imprescindible que esta tenga DNI o pasaporte en vigor y presente el pertinente reconocimiento m\u00e9dico.<\/p>\n<\/div>\n<div>Los partidos ser\u00e1n por la provincia y los desplazamientos se realizar\u00e1n en los coches de los padres y los entrenadores, en el caso de que estos dispongan de coche. El entrenador de cada equipo ser\u00e1 el encargado de organizar los desplazamientos con la colaboraci\u00f3n de los padres.<\/div>\n<\/div>\n<\/div>\n<div><\/div>\n<div>\n<div>\n<p><b><u>Informaci\u00f3n para la reserva de plaza de nuevos jugadores o jugadoras:<\/u><\/b><\/p>\n<p>En el caso de querer solicitar una plaza en nuestro club deber\u00e1 enviar un correo electr\u00f3nico a\u00a0<a href=\"mailto:cbciudaddecadiz@gmail.com\">cbciudaddecadiz@gmail.com<\/a> en el que puede solicitar la informaci\u00f3n que desee, o rellenar el siguiente formulario de preinscripci\u00f3n:<\/p>\n<\/div>\n<\/div>\n","protected":false},"excerpt":{"rendered":"<p>\u00a1\u00a1NO LO DUDES!! \u00a1\u00a1DATE PRISA Y AP\u00daNTATE!! \u00danete a nuestro club, donde aprender\u00e1s y disfrutar\u00e1s de este bonito deporte en un ambiente familiar y muy agradable, donde prevalecen, entre otros valores como\u00a0el compromiso, el trabajo en equipo y el respeto. NO NECESITAS SABER JUGAR \u00a1\u00a1\u00a1NOSOTROS TE ENSE\u00d1AMOS!!! Precios para la temporada 2019\/20: El precio del [&hellip;]<\/p>\n","protected":false},"author":16,"featured_media":0,"parent":0,"menu_order":0,"comment_status":"closed","ping_status":"closed","template":"page-templates\/page-join.php","meta":{"footnotes":""},"class_list":["post-30","page","type-page","status-publish","hentry"],"_links":{"self":[{"href":"https:\/\/www.basketclubs.es\/cbciudaddecadiz\/wp-json\/wp\/v2\/pages\/30","targetHints":{"allow":["GET"]}}],"collection":[{"href":"https:\/\/www.basketclubs.es\/cbciudaddecadiz\/wp-json\/wp\/v2\/pages"}],"about":[{"href":"https:\/\/www.basketclubs.es\/cbciudaddecadiz\/wp-json\/wp\/v2\/types\/page"}],"author":[{"embeddable":true,"href":"https:\/\/www.basketclubs.es\/cbciudaddecadiz\/wp-json\/wp\/v2\/users\/16"}],"replies":[{"embeddable":true,"href":"https:\/\/www.basketclubs.es\/cbciudaddecadiz\/wp-json\/wp\/v2\/comments?post=30"}],"version-history":[{"count":8,"href":"https:\/\/www.basketclubs.es\/cbciudaddecadiz\/wp-json\/wp\/v2\/pages\/30\/revisions"}],"predecessor-version":[{"id":1007,"href":"https:\/\/www.basketclubs.es\/cbciudaddecadiz\/wp-json\/wp\/v2\/pages\/30\/revisions\/1007"}],"wp:attachment":[{"href":"https:\/\/www.basketclubs.es\/cbciudaddecadiz\/wp-json\/wp\/v2\/media?parent=30"}],"curies":[{"name":"wp","href":"https:\/\/api.w.org\/{rel}","templated":true}]}}