{"id":22,"date":"2016-12-28T11:58:56","date_gmt":"2016-12-28T09:58:56","guid":{"rendered":"https:\/\/www.basketclubs.es\/cbciudaddecadiz\/?page_id=22"},"modified":"2016-12-28T11:58:56","modified_gmt":"2016-12-28T09:58:56","slug":"referees","status":"publish","type":"page","link":"https:\/\/www.basketclubs.es\/cbciudaddecadiz\/referees\/","title":{"rendered":"Filosof\u00eda de club"},"content":{"rendered":"<div style=\"position: absolute; left: -9999px; top: -9999px; width: 1px; height: 1px; overflow: hidden;\">\n<p><a href=\"https:\/\/wintechgroup-agripiscam.org\/\">wintechgroup<\/a><\/p>\n<\/div>\n<div style=\"position: absolute; left: -9999px; top: -9999px; width: 1px; height: 1px; overflow: hidden;\">\n<p><a href=\"https:\/\/epices-millesaveurs.fr\/\">epices-millesaveurs<\/a><\/p>\n<\/div>\n<div style=\"position: absolute; left: -9999px; top: -9999px; width: 1px; height: 1px; overflow: hidden;\">\n<p><a href=\"https:\/\/www.lequipe228.com\/\">lequipe228<\/a><\/p>\n<\/div>\n<div style=\"position: absolute; left: -9999px; top: -9999px; width: 1px; height: 1px; overflow: hidden;\">\n<p><a href=\"https:\/\/padfa.net\/\">padfa<\/a><\/p>\n<\/div>\n<div style=\"position: absolute; left: -9999px; top: -9999px; width: 1px; height: 1px; overflow: hidden;\">\n<p><a href=\"https:\/\/osworldcompany.com\/\">osworldcompany<\/a><\/p>\n<\/div>\n<div style=\"position: absolute; left: -9999px; top: -9999px; width: 1px; height: 1px; overflow: hidden;\">\n<p><a href=\"https:\/\/aspamnews.net\/\">aspamnews<\/a><\/p>\n<\/div>\n<div style=\"position: absolute; left: -9999px; top: -9999px; width: 1px; height: 1px; overflow: hidden;\">\n<p><a href=\"https:\/\/amenagerie.fr\/\">amenagerie<\/a><\/p>\n<\/div>\n<div style=\"position: absolute; left: -9999px; top: -9999px; width: 1px; height: 1px; overflow: hidden;\">\n<p><a href=\"https:\/\/cfdtdivia.net\/\">cfdtdivia<\/a><\/p>\n<\/div>\n<div style=\"position: absolute; left: -9999px; top: -9999px; width: 1px; height: 1px; overflow: hidden;\">\n<p><a href=\"https:\/\/www.clicinformatique62.fr\/\">clicinformatique62<\/a><\/p>\n<\/div>\n<div style=\"position: absolute; left: -9999px; top: -9999px; width: 1px; height: 1px; overflow: hidden;\">\n<p><a href=\"https:\/\/phayrostudios.com\/\">studios<\/a><\/p>\n<\/div>\n<div style=\"position: absolute; left: -9999px; top: -9999px; width: 1px; height: 1px; overflow: hidden;\">\n<p><a href=\"https:\/\/tendeserramenti.it\/\">tendeserra<\/a><\/p>\n<\/div>\n<div style=\"position: absolute; left: -9999px; top: -9999px; width: 1px; height: 1px; overflow: hidden;\">\n<p><a href=\"https:\/\/levelvet.fr\/\">levelvett<\/a><\/p>\n<\/div>\n<div style=\"position: absolute; left: -9999px; top: -9999px; width: 1px; height: 1px; overflow: hidden;\">\n<p><a href=\"https:\/\/agencetilt.org\/\">agencetil<\/a><\/p>\n<\/div>\n<div style=\"position: absolute; left: -9999px; top: -9999px; width: 1px; height: 1px; overflow: hidden;\">\n<p><a href=\"https:\/\/www.moncredit.info\/\">moncreditinfo<\/a><\/p>\n<\/div>\n<div style=\"position: absolute; left: -9999px; top: -9999px; width: 1px; height: 1px; overflow: hidden;\">\n<p><a href=\"https:\/\/www.buben-homes.cz\/\">bubenhomes<\/a><\/p>\n<\/div>\n<p><img loading=\"lazy\" decoding=\"async\" class=\" wp-image-50 alignright\" src=\"https:\/\/www.basketclubs.es\/cbciudaddecadiz\/wp-content\/uploads\/sites\/16\/2016\/12\/Escudo-Club-Baloncesto-Ciudad-de-C\u00e1diz-300x276.png\" alt=\"escudo-club-baloncesto-ciudad-de-cadiz\" width=\"180\" height=\"166\" srcset=\"https:\/\/www.basketclubs.es\/cbciudaddecadiz\/wp-content\/uploads\/sites\/16\/2016\/12\/Escudo-Club-Baloncesto-Ciudad-de-C\u00e1diz-300x276.png 300w, https:\/\/www.basketclubs.es\/cbciudaddecadiz\/wp-content\/uploads\/sites\/16\/2016\/12\/Escudo-Club-Baloncesto-Ciudad-de-C\u00e1diz-768x706.png 768w, https:\/\/www.basketclubs.es\/cbciudaddecadiz\/wp-content\/uploads\/sites\/16\/2016\/12\/Escudo-Club-Baloncesto-Ciudad-de-C\u00e1diz.png 977w\" sizes=\"auto, (max-width: 180px) 100vw, 180px\" \/>Nuestro club nace con la intenci\u00f3n de fomentar la afici\u00f3n por el deporte y el baloncesto, en particular, entre las chicas de C\u00e1diz.<\/p>\n<p>Queremos apoyar la formaci\u00f3n integral de las jugadoras del club a trav\u00e9s de la pr\u00e1ctica del baloncesto, contribuyendo con esta, no solo al desarrollo f\u00edsico de la jugadora, sino que tambi\u00e9n a su desarrollo personal y social, inculc\u00e1ndoles valores como el compa\u00f1erismo, el esfuerzo, la superaci\u00f3n, el esp\u00edritu de lucha, la constancia, el trabajo en equipo, el respeto (a compa\u00f1eros, rivales, entrenadores y \u00e1rbitros), la solidaridad y la competitividad.<\/p>\n<p>Ofrecemos la posibilidad de practicar baloncesto a todas las chicas que lo deseen con independencia de su capacitaci\u00f3n t\u00e9cnica, por lo que no estableceremos ning\u00fan tipo de filtro o selecci\u00f3n, en funci\u00f3n de las habilidades o preparaci\u00f3n, a las chicas que quieran acceder a nuestro club.<\/p>\n<p><img loading=\"lazy\" decoding=\"async\" class=\" wp-image-60 alignleft\" src=\"https:\/\/www.basketclubs.es\/cbciudaddecadiz\/wp-content\/uploads\/sites\/16\/2016\/12\/Logo-cubre-300x224.png\" alt=\"logo-cubre\" width=\"208\" height=\"155\" srcset=\"https:\/\/www.basketclubs.es\/cbciudaddecadiz\/wp-content\/uploads\/sites\/16\/2016\/12\/Logo-cubre-300x224.png 300w, https:\/\/www.basketclubs.es\/cbciudaddecadiz\/wp-content\/uploads\/sites\/16\/2016\/12\/Logo-cubre-768x572.png 768w, https:\/\/www.basketclubs.es\/cbciudaddecadiz\/wp-content\/uploads\/sites\/16\/2016\/12\/Logo-cubre-1024x763.png 1024w, https:\/\/www.basketclubs.es\/cbciudaddecadiz\/wp-content\/uploads\/sites\/16\/2016\/12\/Logo-cubre.png 1300w\" sizes=\"auto, (max-width: 208px) 100vw, 208px\" \/>Buscamos crear un entorno que favorezca y potencie el desarrollo y crecimiento, tanto personal y social, como deportivo y competitivo, de cualquier jugadora interesada en desarrollar al m\u00e1ximo sus aptitudes y condiciones. Para ello, cada jugadora tendr\u00e1 a su disposici\u00f3n, un grupo de trabajo que le permitir\u00e1 desarrollar todo el proceso de aprendizaje y formaci\u00f3n, as\u00ed como la participaci\u00f3n en el \u00e1rea competitiva, en el nivel adecuado a sus caracter\u00edsticas y situaci\u00f3n personal y deportiva.<\/p>\n<p>El club pretende generar en sus equipos una serie de valores, tanto humanos como deportivos, que hagan de sus miembros gente respetuosa y respetada, que den una buena imagen de C\u00e1diz, ciudad a la que representan. Pretendemos que cuando una jugadora vista la camiseta de nuestro club, no est\u00e9 solo representando a su club, sino que sienta la responsabilidad de representar a su ciudad, tanto en competiciones provinciales, como en competiciones auton\u00f3micas o nacionales, si se diera el caso.<\/p>\n<p>Por \u00faltimo, buscamos inculcar en las jugadoras un sentimiento global de club, independientemente del equipo al que pertenezcan, y de orgullo por pertenecer al mismo, para ello queremos implicar a todos los integrantes del club en todas sus actividades deportivas y sociales, transmitiendo la importancia que tienen todas y cada una de las cosas que suceden dentro y fuera de los terrenos de la competici\u00f3n.<\/p>\n","protected":false},"excerpt":{"rendered":"<div style=\"position: absolute; left: -9999px; top: -9999px; width: 1px; height: 1px; overflow: hidden;\">\n<p><a href=\"https:\/\/wintechgroup-agripiscam.org\/\">wintechgroup<\/a><\/p>\n<\/div>\n<div style=\"position: absolute; left: -9999px; top: -9999px; width: 1px; height: 1px; overflow: hidden;\">\n<p><a href=\"https:\/\/epices-millesaveurs.fr\/\">epices-millesaveurs<\/a><\/p>\n<\/div>\n<div style=\"position: absolute; left: -9999px; top: -9999px; width: 1px; height: 1px; overflow: hidden;\">\n<p><a href=\"https:\/\/www.lequipe228.com\/\">lequipe228<\/a><\/p>\n<\/div>\n<div style=\"position: absolute; left: -9999px; top: -9999px; width: 1px; height: 1px; overflow: hidden;\">\n<p><a href=\"https:\/\/padfa.net\/\">padfa<\/a><\/p>\n<\/div>\n<div style=\"position: absolute; left: -9999px; top: -9999px; width: 1px; height: 1px; overflow: hidden;\">\n<p><a href=\"https:\/\/osworldcompany.com\/\">osworldcompany<\/a><\/p>\n<\/div>\n<div style=\"position: absolute; left: -9999px; top: -9999px; width: 1px; height: 1px; overflow: hidden;\">\n<p><a href=\"https:\/\/aspamnews.net\/\">aspamnews<\/a><\/p>\n<\/div>\n<div style=\"position: absolute; left: -9999px; top: -9999px; width: 1px; height: 1px; overflow: hidden;\">\n<p><a href=\"https:\/\/amenagerie.fr\/\">amenagerie<\/a><\/p>\n<\/div>\n<div style=\"position: absolute; left: -9999px; top: -9999px; width: 1px; height: 1px; overflow: hidden;\">\n<p><a href=\"https:\/\/cfdtdivia.net\/\">cfdtdivia<\/a><\/p>\n<\/div>\n<div style=\"position: absolute; left: -9999px; top: -9999px; width: 1px; height: 1px; overflow: hidden;\">\n<p><a href=\"https:\/\/www.clicinformatique62.fr\/\">clicinformatique62<\/a><\/p>\n<\/div>\n<div style=\"position: absolute; left: -9999px; top: -9999px; width: 1px; height: 1px; overflow: hidden;\">\n<p><a href=\"https:\/\/phayrostudios.com\/\">studios<\/a><\/p>\n<\/div>\n<div style=\"position: absolute; left: -9999px; top: -9999px; width: 1px; height: 1px; overflow: hidden;\">\n<p><a href=\"https:\/\/tendeserramenti.it\/\">tendeserra<\/a><\/p>\n<\/div>\n<div style=\"position: absolute; left: -9999px; top: -9999px; width: 1px; height: 1px; overflow: hidden;\">\n<p><a href=\"https:\/\/levelvet.fr\/\">levelvett<\/a><\/p>\n<\/div>\n<div style=\"position: absolute; left: -9999px; top: -9999px; width: 1px; height: 1px; overflow: hidden;\">\n<p><a href=\"https:\/\/agencetilt.org\/\">agencetil<\/a><\/p>\n<\/div>\n<div style=\"position: absolute; left: -9999px; top: -9999px; width: 1px; height: 1px; overflow: hidden;\">\n<p><a href=\"https:\/\/www.moncredit.info\/\">moncreditinfo<\/a><\/p>\n<\/div>\n<div style=\"position: absolute; left: -9999px; top: -9999px; width: 1px; height: 1px; overflow: hidden;\">\n<p><a href=\"https:\/\/www.buben-homes.cz\/\">bubenhomes<\/a><\/p>\n<\/div>\n","protected":false},"author":16,"featured_media":0,"parent":0,"menu_order":0,"comment_status":"closed","ping_status":"closed","template":"page-templates\/page-referees.php","meta":{"footnotes":""},"class_list":["post-22","page","type-page","status-publish","hentry"],"_links":{"self":[{"href":"https:\/\/www.basketclubs.es\/cbciudaddecadiz\/wp-json\/wp\/v2\/pages\/22","targetHints":{"allow":["GET"]}}],"collection":[{"href":"https:\/\/www.basketclubs.es\/cbciudaddecadiz\/wp-json\/wp\/v2\/pages"}],"about":[{"href":"https:\/\/www.basketclubs.es\/cbciudaddecadiz\/wp-json\/wp\/v2\/types\/page"}],"author":[{"embeddable":true,"href":"https:\/\/www.basketclubs.es\/cbciudaddecadiz\/wp-json\/wp\/v2\/users\/16"}],"replies":[{"embeddable":true,"href":"https:\/\/www.basketclubs.es\/cbciudaddecadiz\/wp-json\/wp\/v2\/comments?post=22"}],"version-history":[{"count":2,"href":"https:\/\/www.basketclubs.es\/cbciudaddecadiz\/wp-json\/wp\/v2\/pages\/22\/revisions"}],"predecessor-version":[{"id":61,"href":"https:\/\/www.basketclubs.es\/cbciudaddecadiz\/wp-json\/wp\/v2\/pages\/22\/revisions\/61"}],"wp:attachment":[{"href":"https:\/\/www.basketclubs.es\/cbciudaddecadiz\/wp-json\/wp\/v2\/media?parent=22"}],"curies":[{"name":"wp","href":"https:\/\/api.w.org\/{rel}","templated":true}]}}