{"id":18,"date":"2018-07-06T21:26:09","date_gmt":"2018-07-06T19:26:09","guid":{"rendered":"https:\/\/www.basketclubs.es\/cbcalgeciras\/?page_id=18"},"modified":"2018-07-06T21:26:09","modified_gmt":"2018-07-06T19:26:09","slug":"history","status":"publish","type":"page","link":"https:\/\/www.basketclubs.es\/cbcalgeciras\/history\/","title":{"rendered":"Historia"},"content":{"rendered":"<div dir=\"auto\">El origen de nuestro Club reside en el primigenio UDEA (Uni\u00f3n Deportiva Escolar Algecire\u00f1a) de las d\u00e9cadas de los 70-80, nacida para fomentar el deporte entre los\/las escolares de aquellos a\u00f1os.\u00a0 La gran acogida obtenida por la poblaci\u00f3n estudiantil supuso el germen de la creaci\u00f3n de una secci\u00f3n de baloncesto con el mismo nombre cuyos representantes tanto masculino como femenino militaron en la tercera y segunda divisi\u00f3n.<\/div>\n<div dir=\"auto\">De 1990 datan los primeros Estatutos de nuestro Club bajo la denominaci\u00f3n de A.D. Carteia.\u00a0 A partir de esta fecha los logros deportivos son m\u00e1ximos, sobre todo en el baloncesto masculino profesional.\u00a0 Desde 2\u00aa divisi\u00f3n se consigue (bajo la denominaci\u00f3n de UDEA) en la temporada 1991\/1992 el ascenso a 1\u00aa.<\/div>\n<div dir=\"auto\">Dicha temporada marca la trayectoria del equipo en las ligas de plata del baloncesto espa\u00f1ol, militando en liga EBA desde 1992\/1993 hasta 1998\/1999, en la que el equipo se convierte en CB. Ciudad de Algeciras abandonando su original denominaci\u00f3n (UDEA)<\/div>\n<div dir=\"auto\">En la temporada 1999\/2000 y gracias a una ampliaci\u00f3n de la categor\u00eda, se asciende a LEB2, divisi\u00f3n en la que se juega hasta la temporada 2002\/2003 con el consiguiente ascenso a LEB1.\u00a0 Transcurren un par de temporadas en dicha liga, tras lo cual el deporte profesional desaparece de nuestra ciudad.<\/div>\n<div dir=\"auto\">Se est\u00e1 realizando un gran esfuerzo para que todos los ni\u00f1os y ni\u00f1as de Algeciras tengan un equipo donde entrenar, jugar, competir y divertirse.\u00a0 Claro est\u00e1, que ellos no son conscientes de la dificultad que supone tener tantos equipos inscritos en la Federaci\u00f3n, pero entendemos que es nuestra obligaci\u00f3n, nuestro deber y nuestro compromiso hacer todo lo posible para que este proyecto pueda ser llevado a cabo.<\/div>\n<div dir=\"auto\">La temporada 2015\/2016 el Club cumpli\u00f3 25 a\u00f1os bajo la denominaci\u00f3n C.B. Ciudad de Algeciras.<\/div>\n<div class=\"yj6qo\"><\/div>\n","protected":false},"excerpt":{"rendered":"<p>El origen de nuestro Club reside en el primigenio UDEA (Uni\u00f3n Deportiva Escolar Algecire\u00f1a) de las d\u00e9cadas de los 70-80, nacida para fomentar el deporte entre los\/las escolares de aquellos a\u00f1os.\u00a0 La gran acogida obtenida por la poblaci\u00f3n estudiantil supuso el germen de la creaci\u00f3n de una secci\u00f3n de baloncesto con el mismo nombre cuyos [&hellip;]<\/p>\n","protected":false},"author":92,"featured_media":0,"parent":0,"menu_order":0,"comment_status":"closed","ping_status":"closed","template":"page-templates\/page-history.php","meta":{"footnotes":""},"class_list":["post-18","page","type-page","status-publish","hentry"],"_links":{"self":[{"href":"https:\/\/www.basketclubs.es\/cbcalgeciras\/wp-json\/wp\/v2\/pages\/18","targetHints":{"allow":["GET"]}}],"collection":[{"href":"https:\/\/www.basketclubs.es\/cbcalgeciras\/wp-json\/wp\/v2\/pages"}],"about":[{"href":"https:\/\/www.basketclubs.es\/cbcalgeciras\/wp-json\/wp\/v2\/types\/page"}],"author":[{"embeddable":true,"href":"https:\/\/www.basketclubs.es\/cbcalgeciras\/wp-json\/wp\/v2\/users\/92"}],"replies":[{"embeddable":true,"href":"https:\/\/www.basketclubs.es\/cbcalgeciras\/wp-json\/wp\/v2\/comments?post=18"}],"version-history":[{"count":2,"href":"https:\/\/www.basketclubs.es\/cbcalgeciras\/wp-json\/wp\/v2\/pages\/18\/revisions"}],"predecessor-version":[{"id":70,"href":"https:\/\/www.basketclubs.es\/cbcalgeciras\/wp-json\/wp\/v2\/pages\/18\/revisions\/70"}],"wp:attachment":[{"href":"https:\/\/www.basketclubs.es\/cbcalgeciras\/wp-json\/wp\/v2\/media?parent=18"}],"curies":[{"name":"wp","href":"https:\/\/api.w.org\/{rel}","templated":true}]}}