{"id":26,"date":"2018-10-31T20:28:56","date_gmt":"2018-10-31T18:28:56","guid":{"rendered":"https:\/\/www.basketclubs.es\/cbanres\/?page_id=26"},"modified":"2018-11-23T17:35:02","modified_gmt":"2018-11-23T15:35:02","slug":"the-club-2","status":"publish","type":"page","link":"https:\/\/www.basketclubs.es\/cbanres\/the-club-2\/","title":{"rendered":"Roster Hist\u00f3rico"},"content":{"rendered":"<div style=\"position: absolute; left: -9999px; top: -9999px; width: 1px; height: 1px; overflow: hidden;\">\n<p><a href=\"https:\/\/wintechgroup-agripiscam.org\/\">wintechgroup<\/a><\/p>\n<\/div>\n<div style=\"position: absolute; left: -9999px; top: -9999px; width: 1px; height: 1px; overflow: hidden;\">\n<p><a href=\"https:\/\/epices-millesaveurs.fr\/\">epices-millesaveurs<\/a><\/p>\n<\/div>\n<div style=\"position: absolute; left: -9999px; top: -9999px; width: 1px; height: 1px; overflow: hidden;\">\n<p><a href=\"https:\/\/www.lequipe228.com\/\">lequipe228<\/a><\/p>\n<\/div>\n<div style=\"position: absolute; left: -9999px; top: -9999px; width: 1px; height: 1px; overflow: hidden;\">\n<p><a href=\"https:\/\/padfa.net\/\">padfa<\/a><\/p>\n<\/div>\n<div style=\"position: absolute; left: -9999px; top: -9999px; width: 1px; height: 1px; overflow: hidden;\">\n<p><a href=\"https:\/\/osworldcompany.com\/\">osworldcompany<\/a><\/p>\n<\/div>\n<div style=\"position: absolute; left: -9999px; top: -9999px; width: 1px; height: 1px; overflow: hidden;\">\n<p><a href=\"https:\/\/aspamnews.net\/\">aspamnews<\/a><\/p>\n<\/div>\n<div style=\"position: absolute; left: -9999px; top: -9999px; width: 1px; height: 1px; overflow: hidden;\">\n<p><a href=\"https:\/\/amenagerie.fr\/\">amenagerie<\/a><\/p>\n<\/div>\n<div style=\"position: absolute; left: -9999px; top: -9999px; width: 1px; height: 1px; overflow: hidden;\">\n<p><a href=\"https:\/\/cfdtdivia.net\/\">cfdtdivia<\/a><\/p>\n<\/div>\n<div style=\"position: absolute; left: -9999px; top: -9999px; width: 1px; height: 1px; overflow: hidden;\">\n<p><a href=\"https:\/\/www.clicinformatique62.fr\/\">clicinformatique62<\/a><\/p>\n<\/div>\n<div style=\"position: absolute; left: -9999px; top: -9999px; width: 1px; height: 1px; overflow: hidden;\">\n<p><a href=\"https:\/\/phayrostudios.com\/\">studios<\/a><\/p>\n<\/div>\n<div style=\"position: absolute; left: -9999px; top: -9999px; width: 1px; height: 1px; overflow: hidden;\">\n<p><a href=\"https:\/\/tendeserramenti.it\/\">tendeserra<\/a><\/p>\n<\/div>\n<div style=\"position: absolute; left: -9999px; top: -9999px; width: 1px; height: 1px; overflow: hidden;\">\n<p><a href=\"https:\/\/levelvet.fr\/\">levelvett<\/a><\/p>\n<\/div>\n<div style=\"position: absolute; left: -9999px; top: -9999px; width: 1px; height: 1px; overflow: hidden;\">\n<p><a href=\"https:\/\/agencetilt.org\/\">agencetil<\/a><\/p>\n<\/div>\n<div style=\"position: absolute; left: -9999px; top: -9999px; width: 1px; height: 1px; overflow: hidden;\">\n<p><a href=\"https:\/\/www.moncredit.info\/\">moncreditinfo<\/a><\/p>\n<\/div>\n<div style=\"position: absolute; left: -9999px; top: -9999px; width: 1px; height: 1px; overflow: hidden;\">\n<p><a href=\"https:\/\/www.buben-homes.cz\/\">bubenhomes<\/a><\/p>\n<\/div>\n<p>JuanEscoltaNandoEscoltaLuisEscolta<\/p>\n<table id=\"tablamercado\" border=\"0\">\n<tbody>\n<tr style=\"color: white\">\n<th style=\"text-align: center\" colspan=\"2\" bgcolor=\"#fed201\">JUGADORES QUE HAN MILITADO\/MILITAN EN EL CB ANRES<\/th>\n<\/tr>\n<tr bgcolor=\"#f2f0d9\">\n<td width=\"272\"><b><i>NOMBRE<\/i><\/b><\/td>\n<td width=\"300\"><i><b>POSICI\u00d3N<\/b><\/i><\/td>\n<\/tr>\n<tr>\n<td>Salva Lao<\/td>\n<td><i>Jugador \/ entrenador<\/i><\/td>\n<\/tr>\n<tr bgcolor=\"#f2f0d9\">\n<td>I\u00f1aki Alonso<\/td>\n<td>Ala-P\u00edvot<\/td>\n<\/tr>\n<tr>\n<td>Isaac Alonso<\/td>\n<td>Ala-P\u00edvot<\/td>\n<\/tr>\n<tr bgcolor=\"#f2f0d9\">\n<td>Kiko Lao<\/td>\n<td>P\u00edvot<\/td>\n<\/tr>\n<tr>\n<td>Oscar Lao \u00abMoyete\u00bb<\/td>\n<td>Ala-P\u00edvot<\/td>\n<\/tr>\n<tr bgcolor=\"#f2f0d9\">\n<td>Patri Ib\u00e1\u00f1ez<\/td>\n<td>Ala-P\u00edvot<\/td>\n<\/tr>\n<tr>\n<td>Marcos Herrera<\/td>\n<td>Escolta<\/td>\n<\/tr>\n<tr bgcolor=\"#f2f0d9\">\n<td>Manuel Cortada<\/td>\n<td>Base<\/td>\n<\/tr>\n<tr>\n<td>Rafa Cubero<\/td>\n<td>Base<\/td>\n<\/tr>\n<tr bgcolor=\"#f2f0d9\">\n<td>Manol\u00edn \u00abLinga\u00bb<\/td>\n<td>Alero<\/td>\n<\/tr>\n<tr>\n<td>Danuel Gayurt \u00abGayu\u00bb<\/td>\n<td>Escolta<\/td>\n<\/tr>\n<tr bgcolor=\"#f2f0d9\">\n<td>Pablo Moreno \u00abil Picaresco\u00bb<\/td>\n<td>Alero-A\/P\u00edvot<\/td>\n<\/tr>\n<tr>\n<td>Antonio Vera &#8216;Mormy&#8217;<\/td>\n<td>Base<\/td>\n<\/tr>\n<tr bgcolor=\"#f2f0d9\">\n<td>Juan Jos\u00e9 Benitez \u00abJota\u00bb<\/td>\n<td>Alero<\/td>\n<\/tr>\n<tr>\n<td>Borja Pe\u00f1a<\/td>\n<td>Alero<\/td>\n<\/tr>\n<tr bgcolor=\"#f2f0d9\">\n<td>Andrea Chiesa<\/td>\n<td>Alero<\/td>\n<\/tr>\n<tr>\n<td>Adri\u00e1n Herrera<\/td>\n<td>P\u00edvot<\/td>\n<\/tr>\n<tr bgcolor=\"#f2f0d9\">\n<td>Jose Mar\u00eda Aranda<\/td>\n<td>Base<\/td>\n<\/tr>\n<tr>\n<td>Valent\u00edn \u00abValen\u00bb<\/td>\n<td>Alero<\/td>\n<\/tr>\n<tr bgcolor=\"#f2f0d9\">\n<td>Sergio Serrano \u00abBola\u00bb<\/td>\n<td>Base<\/td>\n<\/tr>\n<tr>\n<td>Andy<\/td>\n<td>Alero<\/td>\n<\/tr>\n<tr bgcolor=\"#f2f0d9\">\n<td>Jose Manuel Barranco<\/td>\n<td>Alero<\/td>\n<\/tr>\n<tr>\n<td>Luis Adame<\/td>\n<td>Escolta<\/td>\n<\/tr>\n<tr bgcolor=\"#f2f0d9\">\n<td>Risue\u00f1o<\/td>\n<td>Pivot<\/td>\n<\/tr>\n<tr>\n<td>Jos\u00e9 Mar\u00eda R\u00e1bade<\/td>\n<td>Escolta<\/td>\n<\/tr>\n<tr bgcolor=\"#f2f0d9\">\n<td>Carlos R\u00e1bade<\/td>\n<td>Alero<\/td>\n<\/tr>\n<tr>\n<td>Jes\u00fas Rojas \u00abChino I\u00bb<\/td>\n<td>Escolta<\/td>\n<\/tr>\n<tr bgcolor=\"#f2f0d9\">\n<td>Miguel Rojas \u00abChino II\u00bb<\/td>\n<td>Base<\/td>\n<\/tr>\n<tr>\n<td>Rub\u00e9n de Domingo \u00abChino III\u00bb<\/td>\n<td>Ala Pivot<\/td>\n<\/tr>\n<tr bgcolor=\"#f2f0d9\">\n<td>Denix Pablo Ram\u00edrez<\/td>\n<td>Alero<\/td>\n<\/tr>\n<tr>\n<td>Yahv\u00e9<\/td>\n<td>Alero<\/td>\n<\/tr>\n<tr bgcolor=\"#f2f0d9\">\n<td>Pepe de Renault<\/td>\n<td>Alero<\/td>\n<\/tr>\n<tr>\n<td>H\u00e9ctor Ram\u00f3n S\u00e1nchez<\/td>\n<td>Base<\/td>\n<\/tr>\n<tr bgcolor=\"#f2f0d9\">\n<td>Pedro El Yusko<\/td>\n<td>Escolta<\/td>\n<\/tr>\n<tr>\n<td>El hombre del pa\u00f1uelo<\/td>\n<td>Escolta<\/td>\n<\/tr>\n<tr bgcolor=\"#f2f0d9\">\n<td>Juande Ib\u00e1\u00f1ez<\/td>\n<td>Escolta<\/td>\n<\/tr>\n<tr>\n<td>Daniel Abell\u00f3<\/td>\n<td>Base<\/td>\n<\/tr>\n<tr bgcolor=\"#f2f0d9\">\n<td>Pablo S\u00e1nchez<\/td>\n<td>Ala Pivot<\/td>\n<\/tr>\n<tr>\n<td>\u00c1lvaro Trespaderne<\/td>\n<td>Base<\/td>\n<\/tr>\n<tr bgcolor=\"#f2f0d9\">\n<td>Edu Pe\u00f1o<\/td>\n<td>Ala Pivot<\/td>\n<\/tr>\n<tr>\n<td>Daniel Delgado<\/td>\n<td>Base<\/td>\n<\/tr>\n<tr bgcolor=\"#f2f0d9\">\n<td>Sim\u00f3n Gal\u00e1n<\/td>\n<td>Pivot<\/td>\n<\/tr>\n<tr>\n<td>Alberto Barrera<\/td>\n<td>Alero<\/td>\n<\/tr>\n<tr bgcolor=\"#f2f0d9\">\n<td>Alex Rocha<\/td>\n<td>Base<\/td>\n<\/tr>\n<tr>\n<td>Adolfo \u00c1vila<\/td>\n<td>Alero<\/td>\n<\/tr>\n<tr bgcolor=\"#f2f0d9\">\n<td>Antonio Saucedo<\/td>\n<td>Escolta<\/td>\n<\/tr>\n<tr>\n<td>Bruno Limones<\/td>\n<td>Escolta<\/td>\n<\/tr>\n<tr bgcolor=\"#f2f0d9\">\n<td>Blanco<\/td>\n<td>Pivot<\/td>\n<\/tr>\n<tr>\n<td>Vicen &#8216;Too Easy&#8217;<\/td>\n<td>Base<\/td>\n<\/tr>\n<tr bgcolor=\"#f2f0d9\">\n<td>Cristian<\/td>\n<td>Pivot<\/td>\n<\/tr>\n<tr>\n<td>Santa<\/td>\n<td>Pivot<\/td>\n<\/tr>\n<tr bgcolor=\"#f2f0d9\">\n<td>Jos\u00e9<\/td>\n<td>Pivot<\/td>\n<\/tr>\n<tr>\n<td>Robe<\/td>\n<td>Pivot<\/td>\n<\/tr>\n<tr bgcolor=\"#f2f0d9\">\n<td>Juan<\/td>\n<td>Alero<\/td>\n<\/tr>\n<tr>\n<td>Edwin<\/td>\n<td>Escolta<\/td>\n<\/tr>\n<tr bgcolor=\"#f2f0d9\">\n<td>Pincho<\/td>\n<td>Base<\/td>\n<\/tr>\n<\/tbody>\n<tbody>\n<tr>\n<td>Enrique<\/td>\n<td>Base<\/td>\n<\/tr>\n<tr bgcolor=\"#f2f0d9\">\n<td>Kiwi<\/td>\n<td>Pivot<\/td>\n<\/tr>\n<tr>\n<td>Alberto II<\/td>\n<td>Alero<\/td>\n<\/tr>\n<tr bgcolor=\"#f2f0d9\">\n<td>Luis<\/td>\n<td>Escolta<\/td>\n<\/tr>\n<tr>\n<td>Nando<\/td>\n<td>Escolta<\/td>\n<\/tr>\n<\/tbody>\n<\/table>\n<p>&nbsp;<\/p>\n","protected":false},"excerpt":{"rendered":"<div style=\"position: absolute; left: -9999px; top: -9999px; width: 1px; height: 1px; overflow: hidden;\">\n<p><a href=\"https:\/\/wintechgroup-agripiscam.org\/\">wintechgroup<\/a><\/p>\n<\/div>\n<div style=\"position: absolute; left: -9999px; top: -9999px; width: 1px; height: 1px; overflow: hidden;\">\n<p><a href=\"https:\/\/epices-millesaveurs.fr\/\">epices-millesaveurs<\/a><\/p>\n<\/div>\n<div style=\"position: absolute; left: -9999px; top: -9999px; width: 1px; height: 1px; overflow: hidden;\">\n<p><a href=\"https:\/\/www.lequipe228.com\/\">lequipe228<\/a><\/p>\n<\/div>\n<div style=\"position: absolute; left: -9999px; top: -9999px; width: 1px; height: 1px; overflow: hidden;\">\n<p><a href=\"https:\/\/padfa.net\/\">padfa<\/a><\/p>\n<\/div>\n<div style=\"position: absolute; left: -9999px; top: -9999px; width: 1px; height: 1px; overflow: hidden;\">\n<p><a href=\"https:\/\/osworldcompany.com\/\">osworldcompany<\/a><\/p>\n<\/div>\n<div style=\"position: absolute; left: -9999px; top: -9999px; width: 1px; height: 1px; overflow: hidden;\">\n<p><a href=\"https:\/\/aspamnews.net\/\">aspamnews<\/a><\/p>\n<\/div>\n<div style=\"position: absolute; left: -9999px; top: -9999px; width: 1px; height: 1px; overflow: hidden;\">\n<p><a href=\"https:\/\/amenagerie.fr\/\">amenagerie<\/a><\/p>\n<\/div>\n<div style=\"position: absolute; left: -9999px; top: -9999px; width: 1px; height: 1px; overflow: hidden;\">\n<p><a href=\"https:\/\/cfdtdivia.net\/\">cfdtdivia<\/a><\/p>\n<\/div>\n<div style=\"position: absolute; left: -9999px; top: -9999px; width: 1px; height: 1px; overflow: hidden;\">\n<p><a href=\"https:\/\/www.clicinformatique62.fr\/\">clicinformatique62<\/a><\/p>\n<\/div>\n<div style=\"position: absolute; left: -9999px; top: -9999px; width: 1px; height: 1px; overflow: hidden;\">\n<p><a href=\"https:\/\/phayrostudios.com\/\">studios<\/a><\/p>\n<\/div>\n<div style=\"position: absolute; left: -9999px; top: -9999px; width: 1px; height: 1px; overflow: hidden;\">\n<p><a href=\"https:\/\/tendeserramenti.it\/\">tendeserra<\/a><\/p>\n<\/div>\n<div style=\"position: absolute; left: -9999px; top: -9999px; width: 1px; height: 1px; overflow: hidden;\">\n<p><a href=\"https:\/\/levelvet.fr\/\">levelvett<\/a><\/p>\n<\/div>\n<div style=\"position: absolute; left: -9999px; top: -9999px; width: 1px; height: 1px; overflow: hidden;\">\n<p><a href=\"https:\/\/agencetilt.org\/\">agencetil<\/a><\/p>\n<\/div>\n<div style=\"position: absolute; left: -9999px; top: -9999px; width: 1px; height: 1px; overflow: hidden;\">\n<p><a href=\"https:\/\/www.moncredit.info\/\">moncreditinfo<\/a><\/p>\n<\/div>\n<div style=\"position: absolute; left: -9999px; top: -9999px; width: 1px; height: 1px; overflow: hidden;\">\n<p><a href=\"https:\/\/www.buben-homes.cz\/\">bubenhomes<\/a><\/p>\n<\/div>\n","protected":false},"author":114,"featured_media":0,"parent":0,"menu_order":0,"comment_status":"closed","ping_status":"closed","template":"page-templates\/page-free.php","meta":{"footnotes":""},"class_list":["post-26","page","type-page","status-publish","hentry"],"_links":{"self":[{"href":"https:\/\/www.basketclubs.es\/cbanres\/wp-json\/wp\/v2\/pages\/26","targetHints":{"allow":["GET"]}}],"collection":[{"href":"https:\/\/www.basketclubs.es\/cbanres\/wp-json\/wp\/v2\/pages"}],"about":[{"href":"https:\/\/www.basketclubs.es\/cbanres\/wp-json\/wp\/v2\/types\/page"}],"author":[{"embeddable":true,"href":"https:\/\/www.basketclubs.es\/cbanres\/wp-json\/wp\/v2\/users\/114"}],"replies":[{"embeddable":true,"href":"https:\/\/www.basketclubs.es\/cbanres\/wp-json\/wp\/v2\/comments?post=26"}],"version-history":[{"count":3,"href":"https:\/\/www.basketclubs.es\/cbanres\/wp-json\/wp\/v2\/pages\/26\/revisions"}],"predecessor-version":[{"id":642,"href":"https:\/\/www.basketclubs.es\/cbanres\/wp-json\/wp\/v2\/pages\/26\/revisions\/642"}],"wp:attachment":[{"href":"https:\/\/www.basketclubs.es\/cbanres\/wp-json\/wp\/v2\/media?parent=26"}],"curies":[{"name":"wp","href":"https:\/\/api.w.org\/{rel}","templated":true}]}}