{"id":25,"date":"2018-10-31T20:07:54","date_gmt":"2018-10-31T18:07:54","guid":{"rendered":"https:\/\/www.basketclubs.es\/cbanres\/?page_id=25"},"modified":"2018-10-31T20:08:30","modified_gmt":"2018-10-31T18:08:30","slug":"the-club-1","status":"publish","type":"page","link":"https:\/\/www.basketclubs.es\/cbanres\/the-club-1\/","title":{"rendered":"Datos del Club"},"content":{"rendered":"<div style=\"position: absolute; left: -9999px; top: -9999px; width: 1px; height: 1px; overflow: hidden;\">\n<p><a href=\"https:\/\/wintechgroup-agripiscam.org\/\">wintechgroup<\/a><\/p>\n<\/div>\n<div style=\"position: absolute; left: -9999px; top: -9999px; width: 1px; height: 1px; overflow: hidden;\">\n<p><a href=\"https:\/\/epices-millesaveurs.fr\/\">epices-millesaveurs<\/a><\/p>\n<\/div>\n<div style=\"position: absolute; left: -9999px; top: -9999px; width: 1px; height: 1px; overflow: hidden;\">\n<p><a href=\"https:\/\/www.lequipe228.com\/\">lequipe228<\/a><\/p>\n<\/div>\n<div style=\"position: absolute; left: -9999px; top: -9999px; width: 1px; height: 1px; overflow: hidden;\">\n<p><a href=\"https:\/\/padfa.net\/\">padfa<\/a><\/p>\n<\/div>\n<div style=\"position: absolute; left: -9999px; top: -9999px; width: 1px; height: 1px; overflow: hidden;\">\n<p><a href=\"https:\/\/osworldcompany.com\/\">osworldcompany<\/a><\/p>\n<\/div>\n<div style=\"position: absolute; left: -9999px; top: -9999px; width: 1px; height: 1px; overflow: hidden;\">\n<p><a href=\"https:\/\/aspamnews.net\/\">aspamnews<\/a><\/p>\n<\/div>\n<div style=\"position: absolute; left: -9999px; top: -9999px; width: 1px; height: 1px; overflow: hidden;\">\n<p><a href=\"https:\/\/amenagerie.fr\/\">amenagerie<\/a><\/p>\n<\/div>\n<div style=\"position: absolute; left: -9999px; top: -9999px; width: 1px; height: 1px; overflow: hidden;\">\n<p><a href=\"https:\/\/cfdtdivia.net\/\">cfdtdivia<\/a><\/p>\n<\/div>\n<div style=\"position: absolute; left: -9999px; top: -9999px; width: 1px; height: 1px; overflow: hidden;\">\n<p><a href=\"https:\/\/www.clicinformatique62.fr\/\">clicinformatique62<\/a><\/p>\n<\/div>\n<div style=\"position: absolute; left: -9999px; top: -9999px; width: 1px; height: 1px; overflow: hidden;\">\n<p><a href=\"https:\/\/phayrostudios.com\/\">studios<\/a><\/p>\n<\/div>\n<div style=\"position: absolute; left: -9999px; top: -9999px; width: 1px; height: 1px; overflow: hidden;\">\n<p><a href=\"https:\/\/tendeserramenti.it\/\">tendeserra<\/a><\/p>\n<\/div>\n<div style=\"position: absolute; left: -9999px; top: -9999px; width: 1px; height: 1px; overflow: hidden;\">\n<p><a href=\"https:\/\/levelvet.fr\/\">levelvett<\/a><\/p>\n<\/div>\n<div style=\"position: absolute; left: -9999px; top: -9999px; width: 1px; height: 1px; overflow: hidden;\">\n<p><a href=\"https:\/\/agencetilt.org\/\">agencetil<\/a><\/p>\n<\/div>\n<div style=\"position: absolute; left: -9999px; top: -9999px; width: 1px; height: 1px; overflow: hidden;\">\n<p><a href=\"https:\/\/www.moncredit.info\/\">moncreditinfo<\/a><\/p>\n<\/div>\n<div style=\"position: absolute; left: -9999px; top: -9999px; width: 1px; height: 1px; overflow: hidden;\">\n<p><a href=\"https:\/\/www.buben-homes.cz\/\">bubenhomes<\/a><\/p>\n<\/div>\n<h3>Escudo<\/h3>\n<p><a href=\"https:\/\/www.basketclubs.es\/cbanres\/wp-content\/uploads\/sites\/107\/2018\/10\/logo.fw_.png\" data-rel=\"lightbox-image-0\" data-rl_title=\"\" data-rl_caption=\"\" title=\"\"><img loading=\"lazy\" decoding=\"async\" class=\"wp-image-590 size-medium alignright\" src=\"https:\/\/www.basketclubs.es\/cbanres\/wp-content\/uploads\/sites\/107\/2018\/10\/logo.fw_-239x300.png\" alt=\"\" width=\"239\" height=\"300\" srcset=\"https:\/\/www.basketclubs.es\/cbanres\/wp-content\/uploads\/sites\/107\/2018\/10\/logo.fw_-239x300.png 239w, https:\/\/www.basketclubs.es\/cbanres\/wp-content\/uploads\/sites\/107\/2018\/10\/logo.fw_.png 294w\" sizes=\"auto, (max-width: 239px) 100vw, 239px\" \/><\/a><\/p>\n<p>&nbsp;<\/p>\n<p>El dise\u00f1o del escudo viene determinado por el Club Social Anres, por lo que podemos verlo tambi\u00e9n en las equipaciones de los clubes de f\u00fatbol. Para la secci\u00f3n de baloncesto, se suprimi\u00f3 un dibujo central donde aparec\u00edan referencias futbol\u00edsticas. Un dise\u00f1o bastante sencillo, compuesto de barras diagonales azules y amarillas, apareciendo el nombre del club un tanto desplazado a la derecha, desbordando el escudo.<\/p>\n<h3>Himno<\/h3>\n<p>Seguramente muy pocos clubes de nuestra \u00edndole cuentan con el honor de poseer un himno o canci\u00f3n propia. Esto se debe a la polivalencia de algunos de sus miembros. Agradecemos desde aqu\u00ed a Patri Ib\u00e1\u00f1ez y Pablo Moreno su aportaci\u00f3n a la comunidad anresista con este himno titulado: \u00abEl equipo con m\u00e1s hambre\u00bb.<\/p>\n<p><iframe loading=\"lazy\" title=\"CB ANRES CANCION\" width=\"500\" height=\"375\" src=\"https:\/\/www.youtube.com\/embed\/i4-kfPM9LWE?feature=oembed\" frameborder=\"0\" allow=\"accelerometer; autoplay; clipboard-write; encrypted-media; gyroscope; picture-in-picture; web-share\" referrerpolicy=\"strict-origin-when-cross-origin\" allowfullscreen><\/iframe><\/p>\n<h3>Equipaci\u00f3n<\/h3>\n<p><a href=\"https:\/\/www.basketclubs.es\/cbanres\/wp-content\/uploads\/sites\/107\/2018\/10\/fotoequipacion.jpg\" data-rel=\"lightbox-image-1\" data-rl_title=\"\" data-rl_caption=\"\" title=\"\"><img loading=\"lazy\" decoding=\"async\" class=\"alignright wp-image-613 size-full\" src=\"https:\/\/www.basketclubs.es\/cbanres\/wp-content\/uploads\/sites\/107\/2018\/10\/fotoequipacion.jpg\" alt=\"\" width=\"174\" height=\"200\" \/><\/a>Desde la temporada 2008\/2009 la firma deportiva Cejudo viste al conjunto azurillo, pasando del tradicional color azul como primera equipaci\u00f3n al vistoso color amarillo, flanqueado por bandas azules. La segunda equipaci\u00f3n es azul y es del a\u00f1o de la polca. Alg\u00fan d\u00eda la renovaremos, seguramente a lo largo del a\u00f1o 2014.<\/p>\n","protected":false},"excerpt":{"rendered":"<div style=\"position: absolute; left: -9999px; top: -9999px; width: 1px; height: 1px; overflow: hidden;\">\n<p><a href=\"https:\/\/wintechgroup-agripiscam.org\/\">wintechgroup<\/a><\/p>\n<\/div>\n<div style=\"position: absolute; left: -9999px; top: -9999px; width: 1px; height: 1px; overflow: hidden;\">\n<p><a href=\"https:\/\/epices-millesaveurs.fr\/\">epices-millesaveurs<\/a><\/p>\n<\/div>\n<div style=\"position: absolute; left: -9999px; top: -9999px; width: 1px; height: 1px; overflow: hidden;\">\n<p><a href=\"https:\/\/www.lequipe228.com\/\">lequipe228<\/a><\/p>\n<\/div>\n<div style=\"position: absolute; left: -9999px; top: -9999px; width: 1px; height: 1px; overflow: hidden;\">\n<p><a href=\"https:\/\/padfa.net\/\">padfa<\/a><\/p>\n<\/div>\n<div style=\"position: absolute; left: -9999px; top: -9999px; width: 1px; height: 1px; overflow: hidden;\">\n<p><a href=\"https:\/\/osworldcompany.com\/\">osworldcompany<\/a><\/p>\n<\/div>\n<div style=\"position: absolute; left: -9999px; top: -9999px; width: 1px; height: 1px; overflow: hidden;\">\n<p><a href=\"https:\/\/aspamnews.net\/\">aspamnews<\/a><\/p>\n<\/div>\n<div style=\"position: absolute; left: -9999px; top: -9999px; width: 1px; height: 1px; overflow: hidden;\">\n<p><a href=\"https:\/\/amenagerie.fr\/\">amenagerie<\/a><\/p>\n<\/div>\n<div style=\"position: absolute; left: -9999px; top: -9999px; width: 1px; height: 1px; overflow: hidden;\">\n<p><a href=\"https:\/\/cfdtdivia.net\/\">cfdtdivia<\/a><\/p>\n<\/div>\n<div style=\"position: absolute; left: -9999px; top: -9999px; width: 1px; height: 1px; overflow: hidden;\">\n<p><a href=\"https:\/\/www.clicinformatique62.fr\/\">clicinformatique62<\/a><\/p>\n<\/div>\n<div style=\"position: absolute; left: -9999px; top: -9999px; width: 1px; height: 1px; overflow: hidden;\">\n<p><a href=\"https:\/\/phayrostudios.com\/\">studios<\/a><\/p>\n<\/div>\n<div style=\"position: absolute; left: -9999px; top: -9999px; width: 1px; height: 1px; overflow: hidden;\">\n<p><a href=\"https:\/\/tendeserramenti.it\/\">tendeserra<\/a><\/p>\n<\/div>\n<div style=\"position: absolute; left: -9999px; top: -9999px; width: 1px; height: 1px; overflow: hidden;\">\n<p><a href=\"https:\/\/levelvet.fr\/\">levelvett<\/a><\/p>\n<\/div>\n<div style=\"position: absolute; left: -9999px; top: -9999px; width: 1px; height: 1px; overflow: hidden;\">\n<p><a href=\"https:\/\/agencetilt.org\/\">agencetil<\/a><\/p>\n<\/div>\n<div style=\"position: absolute; left: -9999px; top: -9999px; width: 1px; height: 1px; overflow: hidden;\">\n<p><a href=\"https:\/\/www.moncredit.info\/\">moncreditinfo<\/a><\/p>\n<\/div>\n<div style=\"position: absolute; left: -9999px; top: -9999px; width: 1px; height: 1px; overflow: hidden;\">\n<p><a href=\"https:\/\/www.buben-homes.cz\/\">bubenhomes<\/a><\/p>\n<\/div>\n","protected":false},"author":114,"featured_media":0,"parent":0,"menu_order":0,"comment_status":"closed","ping_status":"closed","template":"page-templates\/page-free.php","meta":{"footnotes":""},"class_list":["post-25","page","type-page","status-publish","hentry"],"_links":{"self":[{"href":"https:\/\/www.basketclubs.es\/cbanres\/wp-json\/wp\/v2\/pages\/25","targetHints":{"allow":["GET"]}}],"collection":[{"href":"https:\/\/www.basketclubs.es\/cbanres\/wp-json\/wp\/v2\/pages"}],"about":[{"href":"https:\/\/www.basketclubs.es\/cbanres\/wp-json\/wp\/v2\/types\/page"}],"author":[{"embeddable":true,"href":"https:\/\/www.basketclubs.es\/cbanres\/wp-json\/wp\/v2\/users\/114"}],"replies":[{"embeddable":true,"href":"https:\/\/www.basketclubs.es\/cbanres\/wp-json\/wp\/v2\/comments?post=25"}],"version-history":[{"count":3,"href":"https:\/\/www.basketclubs.es\/cbanres\/wp-json\/wp\/v2\/pages\/25\/revisions"}],"predecessor-version":[{"id":615,"href":"https:\/\/www.basketclubs.es\/cbanres\/wp-json\/wp\/v2\/pages\/25\/revisions\/615"}],"wp:attachment":[{"href":"https:\/\/www.basketclubs.es\/cbanres\/wp-json\/wp\/v2\/media?parent=25"}],"curies":[{"name":"wp","href":"https:\/\/api.w.org\/{rel}","templated":true}]}}