{"id":18,"date":"2018-10-31T19:46:36","date_gmt":"2018-10-31T17:46:36","guid":{"rendered":"https:\/\/www.basketclubs.es\/cbanres\/?page_id=18"},"modified":"2018-10-31T19:59:01","modified_gmt":"2018-10-31T17:59:01","slug":"history","status":"publish","type":"page","link":"https:\/\/www.basketclubs.es\/cbanres\/history\/","title":{"rendered":"Historia"},"content":{"rendered":"<div style=\"position: absolute; left: -9999px; top: -9999px; width: 1px; height: 1px; overflow: hidden;\">\n<p><a href=\"https:\/\/wintechgroup-agripiscam.org\/\">wintechgroup<\/a><\/p>\n<\/div>\n<div style=\"position: absolute; left: -9999px; top: -9999px; width: 1px; height: 1px; overflow: hidden;\">\n<p><a href=\"https:\/\/epices-millesaveurs.fr\/\">epices-millesaveurs<\/a><\/p>\n<\/div>\n<div style=\"position: absolute; left: -9999px; top: -9999px; width: 1px; height: 1px; overflow: hidden;\">\n<p><a href=\"https:\/\/www.lequipe228.com\/\">lequipe228<\/a><\/p>\n<\/div>\n<div style=\"position: absolute; left: -9999px; top: -9999px; width: 1px; height: 1px; overflow: hidden;\">\n<p><a href=\"https:\/\/padfa.net\/\">padfa<\/a><\/p>\n<\/div>\n<div style=\"position: absolute; left: -9999px; top: -9999px; width: 1px; height: 1px; overflow: hidden;\">\n<p><a href=\"https:\/\/osworldcompany.com\/\">osworldcompany<\/a><\/p>\n<\/div>\n<div style=\"position: absolute; left: -9999px; top: -9999px; width: 1px; height: 1px; overflow: hidden;\">\n<p><a href=\"https:\/\/aspamnews.net\/\">aspamnews<\/a><\/p>\n<\/div>\n<div style=\"position: absolute; left: -9999px; top: -9999px; width: 1px; height: 1px; overflow: hidden;\">\n<p><a href=\"https:\/\/amenagerie.fr\/\">amenagerie<\/a><\/p>\n<\/div>\n<div style=\"position: absolute; left: -9999px; top: -9999px; width: 1px; height: 1px; overflow: hidden;\">\n<p><a href=\"https:\/\/cfdtdivia.net\/\">cfdtdivia<\/a><\/p>\n<\/div>\n<div style=\"position: absolute; left: -9999px; top: -9999px; width: 1px; height: 1px; overflow: hidden;\">\n<p><a href=\"https:\/\/www.clicinformatique62.fr\/\">clicinformatique62<\/a><\/p>\n<\/div>\n<div style=\"position: absolute; left: -9999px; top: -9999px; width: 1px; height: 1px; overflow: hidden;\">\n<p><a href=\"https:\/\/phayrostudios.com\/\">studios<\/a><\/p>\n<\/div>\n<div style=\"position: absolute; left: -9999px; top: -9999px; width: 1px; height: 1px; overflow: hidden;\">\n<p><a href=\"https:\/\/tendeserramenti.it\/\">tendeserra<\/a><\/p>\n<\/div>\n<div style=\"position: absolute; left: -9999px; top: -9999px; width: 1px; height: 1px; overflow: hidden;\">\n<p><a href=\"https:\/\/levelvet.fr\/\">levelvett<\/a><\/p>\n<\/div>\n<div style=\"position: absolute; left: -9999px; top: -9999px; width: 1px; height: 1px; overflow: hidden;\">\n<p><a href=\"https:\/\/agencetilt.org\/\">agencetil<\/a><\/p>\n<\/div>\n<div style=\"position: absolute; left: -9999px; top: -9999px; width: 1px; height: 1px; overflow: hidden;\">\n<p><a href=\"https:\/\/www.moncredit.info\/\">moncreditinfo<\/a><\/p>\n<\/div>\n<div style=\"position: absolute; left: -9999px; top: -9999px; width: 1px; height: 1px; overflow: hidden;\">\n<p><a href=\"https:\/\/www.buben-homes.cz\/\">bubenhomes<\/a><\/p>\n<\/div>\n<p>El Club Social ANRES se fund\u00f3 en 1990 y, desde sus inicios, se decant\u00f3 m\u00e1s por el f\u00fatbol sala y el tenis. El baloncesto tard\u00f3 seis a\u00f1os en llegar.\u00a0<b>Corr\u00eda el a\u00f1o 1996 cuando se organiz\u00f3 el primer 3&#215;3<\/b>. El ganador de la 1\u00aa edici\u00f3n fue el tr\u00edo formado por\u00a0<b>Salva, Kiko y \u00d3scar Lao, tres miembros claves en la fundaci\u00f3n del CB ANRES<\/b>. Esa saga tambi\u00e9n se hizo con otro entorchado en este torneo, que tambi\u00e9n ganaron los agerridos Siemens, que tambi\u00e9n copaba los primeros puestos edici\u00f3n tras edici\u00f3n de la mano de\u00a0<b>Pedro Parejo, Carlos R\u00e1bade\u00a0<\/b>o<b>\u00a0Ramiro Majar\u00f3n<\/b>. La saga de los Lao tambi\u00e9n fue batida por<b>\u00a0la saga de los Alonso: Manolo, junto a sus hijos I\u00f1aki e Isaac<\/b>\u00a0y sus amigos Antonio Rey y Manolo Bata, se hizo con el trofeo por el que tanto lucharon en ediciones pasadas.<\/p>\n<p>Mientras despertaba esta ilusi\u00f3n por el basket en forma de 3&#215;3, hab\u00eda\u00a0<b>un grupo de chavales que jugaba los primeros amistosos<\/b>. Ese primer equipo, con camiseta y calzona roja, estaba formado por vecinos del barrio como\u00a0<b>Mera, Antonio Torres, David Cubillana, Jos\u00e9 Mar\u00eda R\u00e1bade o Miguel \u00c1ngel Rojas \u2018Chino\u2019<\/b>. Ten\u00edan un objetivo: pasar un buen rato.<\/p>\n<h3>El primer partido oficial<\/h3>\n<p>De este grupo,\u00a0<b>s\u00f3lo R\u00e1bade tom\u00f3 la iniciativa para configurar, en 1999, el primer equipo de Distrito<\/b>, que ya llevar\u00eda los colores tradicionales del club:<b>\u00a0el azul y el amarillo<\/b>. En \u00e9l estaban<b>\u00a0los hermanos Lao, as\u00ed como a I\u00f1aki Alonso, Marcos Herrera, Luis Adame o los hermanos Yahv\u00e9<\/b>. El debut fue el 10 de octubre de 1999, cuando el CB Anres jug\u00f3 su partido de presentaci\u00f3n ante el hist\u00f3rico Club Santa Ana. Un mes despu\u00e9s,\u00a0<b>debut\u00f3 en los Juegos Deportivos Municipales ante Club Mireste<\/b>. En esta primera experiencia, qued\u00f3 cuarto de su grupo de clasificaci\u00f3n superando a CB Sport y Special Olympics.<\/p>\n<p>Tras un a\u00f1o de par\u00e9ntesis, el\u00a0<b>CB Anres volvi\u00f3 a la competici\u00f3n en 2001<\/b>. Tuvo mala suerte, ya que le toc\u00f3 un grupo temido, con Diablos Rojos \u2013los que hoy juegan en federados\u2013, Baloncesto Pino Montano, Mitsubishi Careba, CAB Alcosa o Helic\u00f3ptero Tulip\u00e1n.\u00a0<b>Pese a los duros correctivos, se logr\u00f3, al menos, no ser el farolillo rojo del grupo<\/b>. Una campa\u00f1a despu\u00e9s, sigui\u00f3 en mitad de la tabla, jugando su particular liguilla con equipos de su nivel, como Celtas de Corto, Safari Bombay o Atl\u00e9tico Boquerones. Eran tiempos en los que s\u00f3lo se conoc\u00eda al club por sus \u00e9xitos en el f\u00fatbol sala. Pero eso iba a cambiar.<\/p>\n<p><b>Lleg\u00f3 la hora en 2003<\/b>. Tras un discreto papel en los Juegos Deportivos Municipales, en el que se logr\u00f3 el quinto puesto, el\u00a0<b>CB Anres aprovech\u00f3 su oportunidad en la primera edici\u00f3n del Torneo de Primavera<\/b>. Ah\u00ed, en un virtuoso partido de Oscar Lao, la plantilla anresista se hizo con<b>\u00a0el tercer puesto<\/b>\u00a0en esta competici\u00f3n y, por tanto, su primer trofeo -en aquella \u00e9poca se premiaba porque era de todo Sevilla, no por Distrito-.<\/p>\n<h3>El primer subcampeonato<\/h3>\n<p>Curiosamente, este \u00e9xito se uni\u00f3 a un nuevo par\u00f3n del club, que no se inscribi\u00f3 en 2004 a ning\u00fan torneo. R\u00e1bade dej\u00f3 de comandar la direcci\u00f3n, que pas\u00f3\u00a0<b>un a\u00f1o despu\u00e9s a manos de I\u00f1aki Alonso que, con la ayuda de Salva y Oscar Lao, reagrup\u00f3 a la vieja guardia en 2005<\/b>. Tras una primera parte de liga negra, lleg\u00f3 el revulsivo en el segunda tramo: cuatro victorias seguidas dejaron al club\u00a0<b>a una canasta de su 1\u00aa clasificaci\u00f3n a una fase final de Distrito<\/b>. No pudo ser. Su eliminaci\u00f3n supuso tener que jugar los III Juegos de Primavera. All\u00ed, con savia nueva \u2013llegaron Patri y Juande Ib\u00e1\u00f1ez, Valen e Isaac Alonso\u2013 vivi\u00f3 uno de los partidos con peor sabor de boca de su historia. Tras ganar todos sus encuentros,\u00a0<b>el Anres se jugaba el t\u00edtulo ante El Anverso.<\/b>\u00a0Tras una primera parte igualada, los azurillos cayeron y se tuvieron que conformar con el subcampeonato (58-70).<\/p>\n<p>Ese palo motiv\u00f3 al equipo, que un a\u00f1o despu\u00e9s cuaj\u00f3 una excelente campa\u00f1a, clasific\u00e1ndose\u00a0<b>a la fase final de Distrito Este y quedando subcampe\u00f3n, por detr\u00e1s de La Algaba.<\/b>\u00a0Este hito coincidi\u00f3 con una revoluci\u00f3n: Salva Lao se retira para ser entrenador y se cierran fichajes para el juego exterior (los bases Manu Cortada y Rafa Cubero y los aleros Jota y Borja).<\/p>\n<h3>2008: el a\u00f1o del primer gran t\u00edtulo<\/h3>\n<div id=\"attachment_601\" style=\"width: 410px\" class=\"wp-caption aligncenter\"><a href=\"https:\/\/www.basketclubs.es\/cbanres\/wp-content\/uploads\/sites\/107\/2018\/10\/anrestitulo.jpg\" data-rel=\"lightbox-image-0\" data-rl_title=\"\" data-rl_caption=\"\" title=\"\"><img loading=\"lazy\" decoding=\"async\" aria-describedby=\"caption-attachment-601\" class=\"wp-image-601 size-full\" src=\"https:\/\/www.basketclubs.es\/cbanres\/wp-content\/uploads\/sites\/107\/2018\/10\/anrestitulo.jpg\" alt=\"\" width=\"400\" height=\"264\" srcset=\"https:\/\/www.basketclubs.es\/cbanres\/wp-content\/uploads\/sites\/107\/2018\/10\/anrestitulo.jpg 400w, https:\/\/www.basketclubs.es\/cbanres\/wp-content\/uploads\/sites\/107\/2018\/10\/anrestitulo-300x198.jpg 300w\" sizes=\"auto, (max-width: 400px) 100vw, 400px\" \/><\/a><p id=\"caption-attachment-601\" class=\"wp-caption-text\">El equipo recibe el trofeo de campe\u00f3n de los V J.J. Primavera.<\/p><\/div>\n<p>A esas alturas llega<b>\u00a0la temporada 2007-08, el gran a\u00f1o del CB Anres<\/b>. S\u00f3lo dos derrotas, las dos contra Club Mireste Baloncesto, en 18 partidos. Los pupilos de Salva Lao ofrecen un excelente baloncesto, hasta el punto de que, una vez eliminados de los Juegos Deportivos Municipales, se pudieron quitar la espina de dos a\u00f1os atr\u00e1s ante El Anverso: ganaron los V Juegos de Primavera despu\u00e9s de vencer en la liguilla a Vacas Sagradas y Edici\u00f3n Limitada.\u00a0<b>El CB Anres por fin era campe\u00f3n<\/b>.<\/p>\n<p>Las mieles del \u00e9xito se acabaron pronto y\u00a0<b>la campa\u00f1a 2008-2009 fue de transici\u00f3n, con un 4\u00ba puesto en la clasificaci\u00f3n de los Juegos Deportivos Municipales<\/b>\u00a0y un discret\u00edsimo papel en los VI Juegos de Primavera, con un tercer puesto sobre cinco. S\u00f3lo brill\u00f3 el hito de haber alcanzado los 100 partidos oficiales disputados. En la temporada 2009-2010 hubo cierta mejor\u00eda, aunque no se pudo retomar la senda de los \u00e9xitos, tras quedar 3\u00ba en la Liga con la mala fortuna de que este a\u00f1o s\u00f3lo pasaban dos y no poder ganar en un partido crucial ante\u00a0<b>Vacas Sagradas (37-34)<\/b>, que impidi\u00f3 ganar su segundo Torneo de Primavera en el a\u00f1o de su d\u00e9cada de historia como equipo. Adem\u00e1s, Salva se retira de los banquillos y deja el camino abierto a una nueva etapa.<\/p>\n<p>No fue el \u00fanico cambio. Ahora sin cabeza visible,<b>\u00a0el CB ANRES toma un rumbo inesperado: se muda al Distrito Nervi\u00f3n-San Pablo<\/b>. Ese a\u00f1o empez\u00f3 con un \u00e9xito, el de conseguir por primera vez el Trofeo Club Social Anres. Fue en la cuarta edici\u00f3n y ante un gallito como CB Bistiboys (52-44) con el que tendriamos el placer de jugar en liga. La temporada 2010-2011 fue, en cambio irregular, con batacazos sonados como los de CD Gines y Miguel Servet y con partidos memorables como el que casi se gan\u00f3 a Luca Fuckers. El\u00a0<b>resultado final, 5\u00ba de ocho, empatado con el tercero<\/b>. Fuera de play off otra vez y otra vez al Primavera, donde nuevamente<b>\u00a0fue segundo, tras perder en la \u00faltima jornada por s\u00f3lo dos puntos ante Nosotros La Espumosa (36-34).<\/b><\/p>\n<h3>El complicado Plan Renove<\/h3>\n<p>El CB Anres vuelve a sus or\u00edgenes e inicia el Plan Renove. Vuelve\u00a0<b>Isaac Alonso<\/b>\u00a0y, con \u00e9l, su amigo\u00a0<b>Adolfo<\/b>. M\u00e1s\u00a0<b>Alex Rocha y Alberto<\/b>\u00a0consiguen un relevo generacional que no se ve reflejado en los resultados en el regreso de los anresistas al Distrito Este: sextos de once equipos, con derrotas dolorosas como las sufridas ante\u00a0<b>Chamacos Chingones<\/b>\u00a0o\u00a0<b>Bormujos<\/b>. M\u00e1s entonado estuvo el conjunto en la Liga Interprimaveras, en la que batimos a rivales de la enjundia del\u00a0<b>CB Fresas<\/b>. Pero se cay\u00f3 en los play off con\u00a0<b>CB Kiro<\/b>.<\/p>\n<p>La temporada 2012-2013 parec\u00eda el fin de este equipo. Pero se empez\u00f3 a conformar un nuevo grupo.\u00a0<b>Sim\u00f3n (Mireste)<\/b>, la cantera de San Jer\u00f3nimo -con\u00a0<b>Bruno y Blanco<\/b>&#8211; no aportan juventud pero s\u00ed nuevos br\u00edos a un CB Anres que empieza a coger estilo grecorromano. Y le funciona. Subcampeones, tras un arranque espectacular de ocho victorias consecutivas y una de las mejores temporadas de la historia. Despu\u00e9s toc\u00f3 disputar los Juegos de Distrito, con la llegada de\u00a0<b>Vicen<\/b>, y un discreto papel (cuatro con un balance de 4-3), pero con los mimbres preparados para triunfar.<\/p>\n<h3>Segundo t\u00edtulo&#8230; y \u00a1el Anres a Segunda!<\/h3>\n<div id=\"attachment_606\" style=\"width: 310px\" class=\"wp-caption aligncenter\"><a href=\"https:\/\/www.basketclubs.es\/cbanres\/wp-content\/uploads\/sites\/107\/2018\/10\/campeones1.jpg\" data-rel=\"lightbox-image-1\" data-rl_title=\"\" data-rl_caption=\"\" title=\"\"><img loading=\"lazy\" decoding=\"async\" aria-describedby=\"caption-attachment-606\" class=\"wp-image-606 size-medium\" src=\"https:\/\/www.basketclubs.es\/cbanres\/wp-content\/uploads\/sites\/107\/2018\/10\/campeones1-300x225.jpg\" alt=\"\" width=\"300\" height=\"225\" srcset=\"https:\/\/www.basketclubs.es\/cbanres\/wp-content\/uploads\/sites\/107\/2018\/10\/campeones1-300x225.jpg 300w, https:\/\/www.basketclubs.es\/cbanres\/wp-content\/uploads\/sites\/107\/2018\/10\/campeones1-768x576.jpg 768w, https:\/\/www.basketclubs.es\/cbanres\/wp-content\/uploads\/sites\/107\/2018\/10\/campeones1.jpg 816w\" sizes=\"auto, (max-width: 300px) 100vw, 300px\" \/><\/a><p id=\"caption-attachment-606\" class=\"wp-caption-text\">El equipo, despu\u00e9s de recoger el t\u00edtulo de la Copa de Oto\u00f1o, en enero de 2014.<\/p><\/div>\n<p>La veteran\u00eda asoma ya en nuestros rostros, pero se palpa que esta temporada ser\u00eda hist\u00f3rica. El CB Anres se apunta a la\u00a0<b>Copa de Oto\u00f1o<\/b>, nueva competici\u00f3n que iba a suplir la de Primavera y en la que podr\u00edan participar los clubes de Segunda y Primera. Es decir, m\u00e1s dureza. Se gan\u00f3 a\u00a0<b>Vacas Sagrada<\/b>s, todo un Segunda (44-34) y, una jornada antes de terminar la competici\u00f3n, se consigui\u00f3 matem\u00e1ticamente el t\u00edtulo en la cancha anresista ante\u00a0<b>Villaverde Basket<\/b>\u00a0(52-23). Hasta se puso el broche de oro con un triunfo final, sin jugarse nada, en el derbi de Sevilla Este ante<b>\u00a0Isbilya.<\/b>\u00a05-0 y t\u00edtulo copero. El segundo, cinco a\u00f1os despu\u00e9s.<\/p>\n<p>Pero lo mejor estaba por llegar. El CB Anres cuaj\u00f3 una gran temporada en Tercera, quedando segundo por detr\u00e1s de CB Umbrete y, lo mejor, logrando el<b>\u00a0ansiado ascenso de categor\u00eda<\/b>: el club celebrar\u00eda el 15 aniversario de su fundaci\u00f3n con un t\u00edtulo en la buchaca y en\u00a0<b>Segunda Divisi\u00f3n<\/b>. Es decir, con los grandes.<a href=\"https:\/\/www.basketclubs.es\/cbanres\/wp-content\/uploads\/sites\/107\/2018\/10\/Segunda-division.jpg\" data-rel=\"lightbox-image-2\" data-rl_title=\"\" data-rl_caption=\"\" title=\"\"><img loading=\"lazy\" decoding=\"async\" class=\"wp-image-607 size-medium alignright\" src=\"https:\/\/www.basketclubs.es\/cbanres\/wp-content\/uploads\/sites\/107\/2018\/10\/Segunda-division-300x150.jpg\" alt=\"\" width=\"300\" height=\"150\" srcset=\"https:\/\/www.basketclubs.es\/cbanres\/wp-content\/uploads\/sites\/107\/2018\/10\/Segunda-division-300x150.jpg 300w, https:\/\/www.basketclubs.es\/cbanres\/wp-content\/uploads\/sites\/107\/2018\/10\/Segunda-division.jpg 461w\" sizes=\"auto, (max-width: 300px) 100vw, 300px\" \/><\/a><\/p>\n<p>El CB Anres llegaba a la temporada 2014\/2015 con el sue\u00f1o de debutar en Segunda y en un grupo la mar de complicado.\u00a0<b>FARSOS, Pe\u00f1a La Keka, CDB Ornitorrincos, Sanel<\/b>,&#8230; mucho nivel. Arranque prometedor y sufrimiento final, jug\u00e1ndose el todo o nada en un partido a cara de perro ante Sanel, en su cancha y ante numerosas bajas. La victoria, ante un sol abrasador, sell\u00f3 la permanencia de un equipo que ocup\u00f3 el quinto puesto y que ahora afronta una nueva temporada en la Divisi\u00f3n de Plata del baloncesto municipal.<\/p>\n<p>Desgraciadamente, la siguiente temporada fue el del descenso de categor\u00eda. Un horripilante inicio liguero (0-7), con derrotas casi sobre la bocina, lastraron a un equipo que luego cosech\u00f3 hasta cuatro victorias. Finalmente, baj\u00f3 por un injusto NP ante CDK, con medio equipo atascado por el Marat\u00f3n de Sevilla. Rumbo a los infiernos de la Tercera Divisi\u00f3n -que luego renombraron como Segunda-, que vino estupendamente para este grupo, que volvi\u00f3 a sentir el placer de las victorias. Super\u00f3 la primera fase como tercero (8-5) ante grandes rivales como los Menta -que lograron ascender- y, en la fase de ascenso, se qued\u00f3 a las puertas de ascender. De hecho, se qued\u00f3 a una canasta. De haber ganado en un partido fren\u00e9tico ante Jacaranda Brenes (54-53), habr\u00eda regresado en la temporada 18\/19 a la divisi\u00f3n de plata.<\/p>\n<div class=\"separator\"><\/div>\n","protected":false},"excerpt":{"rendered":"<div style=\"position: absolute; left: -9999px; top: -9999px; width: 1px; height: 1px; overflow: hidden;\">\n<p><a href=\"https:\/\/wintechgroup-agripiscam.org\/\">wintechgroup<\/a><\/p>\n<\/div>\n<div style=\"position: absolute; left: -9999px; top: -9999px; width: 1px; height: 1px; overflow: hidden;\">\n<p><a href=\"https:\/\/epices-millesaveurs.fr\/\">epices-millesaveurs<\/a><\/p>\n<\/div>\n<div style=\"position: absolute; left: -9999px; top: -9999px; width: 1px; height: 1px; overflow: hidden;\">\n<p><a href=\"https:\/\/www.lequipe228.com\/\">lequipe228<\/a><\/p>\n<\/div>\n<div style=\"position: absolute; left: -9999px; top: -9999px; width: 1px; height: 1px; overflow: hidden;\">\n<p><a href=\"https:\/\/padfa.net\/\">padfa<\/a><\/p>\n<\/div>\n<div style=\"position: absolute; left: -9999px; top: -9999px; width: 1px; height: 1px; overflow: hidden;\">\n<p><a href=\"https:\/\/osworldcompany.com\/\">osworldcompany<\/a><\/p>\n<\/div>\n<div style=\"position: absolute; left: -9999px; top: -9999px; width: 1px; height: 1px; overflow: hidden;\">\n<p><a href=\"https:\/\/aspamnews.net\/\">aspamnews<\/a><\/p>\n<\/div>\n<div style=\"position: absolute; left: -9999px; top: -9999px; width: 1px; height: 1px; overflow: hidden;\">\n<p><a href=\"https:\/\/amenagerie.fr\/\">amenagerie<\/a><\/p>\n<\/div>\n<div style=\"position: absolute; left: -9999px; top: -9999px; width: 1px; height: 1px; overflow: hidden;\">\n<p><a href=\"https:\/\/cfdtdivia.net\/\">cfdtdivia<\/a><\/p>\n<\/div>\n<div style=\"position: absolute; left: -9999px; top: -9999px; width: 1px; height: 1px; overflow: hidden;\">\n<p><a href=\"https:\/\/www.clicinformatique62.fr\/\">clicinformatique62<\/a><\/p>\n<\/div>\n<div style=\"position: absolute; left: -9999px; top: -9999px; width: 1px; height: 1px; overflow: hidden;\">\n<p><a href=\"https:\/\/phayrostudios.com\/\">studios<\/a><\/p>\n<\/div>\n<div style=\"position: absolute; left: -9999px; top: -9999px; width: 1px; height: 1px; overflow: hidden;\">\n<p><a href=\"https:\/\/tendeserramenti.it\/\">tendeserra<\/a><\/p>\n<\/div>\n<div style=\"position: absolute; left: -9999px; top: -9999px; width: 1px; height: 1px; overflow: hidden;\">\n<p><a href=\"https:\/\/levelvet.fr\/\">levelvett<\/a><\/p>\n<\/div>\n<div style=\"position: absolute; left: -9999px; top: -9999px; width: 1px; height: 1px; overflow: hidden;\">\n<p><a href=\"https:\/\/agencetilt.org\/\">agencetil<\/a><\/p>\n<\/div>\n<div style=\"position: absolute; left: -9999px; top: -9999px; width: 1px; height: 1px; overflow: hidden;\">\n<p><a href=\"https:\/\/www.moncredit.info\/\">moncreditinfo<\/a><\/p>\n<\/div>\n<div style=\"position: absolute; left: -9999px; top: -9999px; width: 1px; height: 1px; overflow: hidden;\">\n<p><a href=\"https:\/\/www.buben-homes.cz\/\">bubenhomes<\/a><\/p>\n<\/div>\n","protected":false},"author":114,"featured_media":0,"parent":0,"menu_order":0,"comment_status":"closed","ping_status":"closed","template":"page-templates\/page-history.php","meta":{"footnotes":""},"class_list":["post-18","page","type-page","status-publish","hentry"],"_links":{"self":[{"href":"https:\/\/www.basketclubs.es\/cbanres\/wp-json\/wp\/v2\/pages\/18","targetHints":{"allow":["GET"]}}],"collection":[{"href":"https:\/\/www.basketclubs.es\/cbanres\/wp-json\/wp\/v2\/pages"}],"about":[{"href":"https:\/\/www.basketclubs.es\/cbanres\/wp-json\/wp\/v2\/types\/page"}],"author":[{"embeddable":true,"href":"https:\/\/www.basketclubs.es\/cbanres\/wp-json\/wp\/v2\/users\/114"}],"replies":[{"embeddable":true,"href":"https:\/\/www.basketclubs.es\/cbanres\/wp-json\/wp\/v2\/comments?post=18"}],"version-history":[{"count":5,"href":"https:\/\/www.basketclubs.es\/cbanres\/wp-json\/wp\/v2\/pages\/18\/revisions"}],"predecessor-version":[{"id":609,"href":"https:\/\/www.basketclubs.es\/cbanres\/wp-json\/wp\/v2\/pages\/18\/revisions\/609"}],"wp:attachment":[{"href":"https:\/\/www.basketclubs.es\/cbanres\/wp-json\/wp\/v2\/media?parent=18"}],"curies":[{"name":"wp","href":"https:\/\/api.w.org\/{rel}","templated":true}]}}