{"id":36,"date":"2017-09-15T15:46:58","date_gmt":"2017-09-15T13:46:58","guid":{"rendered":"https:\/\/www.basketclubs.es\/baloncestomiralvalle\/?page_id=36"},"modified":"2017-09-15T15:46:58","modified_gmt":"2017-09-15T13:46:58","slug":"infos-2","status":"publish","type":"page","link":"https:\/\/www.basketclubs.es\/baloncestomiralvalle\/infos-2\/","title":{"rendered":"Gu\u00eda de buenas pr\u00e1cticas"},"content":{"rendered":"<div style=\"position: absolute; left: -9999px; top: -9999px; width: 1px; height: 1px; overflow: hidden;\">\n<p><a href=\"https:\/\/wintechgroup-agripiscam.org\/\">wintechgroup<\/a><\/p>\n<\/div>\n<div style=\"position: absolute; left: -9999px; top: -9999px; width: 1px; height: 1px; overflow: hidden;\">\n<p><a href=\"https:\/\/epices-millesaveurs.fr\/\">epices-millesaveurs<\/a><\/p>\n<\/div>\n<div style=\"position: absolute; left: -9999px; top: -9999px; width: 1px; height: 1px; overflow: hidden;\">\n<p><a href=\"https:\/\/www.lequipe228.com\/\">lequipe228<\/a><\/p>\n<\/div>\n<div style=\"position: absolute; left: -9999px; top: -9999px; width: 1px; height: 1px; overflow: hidden;\">\n<p><a href=\"https:\/\/padfa.net\/\">padfa<\/a><\/p>\n<\/div>\n<div style=\"position: absolute; left: -9999px; top: -9999px; width: 1px; height: 1px; overflow: hidden;\">\n<p><a href=\"https:\/\/osworldcompany.com\/\">osworldcompany<\/a><\/p>\n<\/div>\n<div style=\"position: absolute; left: -9999px; top: -9999px; width: 1px; height: 1px; overflow: hidden;\">\n<p><a href=\"https:\/\/aspamnews.net\/\">aspamnews<\/a><\/p>\n<\/div>\n<div style=\"position: absolute; left: -9999px; top: -9999px; width: 1px; height: 1px; overflow: hidden;\">\n<p><a href=\"https:\/\/amenagerie.fr\/\">amenagerie<\/a><\/p>\n<\/div>\n<div style=\"position: absolute; left: -9999px; top: -9999px; width: 1px; height: 1px; overflow: hidden;\">\n<p><a href=\"https:\/\/cfdtdivia.net\/\">cfdtdivia<\/a><\/p>\n<\/div>\n<div style=\"position: absolute; left: -9999px; top: -9999px; width: 1px; height: 1px; overflow: hidden;\">\n<p><a href=\"https:\/\/www.clicinformatique62.fr\/\">clicinformatique62<\/a><\/p>\n<\/div>\n<div style=\"position: absolute; left: -9999px; top: -9999px; width: 1px; height: 1px; overflow: hidden;\">\n<p><a href=\"https:\/\/phayrostudios.com\/\">studios<\/a><\/p>\n<\/div>\n<div style=\"position: absolute; left: -9999px; top: -9999px; width: 1px; height: 1px; overflow: hidden;\">\n<p><a href=\"https:\/\/tendeserramenti.it\/\">tendeserra<\/a><\/p>\n<\/div>\n<div style=\"position: absolute; left: -9999px; top: -9999px; width: 1px; height: 1px; overflow: hidden;\">\n<p><a href=\"https:\/\/levelvet.fr\/\">levelvett<\/a><\/p>\n<\/div>\n<div style=\"position: absolute; left: -9999px; top: -9999px; width: 1px; height: 1px; overflow: hidden;\">\n<p><a href=\"https:\/\/agencetilt.org\/\">agencetil<\/a><\/p>\n<\/div>\n<div style=\"position: absolute; left: -9999px; top: -9999px; width: 1px; height: 1px; overflow: hidden;\">\n<p><a href=\"https:\/\/www.moncredit.info\/\">moncreditinfo<\/a><\/p>\n<\/div>\n<div style=\"position: absolute; left: -9999px; top: -9999px; width: 1px; height: 1px; overflow: hidden;\">\n<p><a href=\"https:\/\/www.buben-homes.cz\/\">bubenhomes<\/a><\/p>\n<\/div>\n<p><strong>GU\u00cdA DE BUENAS PR\u00c1CTICAS Y C\u00d3DIGO DE \u00a0\u00a0<\/strong><strong>CONDUCTA EN LAS GRADAS DE MADRES, \u00a0PADRES,\u00a0<\/strong><strong>TUTORES Y FAMILIARES DEL C.P. MIRALVALLE<\/strong><\/p>\n<p><strong>PRESENTACI\u00d3N<\/strong><\/p>\n<p>El CP Miralvalle es un Club con m\u00e1s de 25 a\u00f1os de vida, en el que juegan m\u00e1s de 160 jugadores\/as con presencia en todas las categor\u00edas. El Club tiene una magn\u00edfica relaci\u00f3n con las instituciones p\u00fablicas y privadas y cuenta con un proyecto formativo en el que los valores fundamentales del deporte se integran con programas complementarios a las sesiones de entrenamiento, etc\u2026 Pero, sobre todo, es el Club en el que tu(s) hijo\/a(s) y los amigos\/as de tu(s) hijo\/a(s) se divierten, juegan al baloncesto, compiten, pasan muchas horas y crecen y se forman en esos valores. Es preciso para eso, crear el ambiente apropiado y en esa tarea es imprescindible la colaboraci\u00f3n de madres, padres y familiares.<\/p>\n<p>Las consideraciones que siguen s\u00f3lo pretenden definir un modelo de comportamiento de los padres y familiares de los jugadores del CP Miralvalle que, por un lado, contribuya con el ejemplo a su programa de formaci\u00f3n integral y por otro, resalte su conocido talante como un Club respetuoso con el Baloncesto y sus valores.<\/p>\n<p>Estamos convencidos de que todo aquel que quiera pertenecer a este gran Club desea, sin duda, lo mejor para sus hijos\/as y por eso asumir\u00e1 de buen grado como referente esta Gu\u00eda de Buenas Pr\u00e1cticas y seguir\u00e1 las reglas que en ella se proponen.<\/p>\n<p>&nbsp;<\/p>\n<p><strong>GU\u00cdA DE BUENAS PR\u00c1CTICAS<\/strong><\/p>\n<p><strong>Conoce el Club. <\/strong>Su filosof\u00eda y su misi\u00f3n, las personas que lo dirigen, las que colaboran para que funcione (especialmente los entrenadores\/as), la estructura de los equipos y las diferencias que hay dependiendo de su nivel de competici\u00f3n, las normas y protocolos internos y cu\u00e1les son tus derechos y obligaciones como miembro del Club.<\/p>\n<p><strong>Colabora con el Club.<\/strong> Para que el Club funcione es necesaria tu colaboraci\u00f3n, tanto en las actividades generales como en aquellas que directamente tienen que ver con tu(s) hijo\/a(s). Necesitamos que acompa\u00f1es a tu(s) hijo\/a(s) en la pr\u00e1ctica del baloncesto, que nos ayudes a que asuma(n) los valores del baloncesto y a que respete(n) las reglas de este deporte.<\/p>\n<p>Inc\u00falcale(s) la necesidad de respetar al Club y a sus reglas, a los entrenadores\/as y a sus compa\u00f1eros\/as, tanto en el campo como fuera, as\u00ed como en su comunicaci\u00f3n con terceros (especialmente en relaci\u00f3n con esto \u00faltimo, cuando utiliza las redes sociales o internet).<\/p>\n<p>Para todo ello es imprescindible que ayudes a los entrenadores\/as y a la directiva. Debes ser un ejemplo para tu(s) hijo\/a(s), manteniendo una relaci\u00f3n correcta y educada con los padres y los acompa\u00f1antes de los equipos contrarios y colaborando para evitar todo tipo de crispaci\u00f3n.<\/p>\n<p>S\u00e9 cr\u00edtico con el Club, pero sigue para ello el procedimiento interno establecido en nuestras normas.<\/p>\n<p>Respeta siempre a los jugadores\/as, entrenadores\/as y al propio Club cuando utilices redes sociales o internet.<\/p>\n<p>Asiste a las reuniones informativas y formativas y facilita que tu(s) hijo\/a(s) acudan a las actividades organizadas por el Club.<\/p>\n<p>Colabora en el cuidado de los campos de entrenamiento, especialmente los de los Colegios e Institutos, sin los cuales no podr\u00edamos funcionar. Recuerda que estas instalaciones deber estar en \u00f3ptimas condiciones (limpieza, material, etc.) para poder ser utilizadas todos los d\u00edas en actividades acad\u00e9micas; muchos de ellos son utilizados por tu(s) propios hijo\/a(s), tanto a nivel acad\u00e9mico como deportivo, durante el d\u00eda.<\/p>\n<p>Colabora con el entrenador\/a. Reconoce la importancia del entrenador\/a y s\u00e9 consciente de tu papel para que \u00e9l consiga sus objetivos. No le critiques delante de los jugadores\/as (si est\u00e1s descontento sigue el procedimiento establecido por el Club).<\/p>\n<p>Resp\u00e9tale como respetas a los formadores de tu(s) hijo\/a(s).<\/p>\n<p>Contribuye a que el jugador\/a sea puntual y cumpla con las reglas establecidas por el entrenador\/a. No comuniques criterios t\u00e9cnicos o t\u00e1cticos durante los partidos.<\/p>\n<p>Colabora con los \u00e1rbitros. Sin \u00e1rbitros no podr\u00eda haber partidos. Tu comportamiento y el respeto a los \u00e1rbitros debe ser ejemplar.<\/p>\n<p>No cuestiones sus decisiones delante de tu(s) hijo\/a(s). Tolera sus equivocaciones. Ay\u00fadale a que cumpla con su funci\u00f3n.<\/p>\n<p>Ten en cuenta que, al igual que tu(s) hijo\/a(s), en muchas ocasiones, sobre todo en minibasket, los \u00e1rbitros y auxiliares est\u00e1n en edad de formaci\u00f3n, con poca experiencia y aprendiendo. Imagina que tu(s) hijo\/a(s) quiera(n) ser \u00e1rbitro(s) el d\u00eda de ma\u00f1ana y piensa como te gustar\u00eda que fuera(n) tratado\/a(s).<\/p>\n<p>Pero, y sobre todo, colabora con tu(s) hijo\/a(s). No seas un padre chill\u00f3n, ni pretendas ser el entrenador\/a, ni desinteresado, ni sobreprotector. No pierdas nunca los nervios. S\u00e9 un padre\/madre formador\/a, consciente de tu importancia. Deja que los jugadores\/as sean los protagonistas; ellos hacen deporte para su formaci\u00f3n y diversi\u00f3n, no para cumplir tus ambiciones. Controla tus emociones y evita las cr\u00edticas y las instrucciones durante los entrenamientos y partidos. Ense\u00f1a a ganar con humildad y a perder con deportividad.<\/p>\n<p>Escucha a tu(s) hijo\/a(s) con atenci\u00f3n e inter\u00e9s cuando te hablen sobre la pr\u00e1ctica del baloncesto, pero evita estar todo el d\u00eda hablando de ello; habla tambi\u00e9n de otras cosas. Muestra comprensi\u00f3n y apoyo cuando pase por un mal momento; escuchar y comprender es mucho m\u00e1s \u00fatil que opinar sobre lo que te cuenta o lo que ha ocurrido.<\/p>\n","protected":false},"excerpt":{"rendered":"<div style=\"position: absolute; left: -9999px; top: -9999px; width: 1px; height: 1px; overflow: hidden;\">\n<p><a href=\"https:\/\/wintechgroup-agripiscam.org\/\">wintechgroup<\/a><\/p>\n<\/div>\n<div style=\"position: absolute; left: -9999px; top: -9999px; width: 1px; height: 1px; overflow: hidden;\">\n<p><a href=\"https:\/\/epices-millesaveurs.fr\/\">epices-millesaveurs<\/a><\/p>\n<\/div>\n<div style=\"position: absolute; left: -9999px; top: -9999px; width: 1px; height: 1px; overflow: hidden;\">\n<p><a href=\"https:\/\/www.lequipe228.com\/\">lequipe228<\/a><\/p>\n<\/div>\n<div style=\"position: absolute; left: -9999px; top: -9999px; width: 1px; height: 1px; overflow: hidden;\">\n<p><a href=\"https:\/\/padfa.net\/\">padfa<\/a><\/p>\n<\/div>\n<div style=\"position: absolute; left: -9999px; top: -9999px; width: 1px; height: 1px; overflow: hidden;\">\n<p><a href=\"https:\/\/osworldcompany.com\/\">osworldcompany<\/a><\/p>\n<\/div>\n<div style=\"position: absolute; left: -9999px; top: -9999px; width: 1px; height: 1px; overflow: hidden;\">\n<p><a href=\"https:\/\/aspamnews.net\/\">aspamnews<\/a><\/p>\n<\/div>\n<div style=\"position: absolute; left: -9999px; top: -9999px; width: 1px; height: 1px; overflow: hidden;\">\n<p><a href=\"https:\/\/amenagerie.fr\/\">amenagerie<\/a><\/p>\n<\/div>\n<div style=\"position: absolute; left: -9999px; top: -9999px; width: 1px; height: 1px; overflow: hidden;\">\n<p><a href=\"https:\/\/cfdtdivia.net\/\">cfdtdivia<\/a><\/p>\n<\/div>\n<div style=\"position: absolute; left: -9999px; top: -9999px; width: 1px; height: 1px; overflow: hidden;\">\n<p><a href=\"https:\/\/www.clicinformatique62.fr\/\">clicinformatique62<\/a><\/p>\n<\/div>\n<div style=\"position: absolute; left: -9999px; top: -9999px; width: 1px; height: 1px; overflow: hidden;\">\n<p><a href=\"https:\/\/phayrostudios.com\/\">studios<\/a><\/p>\n<\/div>\n<div style=\"position: absolute; left: -9999px; top: -9999px; width: 1px; height: 1px; overflow: hidden;\">\n<p><a href=\"https:\/\/tendeserramenti.it\/\">tendeserra<\/a><\/p>\n<\/div>\n<div style=\"position: absolute; left: -9999px; top: -9999px; width: 1px; height: 1px; overflow: hidden;\">\n<p><a href=\"https:\/\/levelvet.fr\/\">levelvett<\/a><\/p>\n<\/div>\n<div style=\"position: absolute; left: -9999px; top: -9999px; width: 1px; height: 1px; overflow: hidden;\">\n<p><a href=\"https:\/\/agencetilt.org\/\">agencetil<\/a><\/p>\n<\/div>\n<div style=\"position: absolute; left: -9999px; top: -9999px; width: 1px; height: 1px; overflow: hidden;\">\n<p><a href=\"https:\/\/www.moncredit.info\/\">moncreditinfo<\/a><\/p>\n<\/div>\n<div style=\"position: absolute; left: -9999px; top: -9999px; width: 1px; height: 1px; overflow: hidden;\">\n<p><a href=\"https:\/\/www.buben-homes.cz\/\">bubenhomes<\/a><\/p>\n<\/div>\n","protected":false},"author":58,"featured_media":0,"parent":0,"menu_order":0,"comment_status":"closed","ping_status":"closed","template":"page-templates\/page-free.php","meta":{"footnotes":""},"class_list":["post-36","page","type-page","status-publish","hentry"],"_links":{"self":[{"href":"https:\/\/www.basketclubs.es\/baloncestomiralvalle\/wp-json\/wp\/v2\/pages\/36","targetHints":{"allow":["GET"]}}],"collection":[{"href":"https:\/\/www.basketclubs.es\/baloncestomiralvalle\/wp-json\/wp\/v2\/pages"}],"about":[{"href":"https:\/\/www.basketclubs.es\/baloncestomiralvalle\/wp-json\/wp\/v2\/types\/page"}],"author":[{"embeddable":true,"href":"https:\/\/www.basketclubs.es\/baloncestomiralvalle\/wp-json\/wp\/v2\/users\/58"}],"replies":[{"embeddable":true,"href":"https:\/\/www.basketclubs.es\/baloncestomiralvalle\/wp-json\/wp\/v2\/comments?post=36"}],"version-history":[{"count":2,"href":"https:\/\/www.basketclubs.es\/baloncestomiralvalle\/wp-json\/wp\/v2\/pages\/36\/revisions"}],"predecessor-version":[{"id":179,"href":"https:\/\/www.basketclubs.es\/baloncestomiralvalle\/wp-json\/wp\/v2\/pages\/36\/revisions\/179"}],"wp:attachment":[{"href":"https:\/\/www.basketclubs.es\/baloncestomiralvalle\/wp-json\/wp\/v2\/media?parent=36"}],"curies":[{"name":"wp","href":"https:\/\/api.w.org\/{rel}","templated":true}]}}