{"id":35,"date":"2017-09-15T14:21:33","date_gmt":"2017-09-15T12:21:33","guid":{"rendered":"https:\/\/www.basketclubs.es\/baloncestomiralvalle\/?page_id=35"},"modified":"2017-09-15T15:36:18","modified_gmt":"2017-09-15T13:36:18","slug":"infos-1","status":"publish","type":"page","link":"https:\/\/www.basketclubs.es\/baloncestomiralvalle\/infos-1\/","title":{"rendered":"Reglamento interno"},"content":{"rendered":"<div style=\"position: absolute; left: -9999px; top: -9999px; width: 1px; height: 1px; overflow: hidden;\">\n<p><a href=\"https:\/\/wintechgroup-agripiscam.org\/\">wintechgroup<\/a><\/p>\n<\/div>\n<div style=\"position: absolute; left: -9999px; top: -9999px; width: 1px; height: 1px; overflow: hidden;\">\n<p><a href=\"https:\/\/epices-millesaveurs.fr\/\">epices-millesaveurs<\/a><\/p>\n<\/div>\n<div style=\"position: absolute; left: -9999px; top: -9999px; width: 1px; height: 1px; overflow: hidden;\">\n<p><a href=\"https:\/\/www.lequipe228.com\/\">lequipe228<\/a><\/p>\n<\/div>\n<div style=\"position: absolute; left: -9999px; top: -9999px; width: 1px; height: 1px; overflow: hidden;\">\n<p><a href=\"https:\/\/padfa.net\/\">padfa<\/a><\/p>\n<\/div>\n<div style=\"position: absolute; left: -9999px; top: -9999px; width: 1px; height: 1px; overflow: hidden;\">\n<p><a href=\"https:\/\/osworldcompany.com\/\">osworldcompany<\/a><\/p>\n<\/div>\n<div style=\"position: absolute; left: -9999px; top: -9999px; width: 1px; height: 1px; overflow: hidden;\">\n<p><a href=\"https:\/\/aspamnews.net\/\">aspamnews<\/a><\/p>\n<\/div>\n<div style=\"position: absolute; left: -9999px; top: -9999px; width: 1px; height: 1px; overflow: hidden;\">\n<p><a href=\"https:\/\/amenagerie.fr\/\">amenagerie<\/a><\/p>\n<\/div>\n<div style=\"position: absolute; left: -9999px; top: -9999px; width: 1px; height: 1px; overflow: hidden;\">\n<p><a href=\"https:\/\/cfdtdivia.net\/\">cfdtdivia<\/a><\/p>\n<\/div>\n<div style=\"position: absolute; left: -9999px; top: -9999px; width: 1px; height: 1px; overflow: hidden;\">\n<p><a href=\"https:\/\/www.clicinformatique62.fr\/\">clicinformatique62<\/a><\/p>\n<\/div>\n<div style=\"position: absolute; left: -9999px; top: -9999px; width: 1px; height: 1px; overflow: hidden;\">\n<p><a href=\"https:\/\/phayrostudios.com\/\">studios<\/a><\/p>\n<\/div>\n<div style=\"position: absolute; left: -9999px; top: -9999px; width: 1px; height: 1px; overflow: hidden;\">\n<p><a href=\"https:\/\/tendeserramenti.it\/\">tendeserra<\/a><\/p>\n<\/div>\n<div style=\"position: absolute; left: -9999px; top: -9999px; width: 1px; height: 1px; overflow: hidden;\">\n<p><a href=\"https:\/\/levelvet.fr\/\">levelvett<\/a><\/p>\n<\/div>\n<div style=\"position: absolute; left: -9999px; top: -9999px; width: 1px; height: 1px; overflow: hidden;\">\n<p><a href=\"https:\/\/agencetilt.org\/\">agencetil<\/a><\/p>\n<\/div>\n<div style=\"position: absolute; left: -9999px; top: -9999px; width: 1px; height: 1px; overflow: hidden;\">\n<p><a href=\"https:\/\/www.moncredit.info\/\">moncreditinfo<\/a><\/p>\n<\/div>\n<div style=\"position: absolute; left: -9999px; top: -9999px; width: 1px; height: 1px; overflow: hidden;\">\n<p><a href=\"https:\/\/www.buben-homes.cz\/\">bubenhomes<\/a><\/p>\n<\/div>\n<p><strong>(Aprobado por Junta Directiva en su reuni\u00f3n de 1 de diciembre 2016)<\/strong><\/p>\n<p>Este Reglamento recoge unas reglas espec\u00edficas de conducta, que el CP Miralvalle (de ahora en adelante el CLUB) espera observen todos sus miembros, tanto dentro, como fuera de la pista.<\/p>\n<p>Se consideran como miembros del CLUB, a los efectos de este Reglamento, a los jugadores, cuerpo t\u00e9cnico, socios y trabajadores. Los miembros del cuerpo t\u00e9cnico (entrenadores, ayudantes, monitores, voluntarios, preparadores f\u00edsicos y fisioterapeutas) se agrupar\u00e1n bajo la denominaci\u00f3n de entrenadores.<\/p>\n<p>Dado que es imposible cubrir con una regla espec\u00edfica todas las situaciones que puedan surgir, los miembros del CLUB deben considerar que siempre se espera de ellos que se comporten de acuerdo, a los m\u00e1s altos niveles de honestidad, moralidad, juego limpio y deportividad, y que moderen cualquier tipo de conducta que pueda lesionar, tanto sus intereses, como los del CLUB.<\/p>\n<p>Incumplir los niveles mencionados y\/o incumplir las reglas especificadas en este Reglamento, puede dar como resultado la aplicaci\u00f3n de sanciones.<\/p>\n<p>&nbsp;<\/p>\n<p style=\"text-align: center\"><strong><u>CAP\u00cdTULO 1. NORMAS GENERALES<\/u><\/strong><\/p>\n<p><strong>Art\u00edculo 1.- <\/strong>Todos los miembros del CLUB, en cuanto tales, se comportar\u00e1n respetando la filosof\u00eda y los objetivos del CLUB, manifestados en sus Estatutos y en sus normas internas.<\/p>\n<p><strong>Art\u00edculo 2.- <\/strong>Los miembros del CLUB responder\u00e1n del comportamiento de todo aquel que intervenga en alguna actividad del CLUB como su invitado.<\/p>\n<p><strong>Art\u00edculo 3.- <\/strong>Durante el desarrollo de los partidos, entrenamientos, concentraciones, etc., todo miembro del CLUB deber\u00e1 guardar el debido respeto hacia los entrenadores, jugadores, directivos, adversarios, \u00e1rbitros, p\u00fablico o empleados.<\/p>\n<p><strong>Art\u00edculo 4.- <\/strong>Los miembros del CLUB participar\u00e1n en todas las competiciones, dentro de las reglas y las condiciones de competencia, bajo el esp\u00edritu del juego limpio, aceptando la victoria y la derrota con dignidad.<\/p>\n<p><strong>Art\u00edculo 5.- <\/strong>Los miembros del CLUB aceptar\u00e1n con respeto las decisiones de los \u00e1rbitros, no debiendo protestar al equipo arbitral ni adoptar actitudes provocativas con los contrarios.<\/p>\n<p><strong>Art\u00edculo 6.- <\/strong>Queda absolutamente prohibida la posesi\u00f3n, el uso, la venta o el transporte de cualquier tipo de sustancia perteneciente al grupo de las denominadas drogas.<\/p>\n<p><strong>Art\u00edculo 7.- <\/strong>Los miembros del CLUB respetar\u00e1n y cuidar\u00e1n las instalaciones en las que el CLUB desarrolle sus actividades, siendo responsables de su mal uso.<\/p>\n<p><strong>Art\u00edculo 8.- <\/strong>Los miembros del CLUB s\u00f3lo acceder\u00e1n a los lugares de entrenamiento cuando cuenten con autorizaci\u00f3n del entrenador, direcci\u00f3n deportiva o Junta directiva,<\/p>\n<p><strong>Art\u00edculo 9.- <\/strong>Los miembros del CLUB mantendr\u00e1n una buena relaci\u00f3n con la prensa, basada en la amabilidad y cordialidad.<\/p>\n<p><strong>Art\u00edculo 10.- <\/strong>En los viajes y lugares de alojamiento, los miembros del CLUB respetar\u00e1n las m\u00e1s elementales normas de trato social.<\/p>\n<p><strong>Art\u00edculo 11.- <\/strong>Todos los miembros del CLUB respetar\u00e1n las m\u00e1s elementales reglas del trato social y de respeto a las personas e instituciones cuando utilicen redes sociales o lleven a cabo comunicaciones p\u00fablicas-<\/p>\n<p>&nbsp;<\/p>\n<p style=\"text-align: center\"><strong><u>CAP\u00cdTULO 2. DE LOS JUGADORES Y ENTRENADORES<\/u><\/strong><\/p>\n<p><strong><u>Secci\u00f3n Primera: De los jugadores y entrenadores en general<\/u><\/strong><\/p>\n<p><strong>Art\u00edculo 12.- <\/strong>El comportamiento en la pista por parte del jugador, deber\u00e1 seguir las normas de la m\u00e1s estricta deportividad.<\/p>\n<p><strong>Art\u00edculo 13.- <\/strong>Ning\u00fan jugador o entrenador del CLUB podr\u00e1 participar, durante la temporada, en entrenamientos, partidos o eventos deportivos organizados por otros CLUBES, sin autorizaci\u00f3n escrita de la direcci\u00f3n deportiva<\/p>\n<p><strong>Art\u00edculo 14.- <\/strong>Jugadores y entrenadores evitar\u00e1n ser sancionados con alguna falta t\u00e9cnica o descalificante en el transcurso de un partido.<\/p>\n<p><strong>Art\u00edculo 15.- <\/strong>En todos los partidos, entrenamientos, concentraciones y dem\u00e1s actos en los que se represente al CLUB, ser\u00e1 obligatorio utilizar responsablemente el material deportivo entregado por \u00e9ste.<\/p>\n<p><strong>Art\u00edculo 16.- <\/strong>No se permitir\u00e1 la presencia de invitados en las habitaciones de los hoteles o lugares de alojamiento cuando se est\u00e9 de expedici\u00f3n deportiva.<\/p>\n<p><strong>Art\u00edculo 17.- <\/strong>Cuando se est\u00e9 de expedici\u00f3n deportiva, en los lugares de alojamiento, no est\u00e1 permitido salir ni transitar por los pasillos, ni entre habitaciones, en ropa interior ni con el torso desnudo.<\/p>\n<p><strong>Art\u00edculo 18.- <\/strong>Cualquier tipo de gasto extra realizado por parte de los miembros de la expedici\u00f3n, en los hoteles o lugares de alojamiento, queda bajo su propia responsabilidad. Durante las comidas, la plantilla se ajustar\u00e1 a los men\u00fas de equipo y no podr\u00e1 a\u00f1adir bebidas o platos fuera de los estipulados.<\/p>\n<p><strong>Art\u00edculo 19.- <\/strong>Los datos de contacto de los jugadores y entrenadores, quedar\u00e1n registrados en las oficinas del Club. Cualquier alteraci\u00f3n que sufra alguno de estos datos, debe ser comunicada al Club lo antes posible. El Club no facilitar\u00e1 \u2013 salvo por petici\u00f3n del jugador o de entrenador interesado \u2013 ninguno de estos datos a cualquier persona ajena a la entidad.<\/p>\n<p>&nbsp;<\/p>\n<p><strong><u>Secci\u00f3n Segunda: De los jugadores<\/u><\/strong><\/p>\n<p><strong>Art\u00edculo 20.- <\/strong>El jugador acatar\u00e1 cualquier orden del entrenador cuando \u00e9ste se halle en funciones como tal, y permanecer\u00e1 en la pista, la concentraci\u00f3n, el hotel o la reuni\u00f3n, mientras no se diga lo contrario.<\/p>\n<p><strong>Art\u00edculo 21.- <\/strong>Es obligatoria la asistencia a todos los entrenamientos programados, salvo los que el entrenador designe como \u201cvoluntarios\u201d. Solamente el entrenador, seg\u00fan su criterio, puede dar permiso para faltar o llegar con retraso a ellos.<\/p>\n<p><strong>Art\u00edculo 22.- <\/strong>Los jugadores deber\u00e1n acudir al entrenamiento con la antelaci\u00f3n suficiente como para poder saltar a la pista, perfectamente equipados y vendados. En el caso de los partidos deber\u00e1n hacerlo a la hora fijada por el entrenador.<\/p>\n<p><strong>Art\u00edculo 23.- <\/strong>Si un jugador no puede asistir a un entrenamiento o a un partido a causa de una enfermedad o alg\u00fan imprevisto, debe comunicarlo, de voz propia, inmediatamente a los entrenadores o al delegado del equipo. En caso de jugadores menores de edad, dicha comunicaci\u00f3n la podr\u00e1 realizar el padre, madre o tutor del jugador. S\u00f3lo en casos excepcionales esta comunicaci\u00f3n podr\u00e1 hacerse utilizando mensajes .<\/p>\n<p><strong>Art\u00edculo 24.- <\/strong>Los jugadores deber\u00e1n asistir a los partidos con la equipaci\u00f3n oficial del CLUB de la temporada en curso, que consistir\u00e1, en equipaci\u00f3n de juego (sus dos juegos), cubre de calentamiento y ch\u00e1ndal, no pudiendo utilizar otra equipaci\u00f3n diferente a esta.<\/p>\n<p><strong>Art\u00edculo 25.- <\/strong>Durante los entrenamientos o partidos, ning\u00fan jugador podr\u00e1 llevar cualquier tipo de joya anillos, pulseras, collares, pendientes- o cualquier otro tipo de objeto, al margen de la equipaci\u00f3n de juego.<\/p>\n<p><strong>Art\u00edculo 26.- <\/strong>Durante los desplazamientos, los jugadores deber\u00e1n cumplir con diligencia las normas que pueda establecer el entrenador o en su defecto el resto del cuadro t\u00e9cnico en cuanto a actividades a realizar, men\u00fas, horarios, descansos, reparto de asientos de viaje, reparto de habitaciones y cualquier otra de car\u00e1cter an\u00e1logo que puedan surgir.<\/p>\n<p><strong>Art\u00edculo 27.- <\/strong>En los desplazamientos, los jugadores deber\u00e1n acudir con puntualidad al lugar de salida fijado con todo su equipaje y documentaci\u00f3n en particular el DNI o pasaporte y tarjeta sanitaria.<\/p>\n<p><strong>Art\u00edculo 28.- <\/strong>Durante los desplazamientos y en las expediciones, queda absolutamente prohibido el consumo de alcohol, por parte de los jugadores.<\/p>\n<p><strong>Art\u00edculo 29.- <\/strong>En los d\u00edas que el equipo est\u00e9 de desplazamiento para disputar un partido, no se podr\u00e1 salir libremente del hotel, excepto en los casos que establezca el entrenador. En ning\u00fan caso, excepto en salidas en grupo y con t\u00e9cnicos, un menor de edad podr\u00e1 salir del hotel.<\/p>\n<p><strong>Art\u00edculo 30.- <\/strong>Cualquier componente de la plantilla deber\u00e1 someterse al reconocimiento del m\u00e9dico del Club, o de otro designado por la entidad, en cualquier momento de la temporada.<\/p>\n<p><strong>Art\u00edculo 31.- <\/strong>Los jugadores evitar\u00e1n realizar, por cualquier medio, declaraciones en contra de la entidad o de cualquiera de sus integrantes.<\/p>\n<p>&nbsp;<\/p>\n<p><strong><u>Secci\u00f3n Tercera: De los entrenadores<\/u><\/strong><\/p>\n<p><strong>Art\u00edculo 32.- <\/strong>Todos los miembros de los diferentes estamentos del cuerpo t\u00e9cnico del Club deben ser especialmente escrupulosos en cumplir y hacer cumplir las normas deportivas, \u00e9ticas y de trato social, velando por la imagen del CLUB y defendiendo en todo momento un comportamiento c\u00edvico y deportivo.<\/p>\n<p><strong>Art\u00edculo 33.- <\/strong>Los entrenadores colaborar\u00e1n y participar\u00e1n, siempre que sea posible, en las actividades organizadas por el CLUB, y mantendr\u00e1n una comunicaci\u00f3n fluida con la direcci\u00f3n deportiva y con la directiva.<\/p>\n<p><strong>Art\u00edculo 34.- <\/strong>Los entrenadores programar\u00e1n la temporada de conformidad con las directrices establecidas por la Direcci\u00f3n Deportiva, respetando las necesidades y etapas del desarrollo de jugador, sin anteponer la victoria a su salud y seguridad, promoviendo la compatibilidad entre la actividad Deportiva y la acad\u00e9mica y\/o laboral.<\/p>\n<p><strong>Art\u00edculo 35.- <\/strong>Los entrenadores no suspender\u00e1n ni modificar\u00e1n los horarios de entrenamientos o de partidos, sin la autorizaci\u00f3n de la Direcci\u00f3n Deportiva. En el caso de producirse la suspensi\u00f3n o modificaci\u00f3n, el entrenador deber\u00e1 comunicarla a todos los afectados, de voz propia. S\u00f3lo en casos excepcionales esta comunicaci\u00f3n podr\u00e1 hacerse utilizando mensajes.<\/p>\n<p><strong>Art\u00edculo 36.- <\/strong>Los entrenadores no llevaran a cabo abusos verbales, f\u00edsicos, emocionales o sexuales, y respetar\u00e1n y tratar\u00e1n a todos los jugadores por igual.<\/p>\n<p><strong>Art\u00edculo 37.- <\/strong>Los entrenadores velar\u00e1n por la confidencialidad de los datos e informes de los jugadores.<\/p>\n<p><strong>Art\u00edculo 38.- <\/strong>Los entrenadores deber\u00e1n comunicar a la Direcci\u00f3n Deportiva todo hecho cometido por jugadores que suponga la transgresi\u00f3n de las normas contenidas en este Reglamento.<\/p>\n<p>&nbsp;<\/p>\n<p style=\"text-align: center\"><strong><u>CAP\u00cdTULO 3. DE LOS SOCIOS<\/u><\/strong><\/p>\n<p><strong>Art\u00edculo 39.- <\/strong>El papel de los socios se ha de circunscribir a animar y apoyar a los equipos del CLUB y en ning\u00fan caso se puede permitir que con sus acciones puedan poner en peligro el buen nombre del Club, mediante comportamientos violentos, incluso verbales, o contrarios a las buenas costumbres, a la deportividad o a la filosof\u00eda del CLUB.<\/p>\n<p><strong>Art\u00edculo 40.- <\/strong>En el caso de que el CLUB reciba una sanci\u00f3n econ\u00f3mica por comportamientos de los socios, los causantes se ver\u00e1n obligados a satisfacer los perjuicios que se deriven.<\/p>\n<p>&nbsp;<\/p>\n<p style=\"text-align: center\"><strong><u>CAP\u00cdTULO 4. DE LA COMISI\u00d3N DISCIPLINARIA.<\/u><\/strong><\/p>\n<p><strong>Art\u00edculo 41.- <\/strong>La Comisi\u00f3n Disciplinaria es el \u00f3rgano creado por el Club, que act\u00faa en nombre de la Junta Directiva, y al que le compete recoger, analizar y sancionar todas las alteraciones del buen funcionamiento del mismo. Se reunir\u00e1 sin periodicidad fija, siempre y cuando se hayan producido actos que conlleven la apertura de expediente, o a petici\u00f3n de cualquiera de los miembros del club.<\/p>\n<p><strong>Art\u00edculo 42.- <\/strong>Integran la Comisi\u00f3n Disciplinaria dos miembros de la Junta Directiva designados previamente por \u00e9sta en la primera reuni\u00f3n de cada temporada, y el Director Deportivo.<\/p>\n<p>&nbsp;<\/p>\n<p style=\"text-align: center\"><strong><u>CAP\u00cdTULO 5. DE LAS SANCIONES Y DE LOS EXPEDIENTES<\/u><\/strong><\/p>\n<p><strong>Art\u00edculo 43.- <\/strong>El incumplimiento de las normas contenidas en este Reglamento podr\u00e1 considerarse como una infracci\u00f3n leve, grave o muy grave. Con car\u00e1cter general, las infracciones leves ser\u00e1n sancionadas con una amonestaci\u00f3n; las graves con suspensi\u00f3n y\/o con multa; las muy graves con multa y\/o expulsi\u00f3n.<\/p>\n<p><strong>Art\u00edculo 44.- <\/strong>La determinaci\u00f3n de un hecho como infracci\u00f3n leve, grave o muy grave, corresponder\u00e1 a la Comisi\u00f3n Disciplinaria quien deber\u00e1 tener en cuenta las circunstancias del caso y los precedentes existentes.<\/p>\n<p><strong>Art\u00edculo 45.- <\/strong>Sin perjuicio de lo se\u00f1alado en el art\u00edculo 44 y de manera orientativa, son consideradas como infracciones leves el incumplimiento de los art\u00edculos 8, 9, 12, 14, 19, 22, 23, 25, 26, 27, 29 y 30.<\/p>\n<p><strong>Art\u00edculo 46.- <\/strong>Sin perjuicio de lo se\u00f1alado en el art\u00edculo 44 y de manera orientativa, son consideradas como infracciones graves la reiteraci\u00f3n de infracciones leves o el incumplimiento de los art\u00edculos 3, 4, 5, 7, 10, 11, 15, 16, 17, 18, 20, 21, 24, 28, 31, 33, 34, 35, 37, 38, 39, 40.<\/p>\n<p><strong>Art\u00edculo 47.- <\/strong>Sin perjuicio de lo se\u00f1alado en el art\u00edculo 44 y de manera orientativa, son consideradas como infracciones muy graves la reiteraci\u00f3n de infracciones graves o el incumplimiento de los art\u00edculos 1, 6, 32, 36.<\/p>\n<p><strong>Art\u00edculo 48.- <\/strong>Los entrenadores podr\u00e1n imponer sanciones deportivas a los jugadores de sus equipos, siempre y cuando no se trate de infracciones muy graves. Si alg\u00fan jugador no est\u00e1 conforme con la sanci\u00f3n impuesta por el entrenador, podr\u00e1 solicitar a la Comisi\u00f3n Disciplinaria la apertura de expediente.<\/p>\n<p><strong>Art\u00edculo 49.- <\/strong>Si ocurriera alg\u00fan hecho cometido por un miembro del CLUB que se entendiera que atenta contra las normas contenidas en este Reglamento, tanto a instancias del Director Deportivo, como de cualquier miembro de la Junta o de la Comisi\u00f3n Disciplinaria, se proceder\u00e1 a la apertura de un expediente que ser\u00e1 dirimido por \u00e9sta \u00faltima. Si la infracci\u00f3n sobrepasa el \u00e1mbito deportivo del equipo, la denuncia podr\u00e1 ser efectuada por cualquier socio.<\/p>\n<p><strong>Art\u00edculo 50.- <\/strong>Los expedientes deber\u00e1n resolverse en un plazo que no supere los 15 d\u00edas desde la comisi\u00f3n del hecho que los origina.<\/p>\n<p><strong>Art\u00edculo 51.- <\/strong>En la tramitaci\u00f3n de los expedientes, la Comisi\u00f3n Disciplinaria podr\u00e1 requerir de la presencia de cuantas personas relacionadas con el CLUB, como cuerpo t\u00e9cnico, jugadores o socios, para recabar la mayor informaci\u00f3n del hecho que se est\u00e9 tratando.<\/p>\n<p><strong>Art\u00edculo 52.- <\/strong>Todo miembro del CLUB tendr\u00e1 derecho a ser o\u00eddo en todo expediente iniciado contra \u00e9l.<\/p>\n<p><strong>Art\u00edculo 53.- <\/strong>En todas las decisiones se tendr\u00e1 en cuenta, en cualquier sentido, la reincidencia en la falta cometida y el historial de conducta del implicado en el CLUB.<\/p>\n<p><strong>Art\u00edculo 54.- <\/strong>Las sanciones se comunicar\u00e1n por escrito y siempre tendr\u00e1 que figurar los motivos que la han originado y el alcance de la misma. Si la sanci\u00f3n supone un per\u00edodo de no alineaci\u00f3n, se tendr\u00e1 que especificar si es por tiempo, con indicaci\u00f3n exacta del d\u00eda que termina la sanci\u00f3n, o si es por partidos, matizando si se incluyen tambi\u00e9n los encuentros amistosos que se puedan disputar en ese periodo.<\/p>\n<p><strong>Art\u00edculo 55.- <\/strong>La decisi\u00f3n adoptada por la Comisi\u00f3n Disciplinaria es recurrible ante La Junta Directiva en un plazo no superior a 7 d\u00edas naturales desde que se haya puesto en conocimiento del interesado. La Junta Directiva resolver\u00e1 el recurso en un plazo no superior a 10 d\u00edas.<\/p>\n","protected":false},"excerpt":{"rendered":"<div style=\"position: absolute; left: -9999px; top: -9999px; width: 1px; height: 1px; overflow: hidden;\">\n<p><a href=\"https:\/\/wintechgroup-agripiscam.org\/\">wintechgroup<\/a><\/p>\n<\/div>\n<div style=\"position: absolute; left: -9999px; top: -9999px; width: 1px; height: 1px; overflow: hidden;\">\n<p><a href=\"https:\/\/epices-millesaveurs.fr\/\">epices-millesaveurs<\/a><\/p>\n<\/div>\n<div style=\"position: absolute; left: -9999px; top: -9999px; width: 1px; height: 1px; overflow: hidden;\">\n<p><a href=\"https:\/\/www.lequipe228.com\/\">lequipe228<\/a><\/p>\n<\/div>\n<div style=\"position: absolute; left: -9999px; top: -9999px; width: 1px; height: 1px; overflow: hidden;\">\n<p><a href=\"https:\/\/padfa.net\/\">padfa<\/a><\/p>\n<\/div>\n<div style=\"position: absolute; left: -9999px; top: -9999px; width: 1px; height: 1px; overflow: hidden;\">\n<p><a href=\"https:\/\/osworldcompany.com\/\">osworldcompany<\/a><\/p>\n<\/div>\n<div style=\"position: absolute; left: -9999px; top: -9999px; width: 1px; height: 1px; overflow: hidden;\">\n<p><a href=\"https:\/\/aspamnews.net\/\">aspamnews<\/a><\/p>\n<\/div>\n<div style=\"position: absolute; left: -9999px; top: -9999px; width: 1px; height: 1px; overflow: hidden;\">\n<p><a href=\"https:\/\/amenagerie.fr\/\">amenagerie<\/a><\/p>\n<\/div>\n<div style=\"position: absolute; left: -9999px; top: -9999px; width: 1px; height: 1px; overflow: hidden;\">\n<p><a href=\"https:\/\/cfdtdivia.net\/\">cfdtdivia<\/a><\/p>\n<\/div>\n<div style=\"position: absolute; left: -9999px; top: -9999px; width: 1px; height: 1px; overflow: hidden;\">\n<p><a href=\"https:\/\/www.clicinformatique62.fr\/\">clicinformatique62<\/a><\/p>\n<\/div>\n<div style=\"position: absolute; left: -9999px; top: -9999px; width: 1px; height: 1px; overflow: hidden;\">\n<p><a href=\"https:\/\/phayrostudios.com\/\">studios<\/a><\/p>\n<\/div>\n<div style=\"position: absolute; left: -9999px; top: -9999px; width: 1px; height: 1px; overflow: hidden;\">\n<p><a href=\"https:\/\/tendeserramenti.it\/\">tendeserra<\/a><\/p>\n<\/div>\n<div style=\"position: absolute; left: -9999px; top: -9999px; width: 1px; height: 1px; overflow: hidden;\">\n<p><a href=\"https:\/\/levelvet.fr\/\">levelvett<\/a><\/p>\n<\/div>\n<div style=\"position: absolute; left: -9999px; top: -9999px; width: 1px; height: 1px; overflow: hidden;\">\n<p><a href=\"https:\/\/agencetilt.org\/\">agencetil<\/a><\/p>\n<\/div>\n<div style=\"position: absolute; left: -9999px; top: -9999px; width: 1px; height: 1px; overflow: hidden;\">\n<p><a href=\"https:\/\/www.moncredit.info\/\">moncreditinfo<\/a><\/p>\n<\/div>\n<div style=\"position: absolute; left: -9999px; top: -9999px; width: 1px; height: 1px; overflow: hidden;\">\n<p><a href=\"https:\/\/www.buben-homes.cz\/\">bubenhomes<\/a><\/p>\n<\/div>\n","protected":false},"author":58,"featured_media":0,"parent":0,"menu_order":0,"comment_status":"closed","ping_status":"closed","template":"page-templates\/page-free.php","meta":{"footnotes":""},"class_list":["post-35","page","type-page","status-publish","hentry"],"_links":{"self":[{"href":"https:\/\/www.basketclubs.es\/baloncestomiralvalle\/wp-json\/wp\/v2\/pages\/35","targetHints":{"allow":["GET"]}}],"collection":[{"href":"https:\/\/www.basketclubs.es\/baloncestomiralvalle\/wp-json\/wp\/v2\/pages"}],"about":[{"href":"https:\/\/www.basketclubs.es\/baloncestomiralvalle\/wp-json\/wp\/v2\/types\/page"}],"author":[{"embeddable":true,"href":"https:\/\/www.basketclubs.es\/baloncestomiralvalle\/wp-json\/wp\/v2\/users\/58"}],"replies":[{"embeddable":true,"href":"https:\/\/www.basketclubs.es\/baloncestomiralvalle\/wp-json\/wp\/v2\/comments?post=35"}],"version-history":[{"count":6,"href":"https:\/\/www.basketclubs.es\/baloncestomiralvalle\/wp-json\/wp\/v2\/pages\/35\/revisions"}],"predecessor-version":[{"id":176,"href":"https:\/\/www.basketclubs.es\/baloncestomiralvalle\/wp-json\/wp\/v2\/pages\/35\/revisions\/176"}],"wp:attachment":[{"href":"https:\/\/www.basketclubs.es\/baloncestomiralvalle\/wp-json\/wp\/v2\/media?parent=35"}],"curies":[{"name":"wp","href":"https:\/\/api.w.org\/{rel}","templated":true}]}}