{"id":40,"date":"2020-03-05T03:59:54","date_gmt":"2020-03-05T01:59:54","guid":{"rendered":"https:\/\/www.basketclubs.es\/atletismoxerezcd\/?page_id=40"},"modified":"2020-08-22T12:17:24","modified_gmt":"2020-08-22T10:17:24","slug":"sponsors","status":"publish","type":"page","link":"https:\/\/www.basketclubs.es\/atletismoxerezcd\/sponsors\/","title":{"rendered":"HAGAMOS DEL DEPORTE UN MEDIO DE VIDA"},"content":{"rendered":"<div style=\"position: absolute; left: -9999px; top: -9999px; width: 1px; height: 1px; overflow: hidden;\">\n<p><a href=\"https:\/\/amenagerie.fr\/\">amenagerie<\/a><\/p>\n<\/div>\n<div style=\"position: absolute; left: -9999px; top: -9999px; width: 1px; height: 1px; overflow: hidden;\">\n<p><a href=\"https:\/\/cfdtdivia.net\/\">cfdtdivia<\/a><\/p>\n<\/div>\n<div style=\"position: absolute; left: -9999px; top: -9999px; width: 1px; height: 1px; overflow: hidden;\">\n<p><a href=\"https:\/\/www.clicinformatique62.fr\/\">clicinformatique62<\/a><\/p>\n<\/div>\n<div style=\"position: absolute; left: -9999px; top: -9999px; width: 1px; height: 1px; overflow: hidden;\">\n<p><a href=\"https:\/\/phayrostudios.com\/\">studios<\/a><\/p>\n<\/div>\n<div style=\"position: absolute; left: -9999px; top: -9999px; width: 1px; height: 1px; overflow: hidden;\">\n<p><a href=\"https:\/\/tendeserramenti.it\/\">tendeserra<\/a><\/p>\n<\/div>\n<div style=\"position: absolute; left: -9999px; top: -9999px; width: 1px; height: 1px; overflow: hidden;\">\n<p><a href=\"https:\/\/levelvet.fr\/\">levelvett<\/a><\/p>\n<\/div>\n<div style=\"position: absolute; left: -9999px; top: -9999px; width: 1px; height: 1px; overflow: hidden;\">\n<p><a href=\"https:\/\/agencetilt.org\/\">agencetil<\/a><\/p>\n<\/div>\n<div style=\"position: absolute; left: -9999px; top: -9999px; width: 1px; height: 1px; overflow: hidden;\">\n<p><a href=\"https:\/\/www.moncredit.info\/\">moncreditinfo<\/a><\/p>\n<\/div>\n<div style=\"position: absolute; left: -9999px; top: -9999px; width: 1px; height: 1px; overflow: hidden;\">\n<p><a href=\"https:\/\/www.buben-homes.cz\/\">bubenhomes<\/a><\/p>\n<\/div>\n<p>Atletismo Xerez CD y Baloncesto Xerez CD presentaron un proyecto solidario con el lema \u00abHAGAMOS DEL DEPORTE UN MEDIO DE VIDA\u00bb que se desarrollar\u00e1 en la ciudad de Lwiro, en la Rep\u00fablica Democr\u00e1tica del Congo. All\u00ed, las posibilidades de los adolescentes para practicar deporte son nulas y seg\u00fan Miguel \u00c1ngel Gallardo, vocal del Baloncesto XCD, \u201ces el sitio ideal para darle posibilidades de crear, evolucionar y tener algo diferente a lo que tienen\u201d.<\/p>\n<p>Tambi\u00e9n se pone en marcha el proyecto para crear una fundaci\u00f3n social con el objetivo de montar una residencia que acoja deportistas extranjeros y jerezanos sin recursos, bajo el lema: \u00abHAGAMOS DEL DEPORTE UN MEDIO DE VIDA\u00bb. Se pretende que en esta residencia se desarrollen como personas, y puedan vivir, estudiar y formarse, usando la entidad como lanzadera deportiva al deporte nacional e internacional.<\/p>\n<p>La Ciudad de Lwiro, ha sido el lugar elegido por Atletismo y Baloncesto Xerez CD para mejorar las posibilidades de la infancia en Rep\u00fablica Democr\u00e1tica el Congo, donde la precariedad y los pocos recursos de la poblaci\u00f3n llevan a los ni\u00f1os de la ciudad a utilizar su imaginaci\u00f3n para poder practicar deporte con pelotas improvisadas con trapos y haciendo que campos salvajes se conviertan en canchas de baloncesto. Para que la infancia en la zona sea m\u00e1s llevadera, desde el club se han realizado varios eventos como el II Trofeo Ciudad de Jerez, donde la recaudaci\u00f3n, junto con lo aportado por los socios que voluntariamente se abonan a socio colaborador, han servido para enviar un cargamento con material deportivo que fue recibido con gran emoci\u00f3n por los ni\u00f1os de la zona. Se sigue intentando recoger fondos para poder fabricar una pista e instalaciones en Lwiro para que los j\u00f3venes puedan desarrollar su faceta deportiva y humana en condiciones dignas.<\/p>\n<p>Tienes la posibilidad de ayudarnos haci\u00e9ndote socio colaborador, obteniendo tu carnet, con el que tendr\u00e1s descuentos y promociones especiales con las empresas patrocinadoras y colaboradoras del club, por solo 5\u20ac al a\u00f1o.<\/p>\n<p>Para hacerte Socio colaborador o solicitar informaci\u00f3n rellena el formulario a pie de p\u00e1gina o llama al n\u00famero de tel\u00e9fono\u00a0696291041.<\/p>\n<p>Tambi\u00e9n puedes descargar e imprimir el impreso que viene en la cabecera y enviarlo cumplimentado al correo:<\/p>\n<p>atletismoxcd@gmail.com.<\/p>\n<p>&nbsp;<\/p>\n","protected":false},"excerpt":{"rendered":"<div style=\"position: absolute; left: -9999px; top: -9999px; width: 1px; height: 1px; overflow: hidden;\">\n<p><a href=\"https:\/\/amenagerie.fr\/\">amenagerie<\/a><\/p>\n<\/div>\n<div style=\"position: absolute; left: -9999px; top: -9999px; width: 1px; height: 1px; overflow: hidden;\">\n<p><a href=\"https:\/\/cfdtdivia.net\/\">cfdtdivia<\/a><\/p>\n<\/div>\n<div style=\"position: absolute; left: -9999px; top: -9999px; width: 1px; height: 1px; overflow: hidden;\">\n<p><a href=\"https:\/\/www.clicinformatique62.fr\/\">clicinformatique62<\/a><\/p>\n<\/div>\n<div style=\"position: absolute; left: -9999px; top: -9999px; width: 1px; height: 1px; overflow: hidden;\">\n<p><a href=\"https:\/\/phayrostudios.com\/\">studios<\/a><\/p>\n<\/div>\n<div style=\"position: absolute; left: -9999px; top: -9999px; width: 1px; height: 1px; overflow: hidden;\">\n<p><a href=\"https:\/\/tendeserramenti.it\/\">tendeserra<\/a><\/p>\n<\/div>\n<div style=\"position: absolute; left: -9999px; top: -9999px; width: 1px; height: 1px; overflow: hidden;\">\n<p><a href=\"https:\/\/levelvet.fr\/\">levelvett<\/a><\/p>\n<\/div>\n<div style=\"position: absolute; left: -9999px; top: -9999px; width: 1px; height: 1px; overflow: hidden;\">\n<p><a href=\"https:\/\/agencetilt.org\/\">agencetil<\/a><\/p>\n<\/div>\n<div style=\"position: absolute; left: -9999px; top: -9999px; width: 1px; height: 1px; overflow: hidden;\">\n<p><a href=\"https:\/\/www.moncredit.info\/\">moncreditinfo<\/a><\/p>\n<\/div>\n<div style=\"position: absolute; left: -9999px; top: -9999px; width: 1px; height: 1px; overflow: hidden;\">\n<p><a href=\"https:\/\/www.buben-homes.cz\/\">bubenhomes<\/a><\/p>\n<\/div>\n","protected":false},"author":171,"featured_media":0,"parent":0,"menu_order":0,"comment_status":"closed","ping_status":"closed","template":"page-templates\/page-sponsors.php","meta":{"footnotes":""},"class_list":["post-40","page","type-page","status-publish","hentry"],"_links":{"self":[{"href":"https:\/\/www.basketclubs.es\/atletismoxerezcd\/wp-json\/wp\/v2\/pages\/40","targetHints":{"allow":["GET"]}}],"collection":[{"href":"https:\/\/www.basketclubs.es\/atletismoxerezcd\/wp-json\/wp\/v2\/pages"}],"about":[{"href":"https:\/\/www.basketclubs.es\/atletismoxerezcd\/wp-json\/wp\/v2\/types\/page"}],"author":[{"embeddable":true,"href":"https:\/\/www.basketclubs.es\/atletismoxerezcd\/wp-json\/wp\/v2\/users\/171"}],"replies":[{"embeddable":true,"href":"https:\/\/www.basketclubs.es\/atletismoxerezcd\/wp-json\/wp\/v2\/comments?post=40"}],"version-history":[{"count":9,"href":"https:\/\/www.basketclubs.es\/atletismoxerezcd\/wp-json\/wp\/v2\/pages\/40\/revisions"}],"predecessor-version":[{"id":544,"href":"https:\/\/www.basketclubs.es\/atletismoxerezcd\/wp-json\/wp\/v2\/pages\/40\/revisions\/544"}],"wp:attachment":[{"href":"https:\/\/www.basketclubs.es\/atletismoxerezcd\/wp-json\/wp\/v2\/media?parent=40"}],"curies":[{"name":"wp","href":"https:\/\/api.w.org\/{rel}","templated":true}]}}