{"id":18,"date":"2017-05-16T21:26:31","date_gmt":"2017-05-16T19:26:31","guid":{"rendered":"https:\/\/www.basketclubs.es\/adlegamo\/?page_id=18"},"modified":"2018-11-07T21:47:46","modified_gmt":"2018-11-07T19:47:46","slug":"history","status":"publish","type":"page","link":"https:\/\/www.basketclubs.es\/adlegamo\/history\/","title":{"rendered":"Historia"},"content":{"rendered":"<p style=\"text-align: justify\">Desde 1990, fecha en que se fund\u00f3 la Agrupaci\u00f3n Deportiva L\u00e9gamo en el municipio de Legan\u00e9s, el baloncesto y la formaci\u00f3n de los m\u00e1s j\u00f3venes a trav\u00e9s de su pr\u00e1ctica, han sido los principales objetivos de esta Agrupaci\u00f3n.<\/p>\n<p style=\"text-align: justify\">Al finalizar la temporada 2005-2006 y por circunstancias personales de la directiva que hab\u00eda llevado la Agrupaci\u00f3n hasta entonces, se decide ceder toda la estructura deportiva creada hasta el momento a otro club.<\/p>\n<p style=\"text-align: justify\">En la temporada 2006-2007, ante las nuevas y excluyentes premisas y directrices impuestas por el nuevo club, un grupo de padres deciden retomar el proyecto original de la Agrupaci\u00f3n Deportiva L\u00e9gamo y apoyar de nuevo una filosof\u00eda en la que el deporte base y la formaci\u00f3n en valores sean lo primero, sin menospreciar por ello los objetivos deportivos.<\/p>\n<p style=\"text-align: justify\">Desde esa temporada, la Agrupaci\u00f3n Deportiva L\u00e9gamo, con el apoyo parcial del Ayuntamiento, con el de algunos padres que se implicaron en el proyecto desde el principio y con el de much\u00edsimos jugadores que han formado o forman parte de sus equipos no ha hecho m\u00e1s que crecer, consiguiendo consolidar una gran estructura de club y toda una manera de hacer en el mundo del baloncesto.<\/p>\n<p style=\"text-align: justify\"><a href=\"https:\/\/www.adlegamo.com\/wp-content\/uploads\/sites\/34\/2017\/05\/legamoGrupo.jpg\" data-rel=\"lightbox-image-0\" data-rl_title=\"\" data-rl_caption=\"\" title=\"\"><img loading=\"lazy\" decoding=\"async\" class=\"aligncenter wp-image-1222 size-full\" src=\"https:\/\/www.adlegamo.com\/wp-content\/uploads\/sites\/34\/2017\/05\/legamoGrupo.jpg\" alt=\"legamoGrupo\" width=\"1024\" height=\"301\" srcset=\"https:\/\/www.basketclubs.es\/adlegamo\/wp-content\/uploads\/sites\/34\/2017\/05\/legamoGrupo.jpg 1024w, https:\/\/www.basketclubs.es\/adlegamo\/wp-content\/uploads\/sites\/34\/2017\/05\/legamoGrupo-300x88.jpg 300w, https:\/\/www.basketclubs.es\/adlegamo\/wp-content\/uploads\/sites\/34\/2017\/05\/legamoGrupo-768x226.jpg 768w\" sizes=\"auto, (max-width: 1024px) 100vw, 1024px\" \/><\/a><\/p>\n<p style=\"text-align: justify\"><a href=\"https:\/\/www.adlegamo.com\/wp-content\/uploads\/sites\/34\/2017\/05\/legamo_grupo.jpg\" data-rel=\"lightbox-image-1\" data-rl_title=\"\" data-rl_caption=\"\" title=\"\"><img loading=\"lazy\" decoding=\"async\" class=\"aligncenter wp-image-1220 size-full\" src=\"https:\/\/www.adlegamo.com\/wp-content\/uploads\/sites\/34\/2017\/05\/legamo_grupo.jpg\" alt=\"legamo_grupo\" width=\"1024\" height=\"302\" srcset=\"https:\/\/www.basketclubs.es\/adlegamo\/wp-content\/uploads\/sites\/34\/2017\/05\/legamo_grupo.jpg 1024w, https:\/\/www.basketclubs.es\/adlegamo\/wp-content\/uploads\/sites\/34\/2017\/05\/legamo_grupo-300x88.jpg 300w, https:\/\/www.basketclubs.es\/adlegamo\/wp-content\/uploads\/sites\/34\/2017\/05\/legamo_grupo-768x227.jpg 768w\" sizes=\"auto, (max-width: 1024px) 100vw, 1024px\" \/><\/a><\/p>\n<p style=\"text-align: justify\"><a href=\"https:\/\/www.adlegamo.com\/wp-content\/uploads\/sites\/34\/2017\/05\/Legamo-Grupo.jpg\" data-rel=\"lightbox-image-2\" data-rl_title=\"\" data-rl_caption=\"\" title=\"\"><img loading=\"lazy\" decoding=\"async\" class=\"aligncenter wp-image-1221 size-full\" src=\"https:\/\/www.adlegamo.com\/wp-content\/uploads\/sites\/34\/2017\/05\/Legamo-Grupo.jpg\" alt=\"Legamo-Grupo\" width=\"1024\" height=\"299\" srcset=\"https:\/\/www.basketclubs.es\/adlegamo\/wp-content\/uploads\/sites\/34\/2017\/05\/Legamo-Grupo.jpg 1024w, https:\/\/www.basketclubs.es\/adlegamo\/wp-content\/uploads\/sites\/34\/2017\/05\/Legamo-Grupo-300x88.jpg 300w, https:\/\/www.basketclubs.es\/adlegamo\/wp-content\/uploads\/sites\/34\/2017\/05\/Legamo-Grupo-768x224.jpg 768w\" sizes=\"auto, (max-width: 1024px) 100vw, 1024px\" \/><\/a><\/p>\n","protected":false},"excerpt":{"rendered":"<p>Desde 1990, fecha en que se fund\u00f3 la Agrupaci\u00f3n Deportiva L\u00e9gamo en el municipio de Legan\u00e9s, el baloncesto y la formaci\u00f3n de los m\u00e1s j\u00f3venes a trav\u00e9s de su pr\u00e1ctica, han sido los principales objetivos de esta Agrupaci\u00f3n. Al finalizar la temporada 2005-2006 y por circunstancias personales de la directiva que hab\u00eda llevado la Agrupaci\u00f3n [&hellip;]<\/p>\n","protected":false},"author":35,"featured_media":0,"parent":0,"menu_order":0,"comment_status":"closed","ping_status":"closed","template":"page-templates\/page-history.php","meta":{"footnotes":""},"class_list":["post-18","page","type-page","status-publish","hentry"],"_links":{"self":[{"href":"https:\/\/www.basketclubs.es\/adlegamo\/wp-json\/wp\/v2\/pages\/18","targetHints":{"allow":["GET"]}}],"collection":[{"href":"https:\/\/www.basketclubs.es\/adlegamo\/wp-json\/wp\/v2\/pages"}],"about":[{"href":"https:\/\/www.basketclubs.es\/adlegamo\/wp-json\/wp\/v2\/types\/page"}],"author":[{"embeddable":true,"href":"https:\/\/www.basketclubs.es\/adlegamo\/wp-json\/wp\/v2\/users\/35"}],"replies":[{"embeddable":true,"href":"https:\/\/www.basketclubs.es\/adlegamo\/wp-json\/wp\/v2\/comments?post=18"}],"version-history":[{"count":8,"href":"https:\/\/www.basketclubs.es\/adlegamo\/wp-json\/wp\/v2\/pages\/18\/revisions"}],"predecessor-version":[{"id":1708,"href":"https:\/\/www.basketclubs.es\/adlegamo\/wp-json\/wp\/v2\/pages\/18\/revisions\/1708"}],"wp:attachment":[{"href":"https:\/\/www.basketclubs.es\/adlegamo\/wp-json\/wp\/v2\/media?parent=18"}],"curies":[{"name":"wp","href":"https:\/\/api.w.org\/{rel}","templated":true}]}}